{"id":89,"date":"2018-06-28T14:29:45","date_gmt":"2018-06-28T12:29:45","guid":{"rendered":"http:\/\/stadtkirche-geretsried.de\/stadtkirche\/?page_id=89"},"modified":"2023-05-25T11:12:44","modified_gmt":"2023-05-25T09:12:44","slug":"links","status":"publish","type":"page","link":"https:\/\/stadtkirche-geretsried.de\/stadtkirche\/links\/","title":{"rendered":"Links"},"content":{"rendered":"<hr \/>\n<p><a href=\"http:\/\/kiga-hlfamilie-geretsried.de\/\" target=\"_blank\" rel=\"noopener noreferrer\">Kindergarten Hl. Familie<\/a><\/p>\n<p><a href=\"https:\/\/www.caritas-nah-am-naechsten.de\/region-bad-toelz-wolfratshausen\/ueber-caritas-in-der-region\/caritas-zentren\/cont\/39972\" target=\"_blank\" rel=\"noopener noreferrer\">Caritas-Zentrum in Geretsried<\/a><\/p>\n<p><a href=\"https:\/\/www.erzbistum-muenchen.de\/\" target=\"_blank\" rel=\"noopener noreferrer\">Erzbistum M\u00fcnchen<\/a><\/p>\n<p><a href=\"https:\/\/stadtkirche-geretsried.de\/stadtkirche\/muenchner-kirchenzeitung\/\">M\u00fcnchner Kirchenzeitung<\/a><\/p>\n<p>Telefonseelsorge<br \/><a class=\"web\" title=\"\" href=\"http:\/\/www.telefonseelsorge.de\/\" target=\"_blank\" rel=\"noopener noreferrer\">www.telefonseelsorge.de<\/a><br \/>0800-1110111 oder 0800-1110222<br \/>24 Stunden t\u00e4glich &#8211; anonym, vertraulich, geb\u00fchrenfrei.<\/p>\n<p style=\"text-align: left;\">\u00a0<\/p>\n\n\n<hr class=\"wp-block-separator has-css-opacity is-style-wide\"\/>\n\n\n\n<p class=\"has-small-font-size\">Externe Links<br>Diese Webseite enth\u00e4lt sog. \u201eexterne Links\u201c (Verlinkungen) zu anderen Webseiten, auf deren Inhalt der Anbieter der Webpr\u00e4sentation keinen Einfluss hat. Aus diesem Grund kann der Anbieter f\u00fcr diese Inhalte auch keine Gew\u00e4hr \u00fcbernehmen.<br>F\u00fcr die Inhalte und Richtigkeit der bereitgestellten Informationen ist der jeweilige Anbieter der verlinkten Webseite verantwortlich. Zum Zeitpunkt der Verlinkung waren keine Rechtsverst\u00f6\u00dfe erkennbar. Bei Bekanntwerden einer solchen Rechtsverletzung wird der Link umgehend entfernt.<\/p>\n\n\n\n<p><\/p>\n","protected":false},"excerpt":{"rendered":"<p>Kindergarten Hl. Familie Caritas-Zentrum in Geretsried Erzbistum M\u00fcnchen M\u00fcnchner Kirchenzeitung Telefonseelsorgewww.telefonseelsorge.de0800-1110111 oder 0800-111022224 Stunden t\u00e4glich &#8211; anonym, vertraulich, geb\u00fchrenfrei. \u00a0<\/p>\n","protected":false},"author":1,"featured_media":0,"parent":0,"menu_order":0,"comment_status":"closed","ping_status":"closed","template":"","meta":{"colormag_page_container_layout":"default_layout","colormag_page_sidebar_layout":"default_layout","footnotes":""},"class_list":["post-89","page","type-page","status-publish","hentry"],"_links":{"self":[{"href":"https:\/\/stadtkirche-geretsried.de\/stadtkirche\/wp-json\/wp\/v2\/pages\/89","targetHints":{"allow":["GET"]}}],"collection":[{"href":"https:\/\/stadtkirche-geretsried.de\/stadtkirche\/wp-json\/wp\/v2\/pages"}],"about":[{"href":"https:\/\/stadtkirche-geretsried.de\/stadtkirche\/wp-json\/wp\/v2\/types\/page"}],"author":[{"embeddable":true,"href":"https:\/\/stadtkirche-geretsried.de\/stadtkirche\/wp-json\/wp\/v2\/users\/1"}],"replies":[{"embeddable":true,"href":"https:\/\/stadtkirche-geretsried.de\/stadtkirche\/wp-json\/wp\/v2\/comments?post=89"}],"version-history":[{"count":21,"href":"https:\/\/stadtkirche-geretsried.de\/stadtkirche\/wp-json\/wp\/v2\/pages\/89\/revisions"}],"predecessor-version":[{"id":2598,"href":"https:\/\/stadtkirche-geretsried.de\/stadtkirche\/wp-json\/wp\/v2\/pages\/89\/revisions\/2598"}],"wp:attachment":[{"href":"https:\/\/stadtkirche-geretsried.de\/stadtkirche\/wp-json\/wp\/v2\/media?parent=89"}],"curies":[{"name":"wp","href":"https:\/\/api.w.org\/{rel}","templated":true}]}}