{"id":887,"date":"2021-08-26T17:09:21","date_gmt":"2021-08-26T15:09:21","guid":{"rendered":"http:\/\/stadtkirche-geretsried.de\/stadtkirche\/?page_id=887"},"modified":"2025-10-13T16:22:09","modified_gmt":"2025-10-13T14:22:09","slug":"regelmaessige-gottesdienste","status":"publish","type":"page","link":"https:\/\/stadtkirche-geretsried.de\/stadtkirche\/regelmaessige-gottesdienste\/","title":{"rendered":"Regelm\u00e4\u00dfige Gottesdienste"},"content":{"rendered":"\n<p>! An den kirchlichen Feiertagen bitte die Termine dem aktuellen <a href=\"https:\/\/stadtkirche-geretsried.de\/stadtkirche\/aktueller-gottesdienstanzeiger\/\" data-type=\"page\" data-id=\"103\">Gottesdienstanzeiger<\/a> entnehmen ! <\/p>\n\n\n\n<figure class=\"wp-block-table is-style-stripes\"><table><tbody><tr><td><strong>Dienstag<\/strong><\/td><td>17.30 Uhr Rosenkranz, 18.00 Uhr Hl. Messe<\/td><td><strong>Kirche Maria Hilf<\/strong><\/td><\/tr><tr><td><strong>Donnerstag<\/strong><\/td><td>17.30 Rosenkranz der Gemeinde, 18.00 Uhr Hl. Messe<\/td><td><strong>Kirche Hl. Familie<\/strong><\/td><\/tr><tr><td><strong>Samstag<\/strong><\/td><td>17.30 Sterberosenkranz, 18.00 Uhr Hl. Messe<\/td><td><strong>Kirche Hl. Familie<\/strong><\/td><\/tr><tr><td><strong>Sonntag<\/strong><\/td><td>09.30 Hl. Messe<\/td><td><strong>Kirche Maria Hilf<\/strong><\/td><\/tr><tr><td><strong>Sonntag<\/strong><\/td><td>11.00 Hl. Messe<\/td><td><strong>Kirche Hl. Familie<\/strong><\/td><\/tr><\/tbody><\/table><\/figure>\n\n\n\n<p><\/p>\n\n\n\n<p><\/p>\n\n\n\n<p>Live-Gottesdienste aus dem M\u00fcnchner Dom per Video-Stream <br><br>Die Live-\u00dcbertragung kann unter&nbsp;<a rel=\"noreferrer noopener\" href=\"https:\/\/www.erzbistum-muenchen.de\/gottesdienste-veranstaltungen\/live-streams-online-radio-podcast-sprachassistent\" target=\"_blank\">www.erzbistum-muenchen.de\/stream<\/a>&nbsp;abgerufen werden. Eine reine Ton\u00fcbertragung ist zudem im M\u00fcnchner Kirchenradio \u00fcber das Digitalradio DAB+ oder unter&nbsp;<a rel=\"noreferrer noopener\" href=\"http:\/\/www.muenchner-kirchenradio.de\/\" target=\"_blank\">www.muenchner-kirchenradio.de<\/a>&nbsp;zu h\u00f6ren.<\/p>\n","protected":false},"excerpt":{"rendered":"<p>! An den kirchlichen Feiertagen bitte die Termine dem aktuellen Gottesdienstanzeiger entnehmen ! Dienstag 17.30 Uhr Rosenkranz, 18.00 Uhr Hl.<\/p>\n","protected":false},"author":1,"featured_media":0,"parent":0,"menu_order":0,"comment_status":"closed","ping_status":"closed","template":"","meta":{"colormag_page_container_layout":"default_layout","colormag_page_sidebar_layout":"default_layout","footnotes":""},"class_list":["post-887","page","type-page","status-publish","hentry"],"_links":{"self":[{"href":"https:\/\/stadtkirche-geretsried.de\/stadtkirche\/wp-json\/wp\/v2\/pages\/887","targetHints":{"allow":["GET"]}}],"collection":[{"href":"https:\/\/stadtkirche-geretsried.de\/stadtkirche\/wp-json\/wp\/v2\/pages"}],"about":[{"href":"https:\/\/stadtkirche-geretsried.de\/stadtkirche\/wp-json\/wp\/v2\/types\/page"}],"author":[{"embeddable":true,"href":"https:\/\/stadtkirche-geretsried.de\/stadtkirche\/wp-json\/wp\/v2\/users\/1"}],"replies":[{"embeddable":true,"href":"https:\/\/stadtkirche-geretsried.de\/stadtkirche\/wp-json\/wp\/v2\/comments?post=887"}],"version-history":[{"count":14,"href":"https:\/\/stadtkirche-geretsried.de\/stadtkirche\/wp-json\/wp\/v2\/pages\/887\/revisions"}],"predecessor-version":[{"id":4432,"href":"https:\/\/stadtkirche-geretsried.de\/stadtkirche\/wp-json\/wp\/v2\/pages\/887\/revisions\/4432"}],"wp:attachment":[{"href":"https:\/\/stadtkirche-geretsried.de\/stadtkirche\/wp-json\/wp\/v2\/media?parent=887"}],"curies":[{"name":"wp","href":"https:\/\/api.w.org\/{rel}","templated":true}]}}