{"id":81,"date":"2018-06-28T14:23:43","date_gmt":"2018-06-28T12:23:43","guid":{"rendered":"http:\/\/stadtkirche-geretsried.de\/stadtkirche\/?page_id=81"},"modified":"2025-06-24T15:50:47","modified_gmt":"2025-06-24T13:50:47","slug":"kontakt","status":"publish","type":"page","link":"https:\/\/stadtkirche-geretsried.de\/stadtkirche\/kontakt\/","title":{"rendered":"Kontakt"},"content":{"rendered":"\n<figure class=\"wp-block-table\"><table class=\"has-fixed-layout\"><tbody><tr><td class=\"has-text-align-left\" data-align=\"left\">R\u00f6m.-Kath. Pfarrei Heilige Familie<br>Johannisplatz 21<br>82538 Geretsried<br><br>Tel: 08171-9828-0<br>Fax: 08171-9828-28<br>E-Mail: hl-familie.gartenberg(at)ebmuc.de<br><br>B\u00fcrozeiten:<br>Montag und Freitag: 08:30 \u2013 11:30 Uhr<br>Dienstag und Donnerstag: 14:00 \u2013 16:00 Uhr<br><strong><br>In den Schulferien ist das Pfarrb\u00fcro nachmittags geschlossen!<\/strong><br><\/td><td class=\"has-text-align-left\" data-align=\"left\">R\u00f6m.-Kath. Pfarrei Maria Hilf<br>Johann-Sebastian-Bach-Str. 2<br>82538 Geretsried<br><br>Tel: 08171-31596<br>E-Mail: maria-hilf.geretsried(at)ebmuc.de<br><br>B\u00fcrozeiten:<br>Montag und Donnerstag: 08:30 \u2013 11:30 Uhr<br>Dienstag: 14:00 \u2013 16:00 Uhr<br><br><strong>In den Schulferien ist das Pfarrb\u00fcro nachmittags geschlossen!<\/strong><br><\/td><\/tr><\/tbody><\/table><\/figure>\n\n\n<hr \/>\n<p><strong>F\u00fcr Notf\u00e4lle:<\/strong><br \/>Das Pastoralteam unserer Stadtkirche Geretsried verf\u00fcgt \u00fcber eine Handy f\u00fcr Seelsorgliche Notf\u00e4lle.<br \/>\u00dcber diese Nummer k\u00f6nnen Sie jemanden vom Pastoralteam auch au\u00dferhalb der B\u00fcrozeiten und am Wochenende erreichen.<br \/>Die Nummer lautet: <strong>0151\/ 29 111 425<\/strong>.<br \/><strong><span style=\"color: #ff0000;\">Diese Nummer ist ausschlie\u00dflich f\u00fcr seelsorgliche Notf\u00e4lle gedacht<\/span><\/strong>.<br \/>In allen \u00fcbrigen Angelegenheiten bitten wir sie, sich weiterhin w\u00e4hrend der B\u00fcrozeiten an den entsprechenden Mitarbeiter oder die entsprechende Mitarbeiterin zu wenden.<\/p>","protected":false},"excerpt":{"rendered":"<p>R\u00f6m.-Kath. Pfarrei Heilige FamilieJohannisplatz 2182538 Geretsried Tel: 08171-9828-0Fax: 08171-9828-28E-Mail: hl-familie.gartenberg(at)ebmuc.de B\u00fcrozeiten:Montag und Freitag: 08:30 \u2013 11:30 UhrDienstag und Donnerstag: 14:00<\/p>\n","protected":false},"author":1,"featured_media":0,"parent":0,"menu_order":0,"comment_status":"closed","ping_status":"closed","template":"","meta":{"colormag_page_container_layout":"default_layout","colormag_page_sidebar_layout":"default_layout","footnotes":""},"class_list":["post-81","page","type-page","status-publish","hentry"],"_links":{"self":[{"href":"https:\/\/stadtkirche-geretsried.de\/stadtkirche\/wp-json\/wp\/v2\/pages\/81","targetHints":{"allow":["GET"]}}],"collection":[{"href":"https:\/\/stadtkirche-geretsried.de\/stadtkirche\/wp-json\/wp\/v2\/pages"}],"about":[{"href":"https:\/\/stadtkirche-geretsried.de\/stadtkirche\/wp-json\/wp\/v2\/types\/page"}],"author":[{"embeddable":true,"href":"https:\/\/stadtkirche-geretsried.de\/stadtkirche\/wp-json\/wp\/v2\/users\/1"}],"replies":[{"embeddable":true,"href":"https:\/\/stadtkirche-geretsried.de\/stadtkirche\/wp-json\/wp\/v2\/comments?post=81"}],"version-history":[{"count":13,"href":"https:\/\/stadtkirche-geretsried.de\/stadtkirche\/wp-json\/wp\/v2\/pages\/81\/revisions"}],"predecessor-version":[{"id":4305,"href":"https:\/\/stadtkirche-geretsried.de\/stadtkirche\/wp-json\/wp\/v2\/pages\/81\/revisions\/4305"}],"wp:attachment":[{"href":"https:\/\/stadtkirche-geretsried.de\/stadtkirche\/wp-json\/wp\/v2\/media?parent=81"}],"curies":[{"name":"wp","href":"https:\/\/api.w.org\/{rel}","templated":true}]}}