{"id":592,"date":"2020-03-21T19:18:44","date_gmt":"2020-03-21T18:18:44","guid":{"rendered":"http:\/\/stadtkirche-geretsried.de\/stadtkirche\/?page_id=592"},"modified":"2021-02-09T20:45:15","modified_gmt":"2021-02-09T19:45:15","slug":"impressum","status":"publish","type":"page","link":"https:\/\/stadtkirche-geretsried.de\/stadtkirche\/impressum\/","title":{"rendered":"Impressum"},"content":{"rendered":"\n<p>Katholische Stadtkirche Geretsried<br>82538 Geretsried, Johannisplatz 21<br>Telefon 08171\/98280<br>Telefax 08171\/982828.<br>E-Mail: hl-familie.gartenberg@ebmuc.de<\/p>\n\n\n\n<p>in der Stadtkirche Geretsried werden folgende Pfarreien gemeinsam verwaltet:<br>die Katholische Pfarrkirchenstiftung Maria Hilf und<br>die Katholische Pfarrkirchenstiftung Heilige Familie<\/p>\n\n\n\n<p>Die genannte Katholische Pfarrkirchenstiftungen sind kirchliche Stiftungen des \u00f6ffentlichen Rechts. Sie wird vertreten durch die Kirchenverwaltung gem\u00e4\u00df der Ordnung f\u00fcr kirchliche Stiftungen in den bayerischen (Erz-)Di\u00f6zesen (KiStiftO).<\/p>\n\n\n\n<p>Kirchenverwaltungsvorstand:  Pfarrer Andreas Vogelmeier (dienstliche Anschrift wie oben)<\/p>\n\n\n\n<p>Inhaltlich verantwortlich f\u00fcr diesen Internet-Auftritt: Pfarrer Andreas Vogelmeier (dienstliche Anschrift wie oben)<\/p>\n","protected":false},"excerpt":{"rendered":"<p>Katholische Stadtkirche Geretsried82538 Geretsried, Johannisplatz 21Telefon 08171\/98280Telefax 08171\/982828.E-Mail: hl-familie.gartenberg@ebmuc.de in der Stadtkirche Geretsried werden folgende Pfarreien gemeinsam verwaltet:die Katholische Pfarrkirchenstiftung<\/p>\n","protected":false},"author":1,"featured_media":0,"parent":0,"menu_order":0,"comment_status":"closed","ping_status":"closed","template":"","meta":{"colormag_page_container_layout":"default_layout","colormag_page_sidebar_layout":"default_layout","footnotes":""},"class_list":["post-592","page","type-page","status-publish","hentry"],"_links":{"self":[{"href":"https:\/\/stadtkirche-geretsried.de\/stadtkirche\/wp-json\/wp\/v2\/pages\/592","targetHints":{"allow":["GET"]}}],"collection":[{"href":"https:\/\/stadtkirche-geretsried.de\/stadtkirche\/wp-json\/wp\/v2\/pages"}],"about":[{"href":"https:\/\/stadtkirche-geretsried.de\/stadtkirche\/wp-json\/wp\/v2\/types\/page"}],"author":[{"embeddable":true,"href":"https:\/\/stadtkirche-geretsried.de\/stadtkirche\/wp-json\/wp\/v2\/users\/1"}],"replies":[{"embeddable":true,"href":"https:\/\/stadtkirche-geretsried.de\/stadtkirche\/wp-json\/wp\/v2\/comments?post=592"}],"version-history":[{"count":3,"href":"https:\/\/stadtkirche-geretsried.de\/stadtkirche\/wp-json\/wp\/v2\/pages\/592\/revisions"}],"predecessor-version":[{"id":628,"href":"https:\/\/stadtkirche-geretsried.de\/stadtkirche\/wp-json\/wp\/v2\/pages\/592\/revisions\/628"}],"wp:attachment":[{"href":"https:\/\/stadtkirche-geretsried.de\/stadtkirche\/wp-json\/wp\/v2\/media?parent=592"}],"curies":[{"name":"wp","href":"https:\/\/api.w.org\/{rel}","templated":true}]}}