{"id":49,"date":"2018-06-28T11:15:59","date_gmt":"2018-06-28T09:15:59","guid":{"rendered":"http:\/\/stadtkirche-geretsried.de\/stadtkirche\/?page_id=49"},"modified":"2026-01-20T15:47:07","modified_gmt":"2026-01-20T14:47:07","slug":"seelsorge","status":"publish","type":"page","link":"https:\/\/stadtkirche-geretsried.de\/stadtkirche\/seelsorge\/","title":{"rendered":"Was mache ich wenn&#8230;"},"content":{"rendered":"\n<p><\/p>\n\n\n\n<p><a href=\"https:\/\/stadtkirche-geretsried.de\/stadtkirche\/ich-mein-kind-taufen-will\/\" data-type=\"page\" data-id=\"1149\">\u2026 ich mein Kind Taufen will?<\/a><\/p>\n\n\n\n<p><a href=\"https:\/\/stadtkirche-geretsried.de\/stadtkirche\/mein-kind-die-erstkommunion-empfangen-soll\/\" data-type=\"page\" data-id=\"1153\">\u2026 mein Kind die Erstkommunion empfangen soll?<\/a><\/p>\n\n\n\n<p><a href=\"https:\/\/stadtkirche-geretsried.de\/stadtkirche\/mein-kind-gefirmt-werden-soll\/\" data-type=\"page\" data-id=\"1157\">\u2026mein Kind gefirmt werden soll?<\/a><\/p>\n\n\n\n<p><a href=\"https:\/\/stadtkirche-geretsried.de\/stadtkirche\/ich-heiraten-moechte\/\" data-type=\"page\" data-id=\"1162\">\u2026ich heiraten m\u00f6chte?<\/a><\/p>\n\n\n\n<p><a href=\"https:\/\/stadtkirche-geretsried.de\/stadtkirche\/ich-oder-jemand-aus-meinem-umfeld-die-krankenkommunion-krankenbesuch-oder-die-krankensalbung-empfangen-moechte\/\" data-type=\"page\" data-id=\"1165\">\u2026ich oder jemand aus meinem Umfeld die Krankenkommunion, Krankenbesuch oder die Krankensalbung empfangen m\u00f6chte?<\/a><\/p>\n\n\n\n<p><a href=\"https:\/\/stadtkirche-geretsried.de\/stadtkirche\/jemand-aus-meiner-familie-stirbt\/\" data-type=\"page\" data-id=\"1168\">\u2026jemand aus meiner Familie stirbt?<\/a><\/p>\n\n\n\n<p>\u2026<a href=\"https:\/\/stadtkirche-geretsried.de\/stadtkirche\/ich-eine-glaubenskrise-erlebe\/\" data-type=\"page\" data-id=\"1171\">ich eine Glaubenskrise erlebe?<\/a><\/p>\n\n\n\n<p><a href=\"https:\/\/stadtkirche-geretsried.de\/stadtkirche\/ich-mit-einem-seelsorger-reden-will\/\" data-type=\"page\" data-id=\"1174\">\u2026ich mit einem Seelsorger reden will?<\/a><\/p>\n\n\n\n<p><a href=\"https:\/\/stadtkirche-geretsried.de\/stadtkirche\/ich-mich-ueber-die-kirche-geaergert-habe\/\" data-type=\"page\" data-id=\"1177\">\u2026ich mich \u00fcber die Kirche ge\u00e4rgert habe?<\/a><\/p>\n\n\n\n<p><a href=\"https:\/\/stadtkirche-geretsried.de\/stadtkirche\/mir-jemand-auffaellt-der-krank-einsam-oder-hilfsbeduerftig-ist\/\" data-type=\"page\" data-id=\"1184\">\u2026mir jemand auff\u00e4llt, der krank, einsam oder hilfsbed\u00fcrftig ist?<\/a><\/p>\n\n\n\n<p>\u2026i<a href=\"https:\/\/stadtkirche-geretsried.de\/stadtkirche\/ich-in-die-katholische-kirche-wieder-eintreten-will\/\" data-type=\"page\" data-id=\"1187\">ch in die katholische Kirche (wieder) eintreten will?<\/a><\/p>\n\n\n\n<p><a href=\"https:\/\/stadtkirche-geretsried.de\/stadtkirche\/meine-ehe-zerbricht\/\" data-type=\"page\" data-id=\"1190\">\u2026meine Ehe zerbricht?<\/a><\/p>\n\n\n\n<p><a href=\"https:\/\/stadtkirche-geretsried.de\/stadtkirche\/ich-mich-engagieren-will\/\" data-type=\"page\" data-id=\"1193\">\u2026ich mich engagieren will?<\/a><\/p>\n\n\n\n<p>\u2026<a href=\"https:\/\/stadtkirche-geretsried.de\/stadtkirche\/ich-beichten-will\/\" data-type=\"page\" data-id=\"1197\">ich beichten will?<\/a><\/p>\n\n\n\n<hr class=\"wp-block-separator has-text-color has-black-color has-css-opacity has-black-background-color has-background is-style-wide\"\/>\n\n\n\n<p><a href=\"https:\/\/stadtkirche-geretsried.de\/stadtkirche\/sakramente\/\" data-type=\"page\" data-id=\"366\">&gt;Hier&lt; finden Sie Informationen zu den Sakramenten<\/a><\/p>\n\n\n\n<hr class=\"wp-block-separator has-text-color has-black-color has-css-opacity has-black-background-color has-background is-style-wide\"\/>\n\n\n<p>Das Pastoralteam unserer Stadtkirche Geretsried verf\u00fcgt ab sofort \u00fcber eine Handy f\u00fcr Seelsorgliche Notf\u00e4lle. <br data-rich-text-line-break=\"true\">\u00dcber diese Nummer k\u00f6nnen Sie jemanden vom Pastoralteam auch au\u00dferhalb der B\u00fcrozeiten und am Wochenende erreichen. <br data-rich-text-line-break=\"true\"><br data-rich-text-line-break=\"true\">Die Nummer lautet: <strong>0151\/ 29 111 425<\/strong>. <br data-rich-text-line-break=\"true\"><span style=\"color: #ff0000;\"><strong>Diese Nummer ist ausschlie\u00dflich f\u00fcr seelsorgliche Notf\u00e4lle gedacht<\/strong>.<\/span> <br data-rich-text-line-break=\"true\"><br data-rich-text-line-break=\"true\">In allen \u00fcbrigen Angelegenheiten bitten wir sie, sich weiterhin w\u00e4hrend der B\u00fcrozeiten an den entsprechenden Mitarbeiter oder die entsprechende Mitarbeiterin zu wenden.<\/p>","protected":false},"excerpt":{"rendered":"<p>\u2026 ich mein Kind Taufen will? \u2026 mein Kind die Erstkommunion empfangen soll? \u2026mein Kind gefirmt werden soll? \u2026ich heiraten<\/p>\n","protected":false},"author":1,"featured_media":0,"parent":0,"menu_order":0,"comment_status":"closed","ping_status":"closed","template":"","meta":{"colormag_page_container_layout":"default_layout","colormag_page_sidebar_layout":"default_layout","footnotes":""},"class_list":["post-49","page","type-page","status-publish","hentry"],"_links":{"self":[{"href":"https:\/\/stadtkirche-geretsried.de\/stadtkirche\/wp-json\/wp\/v2\/pages\/49","targetHints":{"allow":["GET"]}}],"collection":[{"href":"https:\/\/stadtkirche-geretsried.de\/stadtkirche\/wp-json\/wp\/v2\/pages"}],"about":[{"href":"https:\/\/stadtkirche-geretsried.de\/stadtkirche\/wp-json\/wp\/v2\/types\/page"}],"author":[{"embeddable":true,"href":"https:\/\/stadtkirche-geretsried.de\/stadtkirche\/wp-json\/wp\/v2\/users\/1"}],"replies":[{"embeddable":true,"href":"https:\/\/stadtkirche-geretsried.de\/stadtkirche\/wp-json\/wp\/v2\/comments?post=49"}],"version-history":[{"count":60,"href":"https:\/\/stadtkirche-geretsried.de\/stadtkirche\/wp-json\/wp\/v2\/pages\/49\/revisions"}],"predecessor-version":[{"id":4707,"href":"https:\/\/stadtkirche-geretsried.de\/stadtkirche\/wp-json\/wp\/v2\/pages\/49\/revisions\/4707"}],"wp:attachment":[{"href":"https:\/\/stadtkirche-geretsried.de\/stadtkirche\/wp-json\/wp\/v2\/media?parent=49"}],"curies":[{"name":"wp","href":"https:\/\/api.w.org\/{rel}","templated":true}]}}