{"id":386,"date":"2018-07-11T20:12:00","date_gmt":"2018-07-11T18:12:00","guid":{"rendered":"http:\/\/stadtkirche-geretsried.de\/stadtkirche\/?page_id=386"},"modified":"2022-11-21T14:40:11","modified_gmt":"2022-11-21T13:40:11","slug":"pfarreien","status":"publish","type":"page","link":"https:\/\/stadtkirche-geretsried.de\/stadtkirche\/pfarreien\/","title":{"rendered":"Unsere Kirchen"},"content":{"rendered":"\n<p class=\"has-text-align-center\">Zur Stadtkirche Geretsried geh\u00f6ren:      Kirche Hl. Familie, Kirche Maria Hilf und die Nikolauskapelle<br><\/p>\n\n\n\n<div class=\"wp-block-group is-layout-flow wp-block-group-is-layout-flow\">\n<div class=\"wp-block-columns is-layout-flex wp-container-core-columns-is-layout-28f84493 wp-block-columns-is-layout-flex\">\n<div class=\"wp-block-column is-layout-flow wp-block-column-is-layout-flow\" style=\"flex-basis:100%\">\n<div class=\"wp-block-group is-layout-flow wp-block-group-is-layout-flow\">\n<figure class=\"wp-block-table aligncenter is-style-stripes\"><table><tbody><tr><td class=\"has-text-align-center\" data-align=\"center\"><a href=\"https:\/\/stadtkirche-geretsried.de\/HeiligeFamilie\"><img decoding=\"async\" src=\"https:\/\/stadtkirche-geretsried.de\/stadtkirche\/wp-content\/uploads\/2021\/08\/kirche-aussen-1-300x225.jpg\" style=\"width: 180px;\"><\/a><br><a href=\"https:\/\/stadtkirche-geretsried.de\/HeiligeFamilie\" data-type=\"URL\" data-id=\"https:\/\/stadtkirche-geretsried.de\/HeiligeFamilie\">Kirche Hl. Familie<\/a><\/td><td class=\"has-text-align-center\" data-align=\"center\"><a href=\"https:\/\/stadtkirche-geretsried.de\/MariaHilf\/\"><img decoding=\"async\" src=\"https:\/\/stadtkirche-geretsried.de\/stadtkirche\/wp-content\/uploads\/2021\/08\/Kirche-Maria-Hilf-2-web-300x225.jpg\" style=\"width: 180px;\"><\/a><br><a href=\"https:\/\/stadtkirche-geretsried.de\/MariaHilf\/\" data-type=\"URL\" data-id=\"https:\/\/stadtkirche-geretsried.de\/MariaHilf\/\">Kirche Maria Hilf<\/a><\/td><td class=\"has-text-align-center\" data-align=\"center\"><a href=\"https:\/\/stadtkirche-geretsried.de\/nk\"><img decoding=\"async\" src=\"https:\/\/stadtkirche-geretsried.de\/stadtkirche\/wp-content\/uploads\/2021\/08\/3-644x645.jpg\" style=\"width: 140px;\"><\/a><br><a href=\"https:\/\/stadtkirche-geretsried.de\/nk\" data-type=\"URL\" data-id=\"https:\/\/stadtkirche-geretsried.de\/nk\">Nikolauskapelle<\/a><\/td><\/tr><\/tbody><\/table><\/figure>\n\n\n\n<hr class=\"wp-block-separator has-text-color has-black-color has-css-opacity has-black-background-color has-background is-style-wide\"\/>\n\n\n\n<p class=\"has-text-align-center has-medium-font-size\">Unsere Geschichte<\/p>\n\n\n\n<figure class=\"wp-block-table aligncenter is-style-stripes\"><table><tbody><tr><td><img decoding=\"async\" src=\"https:\/\/stadtkirche-geretsried.de\/stadtkirche\/wp-content\/uploads\/2019\/02\/1.jpg\" alt=\"\" style=\"width: 250px;\"><\/td><td><\/td><td><img loading=\"lazy\" decoding=\"async\" width=\"255\" height=\"148\" class=\"wp-image-2217\" style=\"width: 255px;\" src=\"https:\/\/stadtkirche-geretsried.de\/stadtkirche\/wp-content\/uploads\/2022\/11\/Notkirche-Maria-Hilf.jpg\" alt=\"\" srcset=\"https:\/\/stadtkirche-geretsried.de\/stadtkirche\/wp-content\/uploads\/2022\/11\/Notkirche-Maria-Hilf.jpg 450w, https:\/\/stadtkirche-geretsried.de\/stadtkirche\/wp-content\/uploads\/2022\/11\/Notkirche-Maria-Hilf-300x174.jpg 300w\" sizes=\"auto, (max-width: 255px) 100vw, 255px\" \/><\/td><\/tr><\/tbody><\/table><figcaption class=\"wp-element-caption\">Die beiden Bilder zeigen die ersten katholischen Kirchen in Geretsried.<\/figcaption><\/figure>\n<\/div>\n\n\n\n<p>Beide Gottesh\u00e4user entstanden in den&nbsp;Jahren 1950 und 1951 aus Bunkern der Munitionsfabriken. Ebenso war die erste evangelische Kirche ein umgebauter Bunker. Auf dem Gebiet der beiden Fabriken war am 1. April 1950 die Gemeinde Geretsried gegr\u00fcndet worden. Nahezu&nbsp;alle waren Vertriebene, die nach dem Kriegsende nach Geretsried gekommen waren und in den ehemaligen umgebauten Geb\u00e4uden der Munitionsfabriken und rasch errichteten Neubauten eine neue Bleibe gefunden hatten. Gemeinsam wurde das Gemeinwesen und auch das kirchliche Leben aufgebaut. Bis 1964 war die \u201eHl. Familie\u201c und \u201eMaria Hilf\u201c eine gemeinsame Pfarrgemeinde.<\/p>\n<p>Nach dem Umbau einer Werkhalle wurde am 17. September 1950 die&nbsp;<strong>Kirc<\/strong><strong>he Maria Hilf<\/strong>&nbsp;durch Weihbischof Anton Scharnagl eingeweiht. Das Geb\u00e4ude erhielt Ende der F\u00fcnfzigerjahre ein Dach. Gleichzeitig wurde ein Pfarrhaus errichtet.<\/p>\n<p>Westlich des Pfarrhauses wurde die heutige Kirche Maria Hilf gebaut, die im September 1964 durch Weihbischof Johannes Neuh\u00e4usler geweiht wurde. Die evangelische Kirchengemeinde nutzte anschlie\u00dfend bis zum Bau der Vers\u00f6hnungskirche mehrere Jahre das Geb\u00e4ude f\u00fcr Sonntagsgottesdienste. Heute steht an der Stelle der Bunkerkirche das Pfarrheim der Pfarrei Maria Hilf (Ecke Richard-Wagner-Stra\u00dfe \/Johann-Sebastian-Bach-Stra\u00dfe)<\/p>\n<p>Der Umbau einer Werkhalle zur&nbsp;<strong>Kirche Heilige Familie<\/strong>&nbsp;begann im Oktober 1950. Am 7. Januar 1951 wurde die Kirche durch Weihbischof Johannes Neuh\u00e4usler geweiht.<\/p>\n<p>Sp\u00e4ter wurde ein Dachstuhl aufgesetzt. Nach dem Umzug in die neue Kirche an den Johannisplatz im Dezember 1973 wurde das Geb\u00e4ude am Kirchplatz abgerissen. Dort steht heute ein Wohnhaus.<\/p>\n<p>Gem\u00e4\u00df dem Dekret vom 20. Oktober 2015 wurde durch Weihbischof Bischof in einem feierlichen Pontifikalgottesdienst am 06. Dezember 2015&nbsp; aus beiden Pfarreien ein Pfarrverband \u201eStadtkirche Geretsried\u201c errichtet.<\/p>\n<hr>\n<p style=\"text-align: right;\"><\/p>\n<\/div>\n<\/div>\n<\/div>\n","protected":false},"excerpt":{"rendered":"<p>Zur Stadtkirche Geretsried geh\u00f6ren: Kirche Hl. Familie, Kirche Maria Hilf und die Nikolauskapelle Kirche Hl. Familie Kirche Maria Hilf Nikolauskapelle<\/p>\n","protected":false},"author":1,"featured_media":0,"parent":0,"menu_order":0,"comment_status":"closed","ping_status":"closed","template":"","meta":{"colormag_page_container_layout":"default_layout","colormag_page_sidebar_layout":"default_layout","footnotes":""},"class_list":["post-386","page","type-page","status-publish","hentry"],"_links":{"self":[{"href":"https:\/\/stadtkirche-geretsried.de\/stadtkirche\/wp-json\/wp\/v2\/pages\/386","targetHints":{"allow":["GET"]}}],"collection":[{"href":"https:\/\/stadtkirche-geretsried.de\/stadtkirche\/wp-json\/wp\/v2\/pages"}],"about":[{"href":"https:\/\/stadtkirche-geretsried.de\/stadtkirche\/wp-json\/wp\/v2\/types\/page"}],"author":[{"embeddable":true,"href":"https:\/\/stadtkirche-geretsried.de\/stadtkirche\/wp-json\/wp\/v2\/users\/1"}],"replies":[{"embeddable":true,"href":"https:\/\/stadtkirche-geretsried.de\/stadtkirche\/wp-json\/wp\/v2\/comments?post=386"}],"version-history":[{"count":35,"href":"https:\/\/stadtkirche-geretsried.de\/stadtkirche\/wp-json\/wp\/v2\/pages\/386\/revisions"}],"predecessor-version":[{"id":2218,"href":"https:\/\/stadtkirche-geretsried.de\/stadtkirche\/wp-json\/wp\/v2\/pages\/386\/revisions\/2218"}],"wp:attachment":[{"href":"https:\/\/stadtkirche-geretsried.de\/stadtkirche\/wp-json\/wp\/v2\/media?parent=386"}],"curies":[{"name":"wp","href":"https:\/\/api.w.org\/{rel}","templated":true}]}}