{"id":27,"date":"2018-06-28T10:44:49","date_gmt":"2018-06-28T08:44:49","guid":{"rendered":"http:\/\/stadtkirche-geretsried.de\/stadtkirche\/?page_id=27"},"modified":"2025-11-27T14:57:42","modified_gmt":"2025-11-27T13:57:42","slug":"ueber-uns","status":"publish","type":"page","link":"https:\/\/stadtkirche-geretsried.de\/stadtkirche\/ueber-uns\/","title":{"rendered":"\u00dcber uns"},"content":{"rendered":"<p><img loading=\"lazy\" decoding=\"async\" class=\" wp-image-651 alignleft\" src=\"https:\/\/stadtkirche-geretsried.de\/stadtkirche\/wp-content\/uploads\/2021\/02\/AndreasVogelmeier_HP-277x300.jpg\" alt=\"\" width=\"204\" height=\"221\" srcset=\"https:\/\/stadtkirche-geretsried.de\/stadtkirche\/wp-content\/uploads\/2021\/02\/AndreasVogelmeier_HP-277x300.jpg 277w, https:\/\/stadtkirche-geretsried.de\/stadtkirche\/wp-content\/uploads\/2021\/02\/AndreasVogelmeier_HP.jpg 354w\" sizes=\"auto, (max-width: 204px) 100vw, 204px\" \/>Liebe Pfarrangeh\u00f6rige der Stadtkirche Geretsried, liebe Besucherinnen und Besucher unserer Homepage,<br \/>\nich begr\u00fc\u00dfe Sie sehr herzlich, auch im Namen des Pastoralteams und aller Mitarbeiterinnen und Mitarbeiter der Stadtkirche Geretsried auf unserer Homepage. \u201eEinfach anders\u201c \u2013 so lautet das Motto der Stadt Geretsried. Das k\u00f6nnte man in gewisser Weise auch von unserer Stadtkirche sagen und ebenso von der Art und Weise wie wir als Christen in der heutigen Zeit leben. Gegr\u00fcndet wurde unser Pfarrverband am 6. Dezember 2015 und besteht aus den beiden Pfarrgemeinden Heilige Familie und Maria Hilf. Auf dieser Seite k\u00f6nnen Sie einen Einblick in unsere vielf\u00e4ltigen Angebote nehmen und unsere unterschiedlichen Gruppen kennen lernen. Vielleicht ist ja auch etwas f\u00fcr Sie dabei? Sie w\u00e4ren jedenfalls herzlich willkommen! Dar\u00fcber hinaus laden wir Sie auch ein, unseren christlichen Glauben n\u00e4her kennen zu lernen. Als Christen sind wir einfach anders unterwegs, weil wir versuchen, aus der Hoffnung heraus zu leben, dass Gott unser Leben tr\u00e4gt und begleitet. Deswegen sind wir nicht gleich bessere Menschen, aber auf jeden Fall besser dran, weil wir eine Perspektive \u00fcber das Hier und Jetzt hinaus haben. Wir leben aus dem Glauben heraus, dass wir nicht alles aus eigener Kraft heraus meistern m\u00fcssen, sondern dass Gott an unserer Seite steht und all unsere Wege mitgeht, auch die Umwege, die wir auf unserem Lebensweg hin und wieder nehmen. Falls Sie Interesse haben, mehr davon zu erfahren, wie wir glauben und leben, sprechen Sie uns gerne an. Wir freuen uns Ihnen pers\u00f6nlich zu begegnen und von uns zu erz\u00e4hlen.<\/p>\n<p>Pfarrer Andreas Vogelmeier<\/p>\n<hr \/>\n\n\n<p class=\"has-large-font-size\"><\/p>\n\n\n\n<h2 class=\"wp-block-heading has-large-font-size\"><strong>Pastoralkonzept der Stadtkirche Geretsried (Stand 14.08.2025)<\/strong><\/h2>\n\n\n\n<h1 class=\"wp-block-heading has-large-font-size\"><a>Definition \u201ePastoralkonzept\u201c:<\/a><\/h1>\n\n\n\n<p>Das Pastoralkonzept bietet eine Schwerpunktsetzung f\u00fcr die k\u00fcnftige Entwicklung der Stadtkirche. Es soll Orientierung geben und uns helfen, die richtigen Priorit\u00e4ten zu setzen.<\/p>\n\n\n\n<p><\/p>\n\n\n\n<h1 class=\"wp-block-heading has-large-font-size\"><a>1) Biblische Grundlage<\/a><\/h1>\n\n\n\n<p>Das Pastoralkonzept der Stadtkirche Geretsried wurde in zwei Etappen erarbeitet. Grundlage war jeweils eine Bibelstelle: 2017 \u201eSuchet, dann werdet ihr finden\u201c (Lk 11,9) und 2022 die Frau am Jakobsbrunnen (Joh 4,1ff), die f\u00fcr uns inhaltlich zusammengeh\u00f6ren:<\/p>\n\n\n\n<p>Kirche ist keine \u201egeschlossene Gesellschaft\u201c mit nur einer und unumst\u00f6\u00dflichen Antwort auf die Fragen, die heute Menschen \u2013 jung und alt \u2013 stellen. Es geht immer neu ums Suchen und auch ums Finden. Die Frau vom Jakobsbrunnen ist eine Samariterin, und damit nicht Teil der j\u00fcdisch-christlichen Gemeinschaft. Dennoch geht Jesus offen auf sie zu. Diese Offenheit ist uns wichtig.<\/p>\n\n\n\n<p>Unser Ziel ist, die Stadtkirche nahe an den Menschen in Geretsried lebendig werden zu lassen. Wir wollen offen sein f\u00fcr alle, die Orientierung suchen oder auch zweifeln, die Sehnsucht haben nach dem Leben. Gleichzeitig wollen wir allen eine \u201eGlaubensheimat\u201c geben, die sich den beiden Pfarreien verbunden f\u00fchlen, die die sogenannte \u201eKerngemeinde\u201c bilden, sich engagieren und das Gemeindeleben gestalten und mittragen.<\/p>\n\n\n\n<p>Unser Ziel ist es aber auch, auf zuk\u00fcnftige Herausforderungen vorbereitet zu sein. Wir wollen offen sein f\u00fcr gesellschaftliche Ver\u00e4nderungen, mit denen wir konfrontiert werden und die jeden von uns immer neu herausfordern, sei es durch Erwachsen- und \u00c4lterwerden, in famili\u00e4ren oder beruflichen Kontexten, in \u201eFreud und Leid\u201c des Lebens. Hier ist die Erfahrung von Gemeinschaft von Bedeutung.<\/p>\n\n\n\n<p>Unsere Pastoral \u2013 also unsere Seelsorge \u2013 soll zum gelingenden Leben beitragen. Es geht hierbei um Begleitung, um das \u201eDa-sein\u201c, um den Glauben, der unsere Kraftquelle ist. Glaube ist damit letztlich der Mut zum Leben.<\/p>\n\n\n\n<p><\/p>\n\n\n\n<h1 class=\"wp-block-heading has-x-large-font-size\"><a>2) Unser Weg zum Pastoralkonzept<\/a><\/h1>\n\n\n\n<p>Am <strong>Einkehrtag<\/strong> am 22.10.2022 hat sich der neugew\u00e4hlte Stadtkirchenrat (SKR) auf den Weg gemacht. Dabei wurde sowohl wahrgenommen, was uns im Blick auf den <strong>Sozialraum<\/strong> der Stadtkirche auff\u00e4llt, als auch, wo unsere eigenen <strong>Charismen und Ressourcen<\/strong> liegen. In einer Zukunftswerkstatt wurde ein Blick in die Zukunft gewagt \u2013 erstmal ohne Grenzen des M\u00f6glichen zu denken. Dabei wurden unsere Grundanliegen klar und es wurden erste <strong>\u201eSchnellboote\u201c<\/strong> geplant, um auch wirklich ins Handeln zu kommen. In einem weiteren Schritt wurde bedacht, wie dieses Pastoralkonzept den Gl\u00e4ubigen und Suchenden n\u00e4hergebracht werden kann.<\/p>\n\n\n\n<p>Das Pastoralkonzept ist absichtlich kurzgehalten, sodass es nicht in der Schublade liegt, sondern wirklich gelesen wird. Im Anhang k\u00f6nnen die aktuellen Unterlagen nachgelesen werden. (Sozialraumanalyse, Liturgischer Wochenplan, aktueller Kalender, Gruppierungen, etc\u2026)<\/p>\n\n\n\n<p><\/p>\n\n\n\n<h1 class=\"wp-block-heading has-large-font-size\"><a>3) Sozialraum und Trends wahrnehmen<\/a><\/h1>\n\n\n\n<p>In den Sinus-Milieustudien und auch in unseren Beobachtungen lassen sich folgende Dinge wahrnehmen:<\/p>\n\n\n\n<ul class=\"wp-block-list\">\n<li>Bereitschaft der Menschen, sich projektbezogen zu engagieren, aber nicht mehr langfristig<\/li>\n\n\n\n<li>Sinkende Bedeutung der Kirche im Alltag der Menschen<\/li>\n\n\n\n<li>Starke Konkurrenz durch Freizeitangebote, Soziale Medien, lange Schul- und Hort Tage,&nbsp;<\/li>\n\n\n\n<li>Bed\u00fcrfnis nach Heimat und Zugeh\u00f6rigkeit wird erg\u00e4nzt durch eine Freude am Experimentieren<\/li>\n\n\n\n<li>\u00c4sthetik, Transparenz und Professionalit\u00e4t spielen eine immer gr\u00f6\u00dfere Rolle<\/li>\n<\/ul>\n\n\n\n<p>Die Stadt Geretsried \u2013 und damit auch die Stadtkirche &#8211; steht unter dem Motto \u201eGeretsried \u2013 einfach anders\u201c. Das zeigt sich in unterschiedlichsten Nationalit\u00e4ten, Traditionen und kulturellen Pr\u00e4gungen (Landsmannschaften, Heimatvertriebe, Arbeitsmigration) und in den verschiedenen Wohnsituationen.<\/p>\n\n\n\n<p>Wir wollen die unterschiedlichen Menschen mit ihren eigenen Themen und Anliegen in den Blick nehmen, im Bewusstsein, dass die Unterschiedlichkeiten nicht nur Herausforderungen sind, sondern auch Ressourcen.<\/p>\n\n\n\n<p><\/p>\n\n\n\n<h1 class=\"wp-block-heading has-large-font-size\"><a>4) Charismen und Ressourcen der Stadtkirche<\/a><\/h1>\n\n\n\n<p>Sowohl unsere beiden Pfarreien mit ihren Unterschieden als auch die Kindertagesst\u00e4tte sehen wir als Ressourcen an. Die unterschiedlichen Kirchenr\u00e4ume (Heilige Familie, Maria Hilf, Nikolauskapelle) werden in unserem Gottesdienstkonzept bereits in ihrer Verschiedenheit genutzt. (Taiz\u00e9, \u201eEinfach.anders\u201c, Thomasmesse, Jugendmette und normale Christmette, Adventsmomente, Maiandacht\u2026). Zum Gelingen tr\u00e4gt auch die musikalische Vielfalt bei.<\/p>\n\n\n\n<p>Unsere beiden Pfarrzentren geben den unterschiedlichen Gruppierungen Heimat und erm\u00f6glichen ein lebendiges Gemeindeleben. (Gruppierungen siehe Anhang)<\/p>\n\n\n\n<p>Im weiteren Sinne geh\u00f6ren zu unseren Ressourcen auch die Kontakte zu unseren Kooperationspartner: zur Stadt, zur evangelischen Gemeinde und anderen Religionsgemeinschaften, zu Schulen und Kinderg\u00e4rten, zu Seniorenheimen und psychosozialen Einrichtungen, zur Caritas, zum Kreisbildungswerk, zum Quartiersbeirat, zum Partnerschaftskomitee, zur Feuerwehr und der katholischen Jugendstelle und anderen Einrichtungen und Gruppierungen.<\/p>\n\n\n\n<p><\/p>\n\n\n\n<h1 class=\"wp-block-heading has-large-font-size\"><a>5) Das ist uns wichtig<\/a><\/h1>\n\n\n\n<ul class=\"wp-block-list\">\n<li>Aufsuchende Pastoral<\/li>\n\n\n\n<li>Liturgische Vielfalt und Qualit\u00e4t<\/li>\n\n\n\n<li>Musikalische Vielfalt und Qualit\u00e4t<\/li>\n\n\n\n<li>Unterst\u00fctzung von Bed\u00fcrftigen, Inklusionsarbeit und das St\u00e4rken des Sozialkreises<\/li>\n\n\n\n<li>Angebote f\u00fcr Menschen in jedem Lebensalter<\/li>\n\n\n\n<li>Offenheit, (z.B. f\u00fcr verschiedenste Spiritualit\u00e4ten)<\/li>\n\n\n\n<li>R\u00e4ume f\u00fcr Begegnung anbieten<\/li>\n\n\n\n<li>Kirche drau\u00dfen erlebbar machen (z.B. Beteilung am Begegnungsfest am Johannisplatz)<\/li>\n\n\n\n<li><\/li>\n<\/ul>\n\n\n\n<p>Willkommens- und Wohlf\u00fchlkultur<\/p>\n\n\n\n<ul class=\"wp-block-list\">\n<li>Vernetzung<\/li>\n\n\n\n<li>Information und Transparenz und Professionalit\u00e4t<\/li>\n\n\n\n<li>Qualit\u00e4t statt Quantit\u00e4t<\/li>\n<\/ul>\n\n\n\n<p><\/p>\n\n\n\n<h1 class=\"wp-block-heading has-large-font-size\"><a>6) Begonnene Projekte<\/a><\/h1>\n\n\n\n<p>Bei unseren Projekten ist uns eine Erprobungsphase wichtig. Gegebenenfalls werden Projekte nachjustiert oder bei Bedarf auf gute Weise verabschiedet. Auch neue Initiativen sind willkommen.<\/p>\n\n\n\n<p>In j\u00fcngster Zeit vom SKR begonnene Projekte:<\/p>\n\n\n\n<ul class=\"wp-block-list\">\n<li>Ankommen und Bleiben<\/li>\n\n\n\n<li>Zeit f\u00fcr Gott und mich<\/li>\n\n\n\n<li>Runder Tisch der Gruppierungen (um Synergieeffekte zu nutzen)<\/li>\n\n\n\n<li>Neuzugezogene in den Blick nehmen<\/li>\n\n\n\n<li>Team \u201e\u00d6ffentlichkeitsarbeit\u201c<\/li>\n\n\n\n<li>Seelsorgebank<\/li>\n<\/ul>\n\n\n\n<p><\/p>\n\n\n\n<h1 class=\"wp-block-heading has-large-font-size\"><a>7) Ausblick<\/a><\/h1>\n\n\n\n<ul class=\"wp-block-list\">\n<li>Das Pastoralkonzept wird beim 10-j\u00e4hrigen Jubil\u00e4um der Stadtkirche Geretsried 2025 erstmals der \u00d6ffentlichkeit vorgestellt.<\/li>\n\n\n\n<li>Aufgabe eines jeden neuen Stadtkirchenrates ist es, das Pastoralkonzept zu aktualisieren und fortzuschreiben.<\/li>\n\n\n\n<li>Alle sind eingeladen, sich zu beteiligen.<\/li>\n<\/ul>\n\n\n\n<p><em><br><\/em><\/p>\n\n\n\n\n\n<div class=\"wp-block-file\"><a id=\"wp-block-file--media-e635484b-9c01-4a54-ae5a-d1a9e611376d\" href=\"https:\/\/stadtkirche-geretsried.de\/stadtkirche\/wp-content\/uploads\/2025\/11\/Pastoralkonzept-Heft.pdf\">Pastoralkonzept Heft zum<\/a><a href=\"https:\/\/stadtkirche-geretsried.de\/stadtkirche\/wp-content\/uploads\/2025\/11\/Pastoralkonzept-Heft.pdf\" class=\"wp-block-file__button wp-element-button\" download aria-describedby=\"wp-block-file--media-e635484b-9c01-4a54-ae5a-d1a9e611376d\">Herunterladen<\/a><\/div>\n\n\n\n<p><\/p>\n","protected":false},"excerpt":{"rendered":"<p>Liebe Pfarrangeh\u00f6rige der Stadtkirche Geretsried, liebe Besucherinnen und Besucher unserer Homepage, ich begr\u00fc\u00dfe Sie sehr herzlich, auch im Namen des<\/p>\n","protected":false},"author":1,"featured_media":0,"parent":0,"menu_order":0,"comment_status":"closed","ping_status":"closed","template":"","meta":{"colormag_page_container_layout":"default_layout","colormag_page_sidebar_layout":"default_layout","footnotes":""},"class_list":["post-27","page","type-page","status-publish","hentry"],"_links":{"self":[{"href":"https:\/\/stadtkirche-geretsried.de\/stadtkirche\/wp-json\/wp\/v2\/pages\/27","targetHints":{"allow":["GET"]}}],"collection":[{"href":"https:\/\/stadtkirche-geretsried.de\/stadtkirche\/wp-json\/wp\/v2\/pages"}],"about":[{"href":"https:\/\/stadtkirche-geretsried.de\/stadtkirche\/wp-json\/wp\/v2\/types\/page"}],"author":[{"embeddable":true,"href":"https:\/\/stadtkirche-geretsried.de\/stadtkirche\/wp-json\/wp\/v2\/users\/1"}],"replies":[{"embeddable":true,"href":"https:\/\/stadtkirche-geretsried.de\/stadtkirche\/wp-json\/wp\/v2\/comments?post=27"}],"version-history":[{"count":18,"href":"https:\/\/stadtkirche-geretsried.de\/stadtkirche\/wp-json\/wp\/v2\/pages\/27\/revisions"}],"predecessor-version":[{"id":4594,"href":"https:\/\/stadtkirche-geretsried.de\/stadtkirche\/wp-json\/wp\/v2\/pages\/27\/revisions\/4594"}],"wp:attachment":[{"href":"https:\/\/stadtkirche-geretsried.de\/stadtkirche\/wp-json\/wp\/v2\/media?parent=27"}],"curies":[{"name":"wp","href":"https:\/\/api.w.org\/{rel}","templated":true}]}}