{"id":2055,"date":"2022-10-10T09:30:32","date_gmt":"2022-10-10T07:30:32","guid":{"rendered":"https:\/\/stadtkirche-geretsried.de\/stadtkirche\/?page_id=2055"},"modified":"2025-06-20T10:41:54","modified_gmt":"2025-06-20T08:41:54","slug":"aus-dem-leben-der-gemeinde","status":"publish","type":"page","link":"https:\/\/stadtkirche-geretsried.de\/stadtkirche\/aus-dem-leben-der-gemeinde\/","title":{"rendered":"Aus dem Leben der Gemeinde"},"content":{"rendered":"\n<p><a href=\"https:\/\/stadtkirche-geretsried.de\/stadtkirche\/firmung-am-6-juni-2025\/\">Firmung am 6. Juni 2025<\/a><\/p>\n\n\n\n<p><a href=\"https:\/\/stadtkirche-geretsried.de\/stadtkirche\/30-jaehriges-dienstjubilaeum-als-mesner-und-hausmeister\/\">30-j\u00e4hriges Dienstjubil\u00e4um Siegmund Wodniok<\/a><\/p>\n\n\n\n<p><a href=\"https:\/\/stadtkirche-geretsried.de\/stadtkirche\/gallery\/erntedank-in-der-kirche-maria-hilf\/\" data-type=\"robo_gallery_table\" data-id=\"3043\">Erntedank in der Kirche Maria Hilf<\/a><\/p>\n\n\n\n<p><a href=\"https:\/\/stadtkirche-geretsried.de\/stadtkirche\/300-jaehriges-jubilaeum-der-nikolauskapelle\/\" data-type=\"page\" data-id=\"2105\">Kinder-Mitmach-Gottesdienst<\/a><\/p>\n\n\n\n<p><a href=\"https:\/\/stadtkirche-geretsried.de\/stadtkirche\/60-jaehriges-jubilaeum-der-kirche-maria-hilf\/\" data-type=\"page\" data-id=\"3664\">60-j\u00e4hriges Jubil\u00e4um der Kirche Maria Hilf<\/a><\/p>\n\n\n\n<p><a href=\"https:\/\/stadtkirche-geretsried.de\/stadtkirche\/seniorenfasching\/\" data-type=\"page\" data-id=\"2541\">\u00d6kumenischer Gottesdienst<\/a><\/p>\n\n\n\n<p><a href=\"https:\/\/stadtkirche-geretsried.de\/stadtkirche\/stadtkirche-zeigt-praesenz-beim-festzug\/\" data-type=\"page\" data-id=\"3532\">Stadtkirche zeigt Pr\u00e4senz beim Festzug<\/a><\/p>\n\n\n\n<p><a href=\"https:\/\/stadtkirche-geretsried.de\/stadtkirche\/gallery\/neue-pfarrsekretaerin-wird-begruesst\/\" data-type=\"robo_gallery_table\" data-id=\"2522\">Stadtkirchenausflug nach Bad Reichenhall<\/a><\/p>\n\n\n\n<p><\/p>\n\n\n\n<p><\/p>\n","protected":false},"excerpt":{"rendered":"<p>Firmung am 6. Juni 2025 30-j\u00e4hriges Dienstjubil\u00e4um Siegmund Wodniok Erntedank in der Kirche Maria Hilf Kinder-Mitmach-Gottesdienst 60-j\u00e4hriges Jubil\u00e4um der Kirche<\/p>\n","protected":false},"author":1,"featured_media":0,"parent":0,"menu_order":0,"comment_status":"closed","ping_status":"closed","template":"","meta":{"colormag_page_container_layout":"default_layout","colormag_page_sidebar_layout":"default_layout","footnotes":""},"class_list":["post-2055","page","type-page","status-publish","hentry"],"_links":{"self":[{"href":"https:\/\/stadtkirche-geretsried.de\/stadtkirche\/wp-json\/wp\/v2\/pages\/2055","targetHints":{"allow":["GET"]}}],"collection":[{"href":"https:\/\/stadtkirche-geretsried.de\/stadtkirche\/wp-json\/wp\/v2\/pages"}],"about":[{"href":"https:\/\/stadtkirche-geretsried.de\/stadtkirche\/wp-json\/wp\/v2\/types\/page"}],"author":[{"embeddable":true,"href":"https:\/\/stadtkirche-geretsried.de\/stadtkirche\/wp-json\/wp\/v2\/users\/1"}],"replies":[{"embeddable":true,"href":"https:\/\/stadtkirche-geretsried.de\/stadtkirche\/wp-json\/wp\/v2\/comments?post=2055"}],"version-history":[{"count":42,"href":"https:\/\/stadtkirche-geretsried.de\/stadtkirche\/wp-json\/wp\/v2\/pages\/2055\/revisions"}],"predecessor-version":[{"id":4303,"href":"https:\/\/stadtkirche-geretsried.de\/stadtkirche\/wp-json\/wp\/v2\/pages\/2055\/revisions\/4303"}],"wp:attachment":[{"href":"https:\/\/stadtkirche-geretsried.de\/stadtkirche\/wp-json\/wp\/v2\/media?parent=2055"}],"curies":[{"name":"wp","href":"https:\/\/api.w.org\/{rel}","templated":true}]}}