{"id":168,"date":"2018-06-28T17:28:08","date_gmt":"2018-06-28T15:28:08","guid":{"rendered":"http:\/\/stadtkirche-geretsried.de\/stadtkirche\/?page_id=168"},"modified":"2020-03-21T19:02:50","modified_gmt":"2020-03-21T18:02:50","slug":"pfarrbrief","status":"publish","type":"page","link":"https:\/\/stadtkirche-geretsried.de\/stadtkirche\/pfarrbrief\/","title":{"rendered":"Pfarrbrief &#8222;Wir GEMEINSAM&#8220;"},"content":{"rendered":"<hr \/>\n<p>Seit 1997 gibt es eine kleine Gruppe von ehrenamtlichen Mitarbeitern, die Informationen aus unserer Gemeinde sammeln und diese in dem Gemeindeinfoblatt \u201eWIR Gemeinsam\u201c ver\u00f6ffentlichen. Das passiert so drei- bis viermal im Jahr.<\/p>\n<p>Was mich bewegt: Wir nehmen gerne auch etwas von Ihnen auf! Wenn Sie also etwas in Zusammenhang mit unserem Gemeindeleben in und um Stadtkirche bewegt, was Sie anderen Gemeindemitgliedern \u00fcber den \u201aWIR Gemeinsam\u2018 mitteilen m\u00f6chten, so k\u00f6nnen Sie uns dies \u00fcber die Pfarrb\u00fcro oder \u00fcber E-Mail zukommen lassen. \u00dcber was haben Sie sich in der letzten Zeit in der Gemeinde gefreut? Was war weniger angenehm? Was ist beizubehalten? Was sollte noch einmal gemacht werden? Was sollte nie mehr stattfinden? Fassen Sie Mut, uns Ihre Meinung mitzuteilen. Dies kann in einem kurzen Brief sein, gerne auch per E-Mail<\/p>\n<p>Hier die <a href=\"https:\/\/stadtkirche-geretsried.de\/stadtkirche\/wp-content\/uploads\/2020\/03\/WIR-Ostern-2020-Web.pdf\" target=\"_blank\" rel=\"noopener noreferrer\">Ausgabe Ostern 2020 <\/a>zum anschauen und runterladen<\/p>\n\n\n<p><\/p>\n","protected":false},"excerpt":{"rendered":"<p>Seit 1997 gibt es eine kleine Gruppe von ehrenamtlichen Mitarbeitern, die Informationen aus unserer Gemeinde sammeln und diese in dem<\/p>\n","protected":false},"author":1,"featured_media":0,"parent":0,"menu_order":0,"comment_status":"closed","ping_status":"closed","template":"","meta":{"colormag_page_container_layout":"default_layout","colormag_page_sidebar_layout":"default_layout","footnotes":""},"class_list":["post-168","page","type-page","status-publish","hentry"],"_links":{"self":[{"href":"https:\/\/stadtkirche-geretsried.de\/stadtkirche\/wp-json\/wp\/v2\/pages\/168","targetHints":{"allow":["GET"]}}],"collection":[{"href":"https:\/\/stadtkirche-geretsried.de\/stadtkirche\/wp-json\/wp\/v2\/pages"}],"about":[{"href":"https:\/\/stadtkirche-geretsried.de\/stadtkirche\/wp-json\/wp\/v2\/types\/page"}],"author":[{"embeddable":true,"href":"https:\/\/stadtkirche-geretsried.de\/stadtkirche\/wp-json\/wp\/v2\/users\/1"}],"replies":[{"embeddable":true,"href":"https:\/\/stadtkirche-geretsried.de\/stadtkirche\/wp-json\/wp\/v2\/comments?post=168"}],"version-history":[{"count":7,"href":"https:\/\/stadtkirche-geretsried.de\/stadtkirche\/wp-json\/wp\/v2\/pages\/168\/revisions"}],"predecessor-version":[{"id":590,"href":"https:\/\/stadtkirche-geretsried.de\/stadtkirche\/wp-json\/wp\/v2\/pages\/168\/revisions\/590"}],"wp:attachment":[{"href":"https:\/\/stadtkirche-geretsried.de\/stadtkirche\/wp-json\/wp\/v2\/media?parent=168"}],"curies":[{"name":"wp","href":"https:\/\/api.w.org\/{rel}","templated":true}]}}