{"id":152,"date":"2018-06-28T17:19:47","date_gmt":"2018-06-28T15:19:47","guid":{"rendered":"http:\/\/stadtkirche-geretsried.de\/stadtkirche\/?page_id=152"},"modified":"2025-01-09T10:48:31","modified_gmt":"2025-01-09T09:48:31","slug":"senioren","status":"publish","type":"page","link":"https:\/\/stadtkirche-geretsried.de\/stadtkirche\/senioren\/","title":{"rendered":"Senioren"},"content":{"rendered":"\n<hr class=\"wp-block-separator has-alpha-channel-opacity\"\/>\n\n\n\n<p>In beiden Pfarreien der Stadtkirche treffen sich regelm\u00e4\u00dfig unsere Senioren.<br>In der Pfarrei Hl. Familie trifft sich der \u201eLustige Kreis\u201c immer am Dienstag um 14.00Uhr,<br>auch der \u201eSenioren Nachmittag\u201c findet in der Pfarrei Maria Hilf&nbsp;am Dienstag&nbsp;statt.&nbsp;Da treffen sich unsere Senioren um 15.00 Uhr.<br>Dazu sind alle eingeladen, die bei Kaffee und Kuchen eine nette&nbsp;Unterhaltung f\u00fchren m\u00f6chten,<br>unabh\u00e4ngig davon wie alt sie sind und welcher Konfession sie zugeh\u00f6ren.<\/p>\n\n\n\n<p>Alle Termine entnehmen Sie bitte dem Gottesdienstanzeiger.<\/p>\n\n\n\n<p><\/p>\n\n\n\n<p><\/p>\n","protected":false},"excerpt":{"rendered":"<p>In beiden Pfarreien der Stadtkirche treffen sich regelm\u00e4\u00dfig unsere Senioren.In der Pfarrei Hl. Familie trifft sich der \u201eLustige Kreis\u201c immer<\/p>\n","protected":false},"author":1,"featured_media":0,"parent":0,"menu_order":0,"comment_status":"closed","ping_status":"closed","template":"","meta":{"colormag_page_container_layout":"default_layout","colormag_page_sidebar_layout":"default_layout","footnotes":""},"class_list":["post-152","page","type-page","status-publish","hentry"],"_links":{"self":[{"href":"https:\/\/stadtkirche-geretsried.de\/stadtkirche\/wp-json\/wp\/v2\/pages\/152","targetHints":{"allow":["GET"]}}],"collection":[{"href":"https:\/\/stadtkirche-geretsried.de\/stadtkirche\/wp-json\/wp\/v2\/pages"}],"about":[{"href":"https:\/\/stadtkirche-geretsried.de\/stadtkirche\/wp-json\/wp\/v2\/types\/page"}],"author":[{"embeddable":true,"href":"https:\/\/stadtkirche-geretsried.de\/stadtkirche\/wp-json\/wp\/v2\/users\/1"}],"replies":[{"embeddable":true,"href":"https:\/\/stadtkirche-geretsried.de\/stadtkirche\/wp-json\/wp\/v2\/comments?post=152"}],"version-history":[{"count":15,"href":"https:\/\/stadtkirche-geretsried.de\/stadtkirche\/wp-json\/wp\/v2\/pages\/152\/revisions"}],"predecessor-version":[{"id":3985,"href":"https:\/\/stadtkirche-geretsried.de\/stadtkirche\/wp-json\/wp\/v2\/pages\/152\/revisions\/3985"}],"wp:attachment":[{"href":"https:\/\/stadtkirche-geretsried.de\/stadtkirche\/wp-json\/wp\/v2\/media?parent=152"}],"curies":[{"name":"wp","href":"https:\/\/api.w.org\/{rel}","templated":true}]}}