{"id":150,"date":"2018-06-28T17:19:25","date_gmt":"2018-06-28T15:19:25","guid":{"rendered":"http:\/\/stadtkirche-geretsried.de\/stadtkirche\/?page_id=150"},"modified":"2025-01-21T10:18:19","modified_gmt":"2025-01-21T09:18:19","slug":"jugend","status":"publish","type":"page","link":"https:\/\/stadtkirche-geretsried.de\/stadtkirche\/jugend\/","title":{"rendered":"Kinder und Jugend"},"content":{"rendered":"<hr>\n<h4><span style=\"color: #333399;\"><strong>Kinder und Jugendarbeit in der Stadtkirche<\/strong><\/span><\/h4>\n\n\n<p><strong><em>Ministranten:<br><\/em><\/strong>In beiden Pfarreien gibt es jeweils eine <strong>Ministrantengruppe<\/strong>, die neben dem Ministrieren auch ein breites Freizeitangebot mit Spielen, Filme schauen etc. bietet. In Maria Hilf finden die Treffen am Freitag um 16.00 Uhr statt. Kontaktperson ist <strong>Herr Pfarrer Vogelmeier (<a href=\"mailto:AVogelmeier@ebmuc.de\">AVogelmeier@ebmuc.de)<\/a><\/strong>. In der Heiligen Familie werden die Treffen im Moment neu strukturiert. Kontaktperson ist hier <strong>PR Julia Majores (<a href=\"mailto:JMajores@ebmuc.de\">JMajores@ebmuc.de<\/a>).<\/strong><\/p>\n\n\n\n<hr class=\"wp-block-separator has-text-color has-black-color has-css-opacity has-black-background-color has-background is-style-wide\"\/>\n\n\n\n<p><strong><em>Junge Musik:<br><\/em><\/strong>In der Pfarrei Heilige Familie gibt es sowohl einen <strong>Kinderchor<\/strong> als auch einen <strong>Jugendchor<\/strong>, die beide von Kirchenmusikerin Luise Majores geleitet werden. Bei ihr sind auch die Termine der jeweiligen Treffen zu erfragen.<\/p>\n\n\n\n<p><strong>Ansprechpartnerin:<\/strong><br><strong>Frau Sabine Sch\u00f6binger <\/strong><\/p>\n\n\n\n<p><strong><a href=\"mailto:SSchoebinger@ebmuc.de\">SSchoebinger@ebmuc.de<\/a><\/strong><\/p>\n\n\n\n<hr class=\"wp-block-separator has-text-color has-black-color has-css-opacity has-black-background-color has-background is-style-default\"\/>\n\n\n\n<p><\/p>\n\n\n\n<hr class=\"wp-block-separator has-text-color has-black-color has-css-opacity has-black-background-color has-background is-style-wide\"\/>\n\n\n\n<p><strong><em>Gottesdienstangebote:<br><\/em><\/strong>In beiden Pfarreien finden in regelm\u00e4\u00dfigen Abst\u00e4nden <strong>Kinder-Mitmach-Gottesdienste<\/strong> (Kleinkinderbereich bis unteres Grundschulalter) und <strong>Familiengottesdienste<\/strong> statt. In der Regel wird darauf geachtet, dass in jeder Pfarrei einmal im Monat ein Familien- oder Kinder-Mitmach-Gottesdienst stattfindet. Gelegentlich finden in gr\u00f6\u00dferen Abst\u00e4nden auch <strong>Jugendvespern<\/strong> statt. F\u00fcr den Kinder-Mitmach-Gottesdienst liegt die Verantwortung bei <strong>Diakon Michael Baindl (<a href=\"mailto:MBaindl@ebmuc.de\">MBaindl@ebmuc.de<\/a>)<\/strong> . F\u00fcr die Familiengottesdienste bei&nbsp; <strong>PR. Julia Majores (<a href=\"mailto:JMajores@ebmuc.de\" data-type=\"mailto\" data-id=\"mailto:JMajores@ebmuc.de\">JMajores@ebmuc.de<\/a>)<\/strong>.<\/p>\n\n\n\n<hr class=\"wp-block-separator has-text-color has-black-color has-css-opacity has-black-background-color has-background is-style-wide\"\/>\n\n\n\n<p><strong><em>Sakramentenvorbereitung:<br><\/em><\/strong>In beiden Pfarreien findet j\u00e4hrlich in der 3. Jahrgangsstufe die Vorbereitung auf die <strong>Erste Heilige Kommunion<\/strong> und in der 7. Jahrgangsstufe die Vorbereitung auf das <strong>Sakrament der Firmung<\/strong> statt. Dauer der Vorbereitung ist ca. 3-4 Monate. Verantwortlich f\u00fcr die Erstkommunionvorbereitung und f\u00fcr die Firmvorbereitung sind <strong>PR Thomas Bergmeister (<a href=\"mailto:TBergmeister@ebmuc.de\">TBergmeister@ebmuc.de<\/a>) <\/strong>und<strong>  PR. Julia Majores (<a href=\"mailto:JMajores@ebmuc.de\">JMajores@ebmuc.de<\/a>) .<\/strong><\/p>\n\n\n\n<hr class=\"wp-block-separator has-text-color has-black-color has-css-opacity has-black-background-color has-background is-style-wide\"\/>\n","protected":false},"excerpt":{"rendered":"<p>Kinder und Jugendarbeit in der Stadtkirche Ministranten:In beiden Pfarreien gibt es jeweils eine Ministrantengruppe, die neben dem Ministrieren auch ein<\/p>\n","protected":false},"author":1,"featured_media":0,"parent":0,"menu_order":0,"comment_status":"closed","ping_status":"closed","template":"","meta":{"colormag_page_container_layout":"default_layout","colormag_page_sidebar_layout":"default_layout","footnotes":""},"class_list":["post-150","page","type-page","status-publish","hentry"],"_links":{"self":[{"href":"https:\/\/stadtkirche-geretsried.de\/stadtkirche\/wp-json\/wp\/v2\/pages\/150","targetHints":{"allow":["GET"]}}],"collection":[{"href":"https:\/\/stadtkirche-geretsried.de\/stadtkirche\/wp-json\/wp\/v2\/pages"}],"about":[{"href":"https:\/\/stadtkirche-geretsried.de\/stadtkirche\/wp-json\/wp\/v2\/types\/page"}],"author":[{"embeddable":true,"href":"https:\/\/stadtkirche-geretsried.de\/stadtkirche\/wp-json\/wp\/v2\/users\/1"}],"replies":[{"embeddable":true,"href":"https:\/\/stadtkirche-geretsried.de\/stadtkirche\/wp-json\/wp\/v2\/comments?post=150"}],"version-history":[{"count":14,"href":"https:\/\/stadtkirche-geretsried.de\/stadtkirche\/wp-json\/wp\/v2\/pages\/150\/revisions"}],"predecessor-version":[{"id":4004,"href":"https:\/\/stadtkirche-geretsried.de\/stadtkirche\/wp-json\/wp\/v2\/pages\/150\/revisions\/4004"}],"wp:attachment":[{"href":"https:\/\/stadtkirche-geretsried.de\/stadtkirche\/wp-json\/wp\/v2\/media?parent=150"}],"curies":[{"name":"wp","href":"https:\/\/api.w.org\/{rel}","templated":true}]}}