{"id":142,"date":"2018-06-28T17:15:28","date_gmt":"2018-06-28T15:15:28","guid":{"rendered":"http:\/\/stadtkirche-geretsried.de\/stadtkirche\/?page_id=142"},"modified":"2026-01-20T16:11:50","modified_gmt":"2026-01-20T15:11:50","slug":"kirchenverwaltungen","status":"publish","type":"page","link":"https:\/\/stadtkirche-geretsried.de\/stadtkirche\/kirchenverwaltungen\/","title":{"rendered":"Kirchenverwaltungen"},"content":{"rendered":"\n<p><strong>Mitglieder der Kirchenverwaltung in der Pfarrei Hl. Familie f\u00fcr die Wahlperiode 2025\/2030 sind:<\/strong><\/p>\n\n\n\n<figure class=\"wp-block-table is-style-stripes\"><table class=\"has-fixed-layout\"><tbody><tr><td class=\"has-text-align-center\" data-align=\"center\"><img loading=\"lazy\" decoding=\"async\" width=\"112\" height=\"161\" class=\"wp-image-4055\" style=\"width: 112px;\" src=\"https:\/\/stadtkirche-geretsried.de\/stadtkirche\/wp-content\/uploads\/2025\/03\/Guido-Becker.png\" alt=\"\" srcset=\"https:\/\/stadtkirche-geretsried.de\/stadtkirche\/wp-content\/uploads\/2025\/03\/Guido-Becker.png 502w, https:\/\/stadtkirche-geretsried.de\/stadtkirche\/wp-content\/uploads\/2025\/03\/Guido-Becker-209x300.png 209w\" sizes=\"auto, (max-width: 112px) 100vw, 112px\" \/><br><strong>Guido Becker &#8211; Kirchenpfleger<\/strong><\/td><td class=\"has-text-align-center\" data-align=\"center\"><img loading=\"lazy\" decoding=\"async\" width=\"120\" height=\"160\" class=\"wp-image-1969\" style=\"width: 120px;\" src=\"https:\/\/stadtkirche-geretsried.de\/stadtkirche\/wp-content\/uploads\/2022\/08\/Deuringer.jpg\" alt=\"\" srcset=\"https:\/\/stadtkirche-geretsried.de\/stadtkirche\/wp-content\/uploads\/2022\/08\/Deuringer.jpg 1451w, https:\/\/stadtkirche-geretsried.de\/stadtkirche\/wp-content\/uploads\/2022\/08\/Deuringer-225x300.jpg 225w, https:\/\/stadtkirche-geretsried.de\/stadtkirche\/wp-content\/uploads\/2022\/08\/Deuringer-644x859.jpg 644w, https:\/\/stadtkirche-geretsried.de\/stadtkirche\/wp-content\/uploads\/2022\/08\/Deuringer-768x1024.jpg 768w, https:\/\/stadtkirche-geretsried.de\/stadtkirche\/wp-content\/uploads\/2022\/08\/Deuringer-300x400.jpg 300w, https:\/\/stadtkirche-geretsried.de\/stadtkirche\/wp-content\/uploads\/2022\/08\/Deuringer-1152x1536.jpg 1152w\" sizes=\"auto, (max-width: 120px) 100vw, 120px\" \/><br><strong>Monika Deuringer<\/strong><\/td><\/tr><tr><td class=\"has-text-align-center\" data-align=\"center\"><\/td><td class=\"has-text-align-center\" data-align=\"center\"><br><\/td><\/tr><tr><td class=\"has-text-align-center\" data-align=\"center\"><img loading=\"lazy\" decoding=\"async\" width=\"120\" height=\"160\" class=\"wp-image-1970\" style=\"width: 120px;\" src=\"https:\/\/stadtkirche-geretsried.de\/stadtkirche\/wp-content\/uploads\/2022\/08\/Herholz.jpg\" alt=\"\" srcset=\"https:\/\/stadtkirche-geretsried.de\/stadtkirche\/wp-content\/uploads\/2022\/08\/Herholz.jpg 1337w, https:\/\/stadtkirche-geretsried.de\/stadtkirche\/wp-content\/uploads\/2022\/08\/Herholz-225x300.jpg 225w, https:\/\/stadtkirche-geretsried.de\/stadtkirche\/wp-content\/uploads\/2022\/08\/Herholz-644x859.jpg 644w, https:\/\/stadtkirche-geretsried.de\/stadtkirche\/wp-content\/uploads\/2022\/08\/Herholz-768x1024.jpg 768w, https:\/\/stadtkirche-geretsried.de\/stadtkirche\/wp-content\/uploads\/2022\/08\/Herholz-300x400.jpg 300w, https:\/\/stadtkirche-geretsried.de\/stadtkirche\/wp-content\/uploads\/2022\/08\/Herholz-1152x1536.jpg 1152w\" sizes=\"auto, (max-width: 120px) 100vw, 120px\" \/><br><strong>Elisabeth Herholz<\/strong><\/td><td class=\"has-text-align-center\" data-align=\"center\"><img loading=\"lazy\" decoding=\"async\" width=\"120\" height=\"160\" class=\"wp-image-1973\" style=\"width: 120px;\" src=\"https:\/\/stadtkirche-geretsried.de\/stadtkirche\/wp-content\/uploads\/2022\/08\/Schuetze.jpg\" alt=\"\" srcset=\"https:\/\/stadtkirche-geretsried.de\/stadtkirche\/wp-content\/uploads\/2022\/08\/Schuetze.jpg 1834w, https:\/\/stadtkirche-geretsried.de\/stadtkirche\/wp-content\/uploads\/2022\/08\/Schuetze-225x300.jpg 225w, https:\/\/stadtkirche-geretsried.de\/stadtkirche\/wp-content\/uploads\/2022\/08\/Schuetze-644x859.jpg 644w, https:\/\/stadtkirche-geretsried.de\/stadtkirche\/wp-content\/uploads\/2022\/08\/Schuetze-768x1024.jpg 768w, https:\/\/stadtkirche-geretsried.de\/stadtkirche\/wp-content\/uploads\/2022\/08\/Schuetze-300x400.jpg 300w, https:\/\/stadtkirche-geretsried.de\/stadtkirche\/wp-content\/uploads\/2022\/08\/Schuetze-1152x1536.jpg 1152w, https:\/\/stadtkirche-geretsried.de\/stadtkirche\/wp-content\/uploads\/2022\/08\/Schuetze-1536x2048.jpg 1536w\" sizes=\"auto, (max-width: 120px) 100vw, 120px\" \/><br><strong><strong>G\u00fcnter Sch\u00fctze<\/strong><\/strong><\/td><\/tr><tr><td class=\"has-text-align-center\" data-align=\"center\"><\/td><td class=\"has-text-align-center\" data-align=\"center\"><br><\/td><\/tr><tr><td class=\"has-text-align-center\" data-align=\"center\"><img loading=\"lazy\" decoding=\"async\" width=\"120\" height=\"155\" class=\"wp-image-4058\" style=\"width: 120px;\" src=\"https:\/\/stadtkirche-geretsried.de\/stadtkirche\/wp-content\/uploads\/2025\/03\/Irmgard-Koch.png\" alt=\"\" srcset=\"https:\/\/stadtkirche-geretsried.de\/stadtkirche\/wp-content\/uploads\/2025\/03\/Irmgard-Koch.png 609w, https:\/\/stadtkirche-geretsried.de\/stadtkirche\/wp-content\/uploads\/2025\/03\/Irmgard-Koch-232x300.png 232w\" sizes=\"auto, (max-width: 120px) 100vw, 120px\" \/><br><strong>Irmgard Koch<\/strong><\/td><td class=\"has-text-align-center\" data-align=\"center\"><img loading=\"lazy\" decoding=\"async\" width=\"121\" height=\"157\" class=\"wp-image-4059\" style=\"width: 121px;\" src=\"https:\/\/stadtkirche-geretsried.de\/stadtkirche\/wp-content\/uploads\/2025\/03\/Theresia-Schlosser.png\" alt=\"\" srcset=\"https:\/\/stadtkirche-geretsried.de\/stadtkirche\/wp-content\/uploads\/2025\/03\/Theresia-Schlosser.png 550w, https:\/\/stadtkirche-geretsried.de\/stadtkirche\/wp-content\/uploads\/2025\/03\/Theresia-Schlosser-232x300.png 232w\" sizes=\"auto, (max-width: 121px) 100vw, 121px\" \/><br><strong>Theresia Schlosser<\/strong><\/td><\/tr><tr><td class=\"has-text-align-center\" data-align=\"center\"><\/td><td class=\"has-text-align-center\" data-align=\"center\"><br><\/td><\/tr><tr><td class=\"has-text-align-center\" data-align=\"center\"><img loading=\"lazy\" decoding=\"async\" width=\"120\" height=\"160\" class=\"wp-image-1380\" style=\"width: 120px;\" src=\"https:\/\/stadtkirche-geretsried.de\/stadtkirche\/wp-content\/uploads\/2021\/11\/DSC03947.jpg\" alt=\"\" srcset=\"https:\/\/stadtkirche-geretsried.de\/stadtkirche\/wp-content\/uploads\/2021\/11\/DSC03947.jpg 338w, https:\/\/stadtkirche-geretsried.de\/stadtkirche\/wp-content\/uploads\/2021\/11\/DSC03947-225x300.jpg 225w, https:\/\/stadtkirche-geretsried.de\/stadtkirche\/wp-content\/uploads\/2021\/11\/DSC03947-300x400.jpg 300w\" sizes=\"auto, (max-width: 120px) 100vw, 120px\" \/><br><strong>Hedwig Sesto &#8211; Verwaltungsleiterin<\/strong><\/td><td class=\"has-text-align-center\" data-align=\"center\"><\/td><\/tr><\/tbody><\/table><\/figure>\n\n\n\n<hr class=\"wp-block-separator has-text-color has-black-color has-css-opacity has-black-background-color has-background is-style-wide\"\/>\n\n\n\n<p><strong>Mitglieder der Kirchenverwaltung in der Pfarrei Maria Hilf f\u00fcr die Wahlperiode 2025\/2030 sind:<\/strong><\/p>\n\n\n\n<figure class=\"wp-block-table is-style-stripes\"><table class=\"has-fixed-layout\"><tbody><tr><td class=\"has-text-align-center\" data-align=\"center\"><img loading=\"lazy\" decoding=\"async\" width=\"120\" height=\"143\" class=\"wp-image-4060\" style=\"width: 120px;\" src=\"https:\/\/stadtkirche-geretsried.de\/stadtkirche\/wp-content\/uploads\/2025\/03\/Ingrid-Antoch.png\" alt=\"\" srcset=\"https:\/\/stadtkirche-geretsried.de\/stadtkirche\/wp-content\/uploads\/2025\/03\/Ingrid-Antoch.png 615w, https:\/\/stadtkirche-geretsried.de\/stadtkirche\/wp-content\/uploads\/2025\/03\/Ingrid-Antoch-251x300.png 251w\" sizes=\"auto, (max-width: 120px) 100vw, 120px\" \/><br><strong>Ingrid Antoch<\/strong><\/td><td class=\"has-text-align-center\" data-align=\"center\"><img loading=\"lazy\" decoding=\"async\" width=\"109\" height=\"150\" class=\"wp-image-4061\" style=\"width: 109px;\" src=\"https:\/\/stadtkirche-geretsried.de\/stadtkirche\/wp-content\/uploads\/2025\/03\/Roland-Gruber.png\" alt=\"\" srcset=\"https:\/\/stadtkirche-geretsried.de\/stadtkirche\/wp-content\/uploads\/2025\/03\/Roland-Gruber.png 539w, https:\/\/stadtkirche-geretsried.de\/stadtkirche\/wp-content\/uploads\/2025\/03\/Roland-Gruber-217x300.png 217w\" sizes=\"auto, (max-width: 109px) 100vw, 109px\" \/><br><strong><strong>Roland Gruber<\/strong><\/strong><\/td><\/tr><tr><td class=\"has-text-align-center\" data-align=\"center\"><\/td><td class=\"has-text-align-center\" data-align=\"center\"><\/td><\/tr><tr><td class=\"has-text-align-center\" data-align=\"center\"><img loading=\"lazy\" decoding=\"async\" width=\"120\" height=\"161\" class=\"wp-image-4062\" style=\"width: 120px;\" src=\"https:\/\/stadtkirche-geretsried.de\/stadtkirche\/wp-content\/uploads\/2025\/03\/Florian-Sachers.png\" alt=\"\" srcset=\"https:\/\/stadtkirche-geretsried.de\/stadtkirche\/wp-content\/uploads\/2025\/03\/Florian-Sachers.png 544w, https:\/\/stadtkirche-geretsried.de\/stadtkirche\/wp-content\/uploads\/2025\/03\/Florian-Sachers-223x300.png 223w, https:\/\/stadtkirche-geretsried.de\/stadtkirche\/wp-content\/uploads\/2025\/03\/Florian-Sachers-300x400.png 300w\" sizes=\"auto, (max-width: 120px) 100vw, 120px\" \/><br><strong>Florian Sachers<\/strong><\/td><td class=\"has-text-align-center\" data-align=\"center\"><img loading=\"lazy\" decoding=\"async\" width=\"120\" height=\"160\" class=\"wp-image-1380\" style=\"width: 120px;\" src=\"https:\/\/stadtkirche-geretsried.de\/stadtkirche\/wp-content\/uploads\/2021\/11\/DSC03947.jpg\" alt=\"\" srcset=\"https:\/\/stadtkirche-geretsried.de\/stadtkirche\/wp-content\/uploads\/2021\/11\/DSC03947.jpg 338w, https:\/\/stadtkirche-geretsried.de\/stadtkirche\/wp-content\/uploads\/2021\/11\/DSC03947-225x300.jpg 225w, https:\/\/stadtkirche-geretsried.de\/stadtkirche\/wp-content\/uploads\/2021\/11\/DSC03947-300x400.jpg 300w\" sizes=\"auto, (max-width: 120px) 100vw, 120px\" \/><br><strong>Hedwig Sesto &#8211; Verwaltungsleiterin<\/strong><\/td><\/tr><tr><td class=\"has-text-align-center\" data-align=\"center\"><\/td><td class=\"has-text-align-center\" data-align=\"center\"><\/td><\/tr><tr><td class=\"has-text-align-center\" data-align=\"center\"><img loading=\"lazy\" decoding=\"async\" width=\"120\" height=\"141\" class=\"wp-image-4063\" style=\"width: 120px;\" src=\"https:\/\/stadtkirche-geretsried.de\/stadtkirche\/wp-content\/uploads\/2025\/03\/Dr.-Eckart-Toms.png\" alt=\"\" srcset=\"https:\/\/stadtkirche-geretsried.de\/stadtkirche\/wp-content\/uploads\/2025\/03\/Dr.-Eckart-Toms.png 599w, https:\/\/stadtkirche-geretsried.de\/stadtkirche\/wp-content\/uploads\/2025\/03\/Dr.-Eckart-Toms-255x300.png 255w\" sizes=\"auto, (max-width: 120px) 100vw, 120px\" \/><br><strong>Dr. Eckart Toms<\/strong><\/td><td class=\"has-text-align-center\" data-align=\"center\"><img loading=\"lazy\" decoding=\"async\" width=\"120\" height=\"160\" class=\"wp-image-1812\" style=\"width: 120px;\" src=\"https:\/\/stadtkirche-geretsried.de\/stadtkirche\/wp-content\/uploads\/2022\/04\/DSC07287.jpg\" alt=\"\" srcset=\"https:\/\/stadtkirche-geretsried.de\/stadtkirche\/wp-content\/uploads\/2022\/04\/DSC07287.jpg 1756w, https:\/\/stadtkirche-geretsried.de\/stadtkirche\/wp-content\/uploads\/2022\/04\/DSC07287-225x300.jpg 225w, https:\/\/stadtkirche-geretsried.de\/stadtkirche\/wp-content\/uploads\/2022\/04\/DSC07287-644x859.jpg 644w, https:\/\/stadtkirche-geretsried.de\/stadtkirche\/wp-content\/uploads\/2022\/04\/DSC07287-768x1024.jpg 768w, https:\/\/stadtkirche-geretsried.de\/stadtkirche\/wp-content\/uploads\/2022\/04\/DSC07287-300x400.jpg 300w, https:\/\/stadtkirche-geretsried.de\/stadtkirche\/wp-content\/uploads\/2022\/04\/DSC07287-1152x1536.jpg 1152w, https:\/\/stadtkirche-geretsried.de\/stadtkirche\/wp-content\/uploads\/2022\/04\/DSC07287-1536x2048.jpg 1536w\" sizes=\"auto, (max-width: 120px) 100vw, 120px\" \/><br><strong>Josef Urso &#8211; Kirchenpfleger<\/strong><\/td><\/tr><tr><td class=\"has-text-align-center\" data-align=\"center\"><\/td><td class=\"has-text-align-center\" data-align=\"center\"><br><\/td><\/tr><tr><td class=\"has-text-align-center\" data-align=\"center\"><img loading=\"lazy\" decoding=\"async\" width=\"120\" height=\"160\" class=\"wp-image-1813\" style=\"width: 120px;\" src=\"https:\/\/stadtkirche-geretsried.de\/stadtkirche\/wp-content\/uploads\/2022\/04\/DSC07282.jpg\" alt=\"\" srcset=\"https:\/\/stadtkirche-geretsried.de\/stadtkirche\/wp-content\/uploads\/2022\/04\/DSC07282.jpg 1811w, https:\/\/stadtkirche-geretsried.de\/stadtkirche\/wp-content\/uploads\/2022\/04\/DSC07282-225x300.jpg 225w, https:\/\/stadtkirche-geretsried.de\/stadtkirche\/wp-content\/uploads\/2022\/04\/DSC07282-644x858.jpg 644w, https:\/\/stadtkirche-geretsried.de\/stadtkirche\/wp-content\/uploads\/2022\/04\/DSC07282-768x1024.jpg 768w, https:\/\/stadtkirche-geretsried.de\/stadtkirche\/wp-content\/uploads\/2022\/04\/DSC07282-300x400.jpg 300w, https:\/\/stadtkirche-geretsried.de\/stadtkirche\/wp-content\/uploads\/2022\/04\/DSC07282-1152x1536.jpg 1152w, https:\/\/stadtkirche-geretsried.de\/stadtkirche\/wp-content\/uploads\/2022\/04\/DSC07282-1536x2048.jpg 1536w\" sizes=\"auto, (max-width: 120px) 100vw, 120px\" \/><br><strong>Martin Zurek<\/strong><\/td><td class=\"has-text-align-center\" data-align=\"center\"><\/td><\/tr><\/tbody><\/table><\/figure>\n\n\n<hr>\n<p class=\"cmsObj r2_text_header\"><strong>Aufgaben der Kirchenverwaltung<\/strong><\/p>\n<div id=\"BodyContentPlaceHolder_MainContent_ctl01_ControlContainer\" class=\"clearfix r2_text_flowtext cmsObj pic-align-left\">\n<div id=\"BodyContentPlaceHolder_MainContent_ctl01_ContentContainer\" class=\"flow-content\">\n<p>Die Kirchenverwaltung ist verantwortlich f\u00fcr die finanziellen, verwaltungsm\u00e4\u00dfigen und personellen Rahmenbedingungen einer Pfarrei. Damit obliegen ihr folgende Aufgaben:<\/p>\n<ul>\n<li>Gewissenhafte und sparsame Verwaltung des Stiftungsverm\u00f6gens Hierzu geh\u00f6ren alle Geb\u00e4ude des Pfarrzentrums (Kirche, Pfarrheim, Pfarrhaus mit Wohnungen und Dienstr\u00e4umen, Jugendr\u00e4ume, Kindergarten) einschlie\u00dflich Inventaraufstellung und Beschluss \u00fcber den j\u00e4hrlichen Haushaltsplan, Fertigung der Jahresabschl\u00fcsse.<\/li>\n<li>Pflege sowie Unterhalt aller zum Pfarrzentrum geh\u00f6renden Einrichtungen, der Inneneinrichtung und Ausgestaltung des Kirchenraumes.<\/li>\n<li>Beratung und Beschluss \u00fcber durchzuf\u00fchrende Bauma\u00dfnahmen.<\/li>\n<li>Aufwand f\u00fcr die Gottesdienstgestaltung (Zusch\u00fcsse f\u00fcr den Chor, Ministranten u.\u00e4.) und die pfarreiliche Seelsorge (z.B. Jugend, Erwachsenenbildung).<\/li>\n<li>Entscheidung \u00fcber die Verwendung von freiwilligen Spenden ohne Zweckbestimmung des Stifters.<\/li>\n<li>Entscheidung \u00fcber Personalangelegenheiten der Angestellten der Kirchenstiftung (z. B. Organisten, Mesner, Hausmeister u.\u00e4.),&nbsp;Abschluss von Arbeitsvertr\u00e4gen und sonstigen Vertr\u00e4gen.<\/li>\n<li>Beantragung von Zusch\u00fcssen.<\/li>\n<\/ul>\n<\/div>\n<\/div>","protected":false},"excerpt":{"rendered":"<p>Mitglieder der Kirchenverwaltung in der Pfarrei Hl. Familie f\u00fcr die Wahlperiode 2025\/2030 sind: Guido Becker &#8211; Kirchenpfleger Monika Deuringer Elisabeth<\/p>\n","protected":false},"author":1,"featured_media":0,"parent":0,"menu_order":0,"comment_status":"closed","ping_status":"closed","template":"","meta":{"colormag_page_container_layout":"default_layout","colormag_page_sidebar_layout":"default_layout","footnotes":""},"class_list":["post-142","page","type-page","status-publish","hentry"],"_links":{"self":[{"href":"https:\/\/stadtkirche-geretsried.de\/stadtkirche\/wp-json\/wp\/v2\/pages\/142","targetHints":{"allow":["GET"]}}],"collection":[{"href":"https:\/\/stadtkirche-geretsried.de\/stadtkirche\/wp-json\/wp\/v2\/pages"}],"about":[{"href":"https:\/\/stadtkirche-geretsried.de\/stadtkirche\/wp-json\/wp\/v2\/types\/page"}],"author":[{"embeddable":true,"href":"https:\/\/stadtkirche-geretsried.de\/stadtkirche\/wp-json\/wp\/v2\/users\/1"}],"replies":[{"embeddable":true,"href":"https:\/\/stadtkirche-geretsried.de\/stadtkirche\/wp-json\/wp\/v2\/comments?post=142"}],"version-history":[{"count":35,"href":"https:\/\/stadtkirche-geretsried.de\/stadtkirche\/wp-json\/wp\/v2\/pages\/142\/revisions"}],"predecessor-version":[{"id":4727,"href":"https:\/\/stadtkirche-geretsried.de\/stadtkirche\/wp-json\/wp\/v2\/pages\/142\/revisions\/4727"}],"wp:attachment":[{"href":"https:\/\/stadtkirche-geretsried.de\/stadtkirche\/wp-json\/wp\/v2\/media?parent=142"}],"curies":[{"name":"wp","href":"https:\/\/api.w.org\/{rel}","templated":true}]}}