{"id":140,"date":"2018-06-28T17:15:07","date_gmt":"2018-06-28T15:15:07","guid":{"rendered":"http:\/\/stadtkirche-geretsried.de\/stadtkirche\/?page_id=140"},"modified":"2026-04-14T13:03:42","modified_gmt":"2026-04-14T11:03:42","slug":"pfarrgemeinderaete","status":"publish","type":"page","link":"https:\/\/stadtkirche-geretsried.de\/stadtkirche\/pfarrgemeinderaete\/","title":{"rendered":"Stadtkirchenrat"},"content":{"rendered":"<p>Nach den Pfarrgemeinderatswahlen im Februar 2026 hat sich der neuen Stadtkirchenrat konstituiert. Dieses Gremium umfasst als stimmberechtigte Mitglieder:<\/p>\n<p>Herr Diak. Michael Baindl,<br \/>Frau , Ursula Farkasch,<br \/>Frau Annette Hartwanger,<br \/>Herr Martin Hartwanger,<br \/>Herr Dr. Christian Herzog,\u00a0<br \/>Herr Georg Huber,<br \/>Frau Agneca Katic-Ilic<br \/>Frau Past. Ref.\u00a0 Julia Majores,<br \/>Frau Anja Neyses,<br \/>Frau Manuela Radosevic (Vorsitzende MH),<br \/>Herr Bernhard Sappl \u00a0(Vorsitzender HF),<br \/>Frau Birgit Schostok,<br \/>Herr Boris Teuber,<br \/>Herr Pfr. Andreas Vogelmeier<br \/>Herr . Dr. Manfred Waltl\u00a0<\/p>\n<p><strong>Die Aufgaben:<br \/><\/strong><\/p>\n<p>Die Unterscheidung zwischen Weltdienst und Heilsdienst hat sich in der \u201eDoppelnatur\u201c des Stadtkirchenrats niedergeschlagen. Daraus ergeben je sich nach Sachbereich unterschiedliche Rechte und Kompetenzen (vgl. Satzung f\u00fcr Pfarrgemeinder\u00e4te \u00a7 1 und \u00a7 2 Abs. 1 u. 2):<\/p>\n<p>Ein\u00a0<strong>Beschlussrecht<\/strong> besitzt der SKR als Organ des Laienapostolats in allen Fragen,<br \/>die mit der Aufgabe zusammenh\u00e4ngen, \u201egesellschaftliche Entwicklungen und Probleme zu beobachten, zu \u00fcberdenken und sachgerechte Vorschl\u00e4ge einzubringen\u201c (vgl. Satzung \u00a7 2 Abs. 3c). Das betrifft<\/p>\n<ul>\n<li>die Verwendung des Budgets des Pfarrgemeinderats im Haushalt der Pfarrei<br \/>f\u00fcr die Arbeit des Pfarrgemeinderats (Haushaltsstelle 62450 Pfarrgemeinderat)<\/li>\n<li>Ma\u00dfnahmen im Bereich der sozialen und caritativen Dienste, wie Altenarbeit, Familienarbeit, Behinderten- und Ausl\u00e4nderarbeit<\/li>\n<li>Ma\u00dfnahmen der Bildungsarbeit<\/li>\n<li>Ma\u00dfnahmen im p\u00e4dagogischen Bereich (z.B. Elternbeir\u00e4te)<\/li>\n<li>Ma\u00dfnahmen im gesellschaftspolitischen Bereich (Kontakt zur politischen Gemeinde, Stellungnahmen zu Arbeitswelt)<\/li>\n<\/ul>\n<p>F\u00fcr\u00a0<strong>Finanzen und Personal<\/strong>\u00a0ist die Kirchenverwaltung verantwortlich. Zur wechselseitigen Information ist ein Vertreter von dieser beratendes Mitglied im PGR. Der Pfarrgemeinderat\u00a0<strong>wird geh\u00f6rt und stimmt zu<br \/><\/strong><\/p>\n<ul>\n<li>bei der Erstellung des Haushaltsplans f\u00fcr die Pfarrei<\/li>\n<li>bei der Erstellung oder \u00dcberarbeitung der Pfarrbeschreibung<\/li>\n<li>bei der Anstellung von hauptamtliche Mitarbeiter\/innen im Rahmen der Kirchenstiftung<\/li>\n<li>bei der Berufung Laien zu Kommunionhelferdienst und Wortgottesdienstleitung<\/li>\n<\/ul>\n<p>F\u00fcr alle pastoralen Fragen einer Pfarrgemeinde hat der Pfarrgemeinderat beratende und den Pfarrer unterst\u00fctzende Funktion. Zusammen mit den Seelsorgern plant der Pfarrgemeinderat das liturgische Angebot. Er koordiniert die vielf\u00e4ltigen Dienste und Angebote, die von den Ehrenamtlichen selbst\u00e4ndig durchgef\u00fchrt werden.<br \/>Der Stadtkirchenrat <strong>ber\u00e4t und wirkt mit<br \/><\/strong><\/p>\n<ul>\n<li>bei der Planung von pastoralen Schwerpunkten<\/li>\n<li>bei der Gestaltung von gottesdienstlichen Feiern und der Sakramentenvorbereitung<\/li>\n<li>bei der \u00d6ffentlichkeitsarbeit der Pfarrgemeinde: Homepage, Pfarrbrief, Pfarrb\u00fccherei, Schaukasten, Schriftenstand<\/li>\n<li>bei der Neugr\u00fcndung bzw. Aufl\u00f6sung von katholischen Gruppen<\/li>\n<li>beim Ausf\u00fcllen des Erhebungsbogens vor Visitationen<\/li>\n<li>bei der Neubesetzung einer Pfarrei<\/li>\n<li>bei \u00c4nderungen der kirchlichen Raumordnung<\/li>\n<li>bei der \u201eBehandlung\u201c von Konflikten in der Pfarrei<\/li>\n<\/ul>\n\n\n<p><\/p>\n","protected":false},"excerpt":{"rendered":"<p>Nach den Pfarrgemeinderatswahlen im Februar 2026 hat sich der neuen Stadtkirchenrat konstituiert. Dieses Gremium umfasst als stimmberechtigte Mitglieder: Herr Diak.<\/p>\n","protected":false},"author":1,"featured_media":0,"parent":0,"menu_order":0,"comment_status":"closed","ping_status":"closed","template":"","meta":{"colormag_page_container_layout":"default_layout","colormag_page_sidebar_layout":"default_layout","footnotes":""},"class_list":["post-140","page","type-page","status-publish","hentry"],"_links":{"self":[{"href":"https:\/\/stadtkirche-geretsried.de\/stadtkirche\/wp-json\/wp\/v2\/pages\/140","targetHints":{"allow":["GET"]}}],"collection":[{"href":"https:\/\/stadtkirche-geretsried.de\/stadtkirche\/wp-json\/wp\/v2\/pages"}],"about":[{"href":"https:\/\/stadtkirche-geretsried.de\/stadtkirche\/wp-json\/wp\/v2\/types\/page"}],"author":[{"embeddable":true,"href":"https:\/\/stadtkirche-geretsried.de\/stadtkirche\/wp-json\/wp\/v2\/users\/1"}],"replies":[{"embeddable":true,"href":"https:\/\/stadtkirche-geretsried.de\/stadtkirche\/wp-json\/wp\/v2\/comments?post=140"}],"version-history":[{"count":10,"href":"https:\/\/stadtkirche-geretsried.de\/stadtkirche\/wp-json\/wp\/v2\/pages\/140\/revisions"}],"predecessor-version":[{"id":4918,"href":"https:\/\/stadtkirche-geretsried.de\/stadtkirche\/wp-json\/wp\/v2\/pages\/140\/revisions\/4918"}],"wp:attachment":[{"href":"https:\/\/stadtkirche-geretsried.de\/stadtkirche\/wp-json\/wp\/v2\/media?parent=140"}],"curies":[{"name":"wp","href":"https:\/\/api.w.org\/{rel}","templated":true}]}}