{"id":1193,"date":"2021-11-01T17:19:59","date_gmt":"2021-11-01T16:19:59","guid":{"rendered":"http:\/\/stadtkirche-geretsried.de\/stadtkirche\/?page_id=1193"},"modified":"2025-01-07T15:32:13","modified_gmt":"2025-01-07T14:32:13","slug":"ich-mich-engagieren-will","status":"publish","type":"page","link":"https:\/\/stadtkirche-geretsried.de\/stadtkirche\/ich-mich-engagieren-will\/","title":{"rendered":"\u2026ich mich engagieren will?"},"content":{"rendered":"\n<div class=\"wp-block-media-text has-media-on-the-right is-stacked-on-mobile\" style=\"grid-template-columns:auto 23%\"><div class=\"wp-block-media-text__content\">\n<p><\/p>\n\n\n\n<p>Dar\u00fcber w\u00fcrden wir uns sehr freuen. Durch Taufe und Firmung erging an uns alle der Auftrag, diese Welt und unsere Kirche zu gestalten und so dem Reich Gottes zu dienen. Hier braucht es jede und jeden. In unserer Stadtkirche gibt es viele M\u00f6glichkeiten des Engagements: in der Liturgie (als Lektor\/in, Kommunionhelfer\/in, Wort-Gottes-Feier-Leiter\/in), in der Vorbereitung von Kinder- oder Familiengottesdiensten, bei einem unserer Arbeitskreise, im Bereich der Musik (Chor, Instrumentalisten\/innen, etc.) oder wenn man einfach gerne spazieren geht und dabei als Austr\u00e4ger\/in von Pfarrbriefen oder Einladungen unsere Gemeindearbeit unterst\u00fctzt. Wenden Sie sich doch einfach an eines der beiden Pfarrb\u00fcros. In der Stadtkirche Geretsried k\u00f6nnen Sie von jung bis alt Menschen treffen, die eines verbindet: der Glauben an Gott.<\/p>\n<\/div><figure class=\"wp-block-media-text__media\"><img loading=\"lazy\" decoding=\"async\" width=\"247\" height=\"200\" src=\"https:\/\/stadtkirche-geretsried.de\/stadtkirche\/wp-content\/uploads\/2021\/11\/pexels-pixabay-461049-e1635790655522.jpg\" alt=\"\" class=\"wp-image-1244 size-full\"\/><\/figure><\/div>\n\n\n\n<hr class=\"wp-block-separator has-text-color has-black-color has-css-opacity has-black-background-color has-background is-style-wide\"\/>\n\n\n\n<p><a href=\"https:\/\/stadtkirche-geretsried.de\/stadtkirche\/sakramente\/\">&gt;Hier&lt; finden Sie Informationen zu den Sakramenten<\/a><\/p>\n\n\n\n<hr class=\"wp-block-separator has-text-color has-black-color has-css-opacity has-black-background-color has-background is-style-wide\"\/>\n","protected":false},"excerpt":{"rendered":"<p>Dar\u00fcber w\u00fcrden wir uns sehr freuen. Durch Taufe und Firmung erging an uns alle der Auftrag, diese Welt und unsere<\/p>\n","protected":false},"author":1,"featured_media":0,"parent":0,"menu_order":0,"comment_status":"closed","ping_status":"closed","template":"","meta":{"colormag_page_container_layout":"default_layout","colormag_page_sidebar_layout":"default_layout","footnotes":""},"class_list":["post-1193","page","type-page","status-publish","hentry"],"_links":{"self":[{"href":"https:\/\/stadtkirche-geretsried.de\/stadtkirche\/wp-json\/wp\/v2\/pages\/1193","targetHints":{"allow":["GET"]}}],"collection":[{"href":"https:\/\/stadtkirche-geretsried.de\/stadtkirche\/wp-json\/wp\/v2\/pages"}],"about":[{"href":"https:\/\/stadtkirche-geretsried.de\/stadtkirche\/wp-json\/wp\/v2\/types\/page"}],"author":[{"embeddable":true,"href":"https:\/\/stadtkirche-geretsried.de\/stadtkirche\/wp-json\/wp\/v2\/users\/1"}],"replies":[{"embeddable":true,"href":"https:\/\/stadtkirche-geretsried.de\/stadtkirche\/wp-json\/wp\/v2\/comments?post=1193"}],"version-history":[{"count":4,"href":"https:\/\/stadtkirche-geretsried.de\/stadtkirche\/wp-json\/wp\/v2\/pages\/1193\/revisions"}],"predecessor-version":[{"id":3960,"href":"https:\/\/stadtkirche-geretsried.de\/stadtkirche\/wp-json\/wp\/v2\/pages\/1193\/revisions\/3960"}],"wp:attachment":[{"href":"https:\/\/stadtkirche-geretsried.de\/stadtkirche\/wp-json\/wp\/v2\/media?parent=1193"}],"curies":[{"name":"wp","href":"https:\/\/api.w.org\/{rel}","templated":true}]}}