{"id":1190,"date":"2021-11-01T17:18:16","date_gmt":"2021-11-01T16:18:16","guid":{"rendered":"http:\/\/stadtkirche-geretsried.de\/stadtkirche\/?page_id=1190"},"modified":"2025-01-07T15:24:56","modified_gmt":"2025-01-07T14:24:56","slug":"meine-ehe-zerbricht","status":"publish","type":"page","link":"https:\/\/stadtkirche-geretsried.de\/stadtkirche\/meine-ehe-zerbricht\/","title":{"rendered":"\u2026meine Ehe zerbricht?"},"content":{"rendered":"\n<div class=\"wp-block-media-text has-media-on-the-right is-stacked-on-mobile\" style=\"grid-template-columns:auto 26%\"><div class=\"wp-block-media-text__content\">\n<p>Liebe ist eine Kraft, die Menschen verbindet, aufrichtet und belebt. Die Liebe ist aber auch zerbrechlich und oft gen\u00fcgen kleine Faktoren, um die Liebe erl\u00f6schen zu lassen. Wenn Sie das erleben, m\u00f6chten wir Sie gerne begleiten. Ob im Gespr\u00e4ch unter vier Augen oder zu dritt mit dem Partner oder der Partnerin. Wenn es schwer f\u00e4llt miteinander zu sprechen, k\u00f6nnen wir helfen sachlich ins Gespr\u00e4ch zu kommen. Seelsorge hat immer den ganzen Menschen im Blick, auch in seinen Beziehungen, seinem Umfeld und seinen Krisen. Wir sind hier gerne f\u00fcr Sie da.<\/p>\n<\/div><figure class=\"wp-block-media-text__media\"><img loading=\"lazy\" decoding=\"async\" width=\"300\" height=\"200\" src=\"https:\/\/stadtkirche-geretsried.de\/stadtkirche\/wp-content\/uploads\/2021\/11\/pexels-vera-arsic-984949-e1635789246721.jpg\" alt=\"\" class=\"wp-image-1223 size-full\"\/><\/figure><\/div>\n\n\n\n<hr class=\"wp-block-separator has-text-color has-black-color has-css-opacity has-black-background-color has-background is-style-wide\"\/>\n\n\n\n<p><a href=\"https:\/\/stadtkirche-geretsried.de\/stadtkirche\/sakramente\/\">&gt;Hier&lt; finden Sie Informationen zu den Sakramenten<\/a><\/p>\n\n\n\n<hr class=\"wp-block-separator has-text-color has-black-color has-css-opacity has-black-background-color has-background is-style-wide\"\/>\n","protected":false},"excerpt":{"rendered":"<p>Liebe ist eine Kraft, die Menschen verbindet, aufrichtet und belebt. Die Liebe ist aber auch zerbrechlich und oft gen\u00fcgen kleine<\/p>\n","protected":false},"author":1,"featured_media":0,"parent":0,"menu_order":0,"comment_status":"closed","ping_status":"closed","template":"","meta":{"colormag_page_container_layout":"default_layout","colormag_page_sidebar_layout":"default_layout","footnotes":""},"class_list":["post-1190","page","type-page","status-publish","hentry"],"_links":{"self":[{"href":"https:\/\/stadtkirche-geretsried.de\/stadtkirche\/wp-json\/wp\/v2\/pages\/1190","targetHints":{"allow":["GET"]}}],"collection":[{"href":"https:\/\/stadtkirche-geretsried.de\/stadtkirche\/wp-json\/wp\/v2\/pages"}],"about":[{"href":"https:\/\/stadtkirche-geretsried.de\/stadtkirche\/wp-json\/wp\/v2\/types\/page"}],"author":[{"embeddable":true,"href":"https:\/\/stadtkirche-geretsried.de\/stadtkirche\/wp-json\/wp\/v2\/users\/1"}],"replies":[{"embeddable":true,"href":"https:\/\/stadtkirche-geretsried.de\/stadtkirche\/wp-json\/wp\/v2\/comments?post=1190"}],"version-history":[{"count":4,"href":"https:\/\/stadtkirche-geretsried.de\/stadtkirche\/wp-json\/wp\/v2\/pages\/1190\/revisions"}],"predecessor-version":[{"id":3957,"href":"https:\/\/stadtkirche-geretsried.de\/stadtkirche\/wp-json\/wp\/v2\/pages\/1190\/revisions\/3957"}],"wp:attachment":[{"href":"https:\/\/stadtkirche-geretsried.de\/stadtkirche\/wp-json\/wp\/v2\/media?parent=1190"}],"curies":[{"name":"wp","href":"https:\/\/api.w.org\/{rel}","templated":true}]}}