{"id":1187,"date":"2021-11-01T17:15:45","date_gmt":"2021-11-01T16:15:45","guid":{"rendered":"http:\/\/stadtkirche-geretsried.de\/stadtkirche\/?page_id=1187"},"modified":"2025-01-07T15:23:11","modified_gmt":"2025-01-07T14:23:11","slug":"ich-in-die-katholische-kirche-wieder-eintreten-will","status":"publish","type":"page","link":"https:\/\/stadtkirche-geretsried.de\/stadtkirche\/ich-in-die-katholische-kirche-wieder-eintreten-will\/","title":{"rendered":"\u2026ich in die katholische Kirche (wieder) eintreten will?"},"content":{"rendered":"\n<p><\/p>\n\n\n\n<div class=\"wp-block-media-text has-media-on-the-right is-stacked-on-mobile\" style=\"grid-template-columns:auto 17%\"><div class=\"wp-block-media-text__content\">\n<p>Dann sind Sie uns herzlich willkommen. \u00dcber das Pfarramt bekommen Sie Kontakt zu einem unserer Seelsorger, der den Prozess des Kircheneintritts begleitet. Der Austritt aus der Kirche ist ein schlichter formaler Akt &#8211; der Eintritt in die Kirche hingegen ein gemeinsamer Weg. Wir m\u00f6chten Sie bei dieser Glaubensentscheidung begleiten und st\u00e4rken. Dazu geh\u00f6rt in einem ersten Schritt ein Gespr\u00e4ch \u00fcber ihren Glauben, die Gr\u00fcnde, die Sie eventuell zum Austritt bewogen haben und die Motivation, die zum Eintritt oder Wiedereintritt beigetragen hat. Gemeinsam mit dem Seelsorger stellen Sie beim Bischof dann den Antrag auf Aufnahme oder Aufnahme oder Wiederaufnahme in die Kirche. Nach einigen Wochen kann dann die entsprechende Feier stattfinden:<\/p>\n\n\n\n<ul id=\"block-20fce0d6-63cc-4b3e-bd4c-f67750b3878d\" class=\"wp-block-list\">\n<li>Bei einem Neueintritt die Feier von Taufe, Firmung und Kommunion in einem Gottesdienst.<\/li>\n\n\n\n<li>Bei einem Wiedereintritt die Feier der Wiederaufnahme in die Kirche.<\/li>\n\n\n\n<li>Bei einer Konversion die Feier der Aufnahme in die Katholische Kirche.<\/li>\n<\/ul>\n<\/div><figure class=\"wp-block-media-text__media\"><img loading=\"lazy\" decoding=\"async\" width=\"202\" height=\"302\" src=\"https:\/\/stadtkirche-geretsried.de\/stadtkirche\/wp-content\/uploads\/2025\/01\/Kath.-Stadtkirche-Gere.png\" alt=\"\" class=\"wp-image-3952 size-full\" srcset=\"https:\/\/stadtkirche-geretsried.de\/stadtkirche\/wp-content\/uploads\/2025\/01\/Kath.-Stadtkirche-Gere.png 202w, https:\/\/stadtkirche-geretsried.de\/stadtkirche\/wp-content\/uploads\/2025\/01\/Kath.-Stadtkirche-Gere-201x300.png 201w\" sizes=\"auto, (max-width: 202px) 100vw, 202px\" \/><\/figure><\/div>\n\n\n\n<p><\/p>\n\n\n\n<hr class=\"wp-block-separator has-text-color has-black-color has-css-opacity has-black-background-color has-background is-style-wide\"\/>\n\n\n\n<p><a href=\"https:\/\/stadtkirche-geretsried.de\/stadtkirche\/sakramente\/\">&gt;Hier&lt; finden Sie Informationen zu den Sakramenten<\/a><\/p>\n\n\n\n<hr class=\"wp-block-separator has-text-color has-black-color has-css-opacity has-black-background-color has-background is-style-wide\"\/>\n","protected":false},"excerpt":{"rendered":"<p>&gt;Hier&lt; finden Sie Informationen zu den Sakramenten<\/p>\n","protected":false},"author":1,"featured_media":0,"parent":0,"menu_order":0,"comment_status":"closed","ping_status":"closed","template":"","meta":{"colormag_page_container_layout":"default_layout","colormag_page_sidebar_layout":"default_layout","footnotes":""},"class_list":["post-1187","page","type-page","status-publish","hentry"],"_links":{"self":[{"href":"https:\/\/stadtkirche-geretsried.de\/stadtkirche\/wp-json\/wp\/v2\/pages\/1187","targetHints":{"allow":["GET"]}}],"collection":[{"href":"https:\/\/stadtkirche-geretsried.de\/stadtkirche\/wp-json\/wp\/v2\/pages"}],"about":[{"href":"https:\/\/stadtkirche-geretsried.de\/stadtkirche\/wp-json\/wp\/v2\/types\/page"}],"author":[{"embeddable":true,"href":"https:\/\/stadtkirche-geretsried.de\/stadtkirche\/wp-json\/wp\/v2\/users\/1"}],"replies":[{"embeddable":true,"href":"https:\/\/stadtkirche-geretsried.de\/stadtkirche\/wp-json\/wp\/v2\/comments?post=1187"}],"version-history":[{"count":4,"href":"https:\/\/stadtkirche-geretsried.de\/stadtkirche\/wp-json\/wp\/v2\/pages\/1187\/revisions"}],"predecessor-version":[{"id":3954,"href":"https:\/\/stadtkirche-geretsried.de\/stadtkirche\/wp-json\/wp\/v2\/pages\/1187\/revisions\/3954"}],"wp:attachment":[{"href":"https:\/\/stadtkirche-geretsried.de\/stadtkirche\/wp-json\/wp\/v2\/media?parent=1187"}],"curies":[{"name":"wp","href":"https:\/\/api.w.org\/{rel}","templated":true}]}}