{"id":1184,"date":"2021-11-01T17:13:24","date_gmt":"2021-11-01T16:13:24","guid":{"rendered":"http:\/\/stadtkirche-geretsried.de\/stadtkirche\/?page_id=1184"},"modified":"2025-01-07T12:18:35","modified_gmt":"2025-01-07T11:18:35","slug":"mir-jemand-auffaellt-der-krank-einsam-oder-hilfsbeduerftig-ist","status":"publish","type":"page","link":"https:\/\/stadtkirche-geretsried.de\/stadtkirche\/mir-jemand-auffaellt-der-krank-einsam-oder-hilfsbeduerftig-ist\/","title":{"rendered":"\u2026mir jemand auff\u00e4llt, der krank, einsam oder hilfsbed\u00fcrftig ist?"},"content":{"rendered":"\n<div class=\"wp-block-media-text has-media-on-the-right is-stacked-on-mobile\" style=\"grid-template-columns:auto 26%\"><div class=\"wp-block-media-text__content\">\n<p><\/p>\n\n\n\n<p>Dann haben sie einen guten Blick. Auch der Blick Jesu wandte sich nicht von Armen, Notleidenden und Kranken ab, sondern suchte sie. In einem zweiten Schritt steht dann das Handeln. Fragen Sie sich selbst, was Sie f\u00fcr diese Person tun k\u00f6nnen, die Sie als bed\u00fcrftig wahrgenommen haben. Ein gutes Wort, eine helfende Hand oder ein Gebet. Oft ist allein das Gef\u00fchl von jemand wahrgenommen zu werden schon ein Trost. Manchmal \u00fcbersteigt der Bedarf an Unterst\u00fctzung aber das, was man selbst leisten kann. Hier k\u00f6nnen wir mit unseren kirchlichen Angeboten helfen, beispielsweise durch einen regelm\u00e4\u00dfigen Besuch von Ehrenamtlichen, die Krankenkommunion zu Hause oder der Anschluss an eine unserer Gruppierung. Sprechen Sie uns an \u2013 dann finden wir bestimmt einen Weg gemeinsam zu helfen.<\/p>\n<\/div><figure class=\"wp-block-media-text__media\"><img loading=\"lazy\" decoding=\"async\" width=\"300\" height=\"200\" src=\"https:\/\/stadtkirche-geretsried.de\/stadtkirche\/wp-content\/uploads\/2021\/11\/pexels-anna-shvets-5231282-e1635789746479.jpg\" alt=\"\" class=\"wp-image-1232 size-full\"\/><\/figure><\/div>\n\n\n\n<hr class=\"wp-block-separator has-text-color has-black-color has-css-opacity has-black-background-color has-background is-style-wide\"\/>\n\n\n\n<p><a href=\"https:\/\/stadtkirche-geretsried.de\/stadtkirche\/sakramente\/\">&gt;Hier&lt; finden Sie Informationen zu den Sakramenten<\/a><\/p>\n\n\n\n<hr class=\"wp-block-separator has-text-color has-black-color has-css-opacity has-black-background-color has-background is-style-wide\"\/>\n","protected":false},"excerpt":{"rendered":"<p>Dann haben sie einen guten Blick. Auch der Blick Jesu wandte sich nicht von Armen, Notleidenden und Kranken ab, sondern<\/p>\n","protected":false},"author":1,"featured_media":0,"parent":0,"menu_order":0,"comment_status":"closed","ping_status":"closed","template":"","meta":{"colormag_page_container_layout":"default_layout","colormag_page_sidebar_layout":"default_layout","footnotes":""},"class_list":["post-1184","page","type-page","status-publish","hentry"],"_links":{"self":[{"href":"https:\/\/stadtkirche-geretsried.de\/stadtkirche\/wp-json\/wp\/v2\/pages\/1184","targetHints":{"allow":["GET"]}}],"collection":[{"href":"https:\/\/stadtkirche-geretsried.de\/stadtkirche\/wp-json\/wp\/v2\/pages"}],"about":[{"href":"https:\/\/stadtkirche-geretsried.de\/stadtkirche\/wp-json\/wp\/v2\/types\/page"}],"author":[{"embeddable":true,"href":"https:\/\/stadtkirche-geretsried.de\/stadtkirche\/wp-json\/wp\/v2\/users\/1"}],"replies":[{"embeddable":true,"href":"https:\/\/stadtkirche-geretsried.de\/stadtkirche\/wp-json\/wp\/v2\/comments?post=1184"}],"version-history":[{"count":4,"href":"https:\/\/stadtkirche-geretsried.de\/stadtkirche\/wp-json\/wp\/v2\/pages\/1184\/revisions"}],"predecessor-version":[{"id":3950,"href":"https:\/\/stadtkirche-geretsried.de\/stadtkirche\/wp-json\/wp\/v2\/pages\/1184\/revisions\/3950"}],"wp:attachment":[{"href":"https:\/\/stadtkirche-geretsried.de\/stadtkirche\/wp-json\/wp\/v2\/media?parent=1184"}],"curies":[{"name":"wp","href":"https:\/\/api.w.org\/{rel}","templated":true}]}}