{"id":1165,"date":"2021-11-01T16:54:55","date_gmt":"2021-11-01T15:54:55","guid":{"rendered":"http:\/\/stadtkirche-geretsried.de\/stadtkirche\/?page_id=1165"},"modified":"2025-01-07T11:43:00","modified_gmt":"2025-01-07T10:43:00","slug":"ich-oder-jemand-aus-meinem-umfeld-die-krankenkommunion-krankenbesuch-oder-die-krankensalbung-empfangen-moechte","status":"publish","type":"page","link":"https:\/\/stadtkirche-geretsried.de\/stadtkirche\/ich-oder-jemand-aus-meinem-umfeld-die-krankenkommunion-krankenbesuch-oder-die-krankensalbung-empfangen-moechte\/","title":{"rendered":"\u2026ich oder jemand aus meinem Umfeld die Krankenkommunion, Krankenbesuch oder die Krankensalbung empfangen m\u00f6chte?"},"content":{"rendered":"\n<div class=\"wp-block-media-text has-media-on-the-right is-stacked-on-mobile\" style=\"grid-template-columns:auto 23%\"><div class=\"wp-block-media-text__content\">\n<p>Ein Anruf im Pfarrb\u00fcro gen\u00fcgt.<br>Die Seelsorger werden mit Ihnen oder Ihren Angeh\u00f6rigen einen g\u00fcnstigen Termin vereinbaren. Die Krankensalbungen spendet der Pfarrer, die Krankenkommunion wird von allen Mitgliedern des Pastoralteams oder auch den Kommunionhelfern gebracht. Wer regelm\u00e4\u00dfig die Krankenkommunion empfangen m\u00f6chte, dessen Name und Telefonnummer wird von den Pfarrsekret\u00e4rinnen auf einer Liste notiert. Die Seelsorger setzen sich dann automatisch ein paar Tage vor dem Termin mit Ihnen bzw. Ihren Angeh\u00f6rigen in Verbindung.<\/p>\n\n\n\n<p>Das brauchen Sie:<br>Eigentlich brauchen Sie \u00fcberhaupt nichts vorzubereiten, denn das Wesentliche bringen die Seelsorger mit.<br>Sinnvoll, aber keineswegs unbedingt notwendig ist es, wenn im Krankenzimmer eine Kerze brennt und Weihwasser vorhanden w\u00e4re.<br>Gerne k\u00f6nnen Angeh\u00f6rige mit dabei sein. Das gemeinsame Beten tut nicht nur dem Kranken gut.<\/p>\n<\/div><figure class=\"wp-block-media-text__media\"><img loading=\"lazy\" decoding=\"async\" width=\"300\" height=\"200\" src=\"https:\/\/stadtkirche-geretsried.de\/stadtkirche\/wp-content\/uploads\/2021\/11\/pexels-shvets-production-8900025-e1635788724844.jpg\" alt=\"\" class=\"wp-image-1214 size-full\"\/><\/figure><\/div>\n\n\n\n<hr class=\"wp-block-separator has-text-color has-black-color has-css-opacity has-black-background-color has-background is-style-wide\"\/>\n\n\n\n<p><a href=\"https:\/\/stadtkirche-geretsried.de\/stadtkirche\/sakramente\/\">&gt;Hier&lt; finden Sie Informationen zu den Sakramenten<\/a><\/p>\n\n\n\n<hr class=\"wp-block-separator has-text-color has-black-color has-css-opacity has-black-background-color has-background is-style-wide\"\/>\n\n\n\n<p><\/p>\n","protected":false},"excerpt":{"rendered":"<p>Ein Anruf im Pfarrb\u00fcro gen\u00fcgt.Die Seelsorger werden mit Ihnen oder Ihren Angeh\u00f6rigen einen g\u00fcnstigen Termin vereinbaren. Die Krankensalbungen spendet der<\/p>\n","protected":false},"author":1,"featured_media":0,"parent":0,"menu_order":0,"comment_status":"closed","ping_status":"closed","template":"","meta":{"colormag_page_container_layout":"default_layout","colormag_page_sidebar_layout":"default_layout","footnotes":""},"class_list":["post-1165","page","type-page","status-publish","hentry"],"_links":{"self":[{"href":"https:\/\/stadtkirche-geretsried.de\/stadtkirche\/wp-json\/wp\/v2\/pages\/1165","targetHints":{"allow":["GET"]}}],"collection":[{"href":"https:\/\/stadtkirche-geretsried.de\/stadtkirche\/wp-json\/wp\/v2\/pages"}],"about":[{"href":"https:\/\/stadtkirche-geretsried.de\/stadtkirche\/wp-json\/wp\/v2\/types\/page"}],"author":[{"embeddable":true,"href":"https:\/\/stadtkirche-geretsried.de\/stadtkirche\/wp-json\/wp\/v2\/users\/1"}],"replies":[{"embeddable":true,"href":"https:\/\/stadtkirche-geretsried.de\/stadtkirche\/wp-json\/wp\/v2\/comments?post=1165"}],"version-history":[{"count":5,"href":"https:\/\/stadtkirche-geretsried.de\/stadtkirche\/wp-json\/wp\/v2\/pages\/1165\/revisions"}],"predecessor-version":[{"id":3932,"href":"https:\/\/stadtkirche-geretsried.de\/stadtkirche\/wp-json\/wp\/v2\/pages\/1165\/revisions\/3932"}],"wp:attachment":[{"href":"https:\/\/stadtkirche-geretsried.de\/stadtkirche\/wp-json\/wp\/v2\/media?parent=1165"}],"curies":[{"name":"wp","href":"https:\/\/api.w.org\/{rel}","templated":true}]}}