{"id":1162,"date":"2021-11-01T16:51:12","date_gmt":"2021-11-01T15:51:12","guid":{"rendered":"http:\/\/stadtkirche-geretsried.de\/stadtkirche\/?page_id=1162"},"modified":"2025-01-07T11:39:19","modified_gmt":"2025-01-07T10:39:19","slug":"ich-heiraten-moechte","status":"publish","type":"page","link":"https:\/\/stadtkirche-geretsried.de\/stadtkirche\/ich-heiraten-moechte\/","title":{"rendered":"\u2026ich heiraten m\u00f6chte?"},"content":{"rendered":"\n<div class=\"wp-block-media-text has-media-on-the-right is-stacked-on-mobile\" style=\"grid-template-columns:auto 26%\"><div class=\"wp-block-media-text__content\">\n<p>Das brauchen Sie:<\/p>\n\n\n\n<ol class=\"wp-block-list\">\n<li>Zwei vollj\u00e4hrige Trauzeugen die Ihnen nicht nur in der kirchlichen Trauung, sondern auch im Eheleben zur Seite stehen werden\u2026<br><\/li>\n\n\n\n<li>G\u00fcltige Taufscheine, nicht \u00e4lter als 6 Monate. Diese erh\u00e4lt man in der Pfarrei, in der man getauft wurde, oder beim Matrikelamt in M\u00fcnchen.<br><\/li>\n\n\n\n<li>Standesamtliche Ehebescheinigung. Denn in Deutschland muss die standesamtliche Trauung vor der kirchlichen stattfinden.<\/li>\n<\/ol>\n\n\n\n<p><\/p>\n\n\n\n<p><\/p>\n<\/div><figure class=\"wp-block-media-text__media\"><img loading=\"lazy\" decoding=\"async\" width=\"300\" height=\"200\" src=\"https:\/\/stadtkirche-geretsried.de\/stadtkirche\/wp-content\/uploads\/2021\/11\/pexels-deesha-chandra-35981-e1635788632910.jpg\" alt=\"\" class=\"wp-image-1212 size-full\"\/><\/figure><\/div>\n\n\n\n<hr class=\"wp-block-separator has-alpha-channel-opacity has-text-color has-background has-black-background-color has-black-color is-style-wide\" id=\"block-458a77d2-ad06-4e14-aa3c-d99cae012c95\"\/>\n\n\n\n<p id=\"block-1354d0bb-3760-4282-8fca-58c81dff0fbe\"><a href=\"https:\/\/stadtkirche-geretsried.de\/stadtkirche\/sakramente\/\">&gt;Hier&lt; finden Sie Informationen zu den Sakramenten<\/a><\/p>\n\n\n\n<hr class=\"wp-block-separator has-alpha-channel-opacity has-text-color has-background has-black-background-color has-black-color is-style-wide\" id=\"block-665c6306-ba64-4bde-ac39-4835a20dd665\"\/>\n\n\n\n<p><\/p>\n","protected":false},"excerpt":{"rendered":"<p>&gt;Hier&lt; finden Sie Informationen zu den Sakramenten<\/p>\n","protected":false},"author":1,"featured_media":0,"parent":0,"menu_order":0,"comment_status":"closed","ping_status":"closed","template":"","meta":{"colormag_page_container_layout":"default_layout","colormag_page_sidebar_layout":"default_layout","footnotes":""},"class_list":["post-1162","page","type-page","status-publish","hentry"],"_links":{"self":[{"href":"https:\/\/stadtkirche-geretsried.de\/stadtkirche\/wp-json\/wp\/v2\/pages\/1162","targetHints":{"allow":["GET"]}}],"collection":[{"href":"https:\/\/stadtkirche-geretsried.de\/stadtkirche\/wp-json\/wp\/v2\/pages"}],"about":[{"href":"https:\/\/stadtkirche-geretsried.de\/stadtkirche\/wp-json\/wp\/v2\/types\/page"}],"author":[{"embeddable":true,"href":"https:\/\/stadtkirche-geretsried.de\/stadtkirche\/wp-json\/wp\/v2\/users\/1"}],"replies":[{"embeddable":true,"href":"https:\/\/stadtkirche-geretsried.de\/stadtkirche\/wp-json\/wp\/v2\/comments?post=1162"}],"version-history":[{"count":4,"href":"https:\/\/stadtkirche-geretsried.de\/stadtkirche\/wp-json\/wp\/v2\/pages\/1162\/revisions"}],"predecessor-version":[{"id":3927,"href":"https:\/\/stadtkirche-geretsried.de\/stadtkirche\/wp-json\/wp\/v2\/pages\/1162\/revisions\/3927"}],"wp:attachment":[{"href":"https:\/\/stadtkirche-geretsried.de\/stadtkirche\/wp-json\/wp\/v2\/media?parent=1162"}],"curies":[{"name":"wp","href":"https:\/\/api.w.org\/{rel}","templated":true}]}}