{"id":96,"date":"2020-05-12T08:10:35","date_gmt":"2020-05-12T06:10:35","guid":{"rendered":"https:\/\/stadtkirche-geretsried.de\/nk\/?page_id=96"},"modified":"2022-06-10T15:57:45","modified_gmt":"2022-06-10T13:57:45","slug":"ausstattung","status":"publish","type":"page","link":"https:\/\/stadtkirche-geretsried.de\/nk\/ausstattung\/","title":{"rendered":"Die Ausstattung der Kapelle"},"content":{"rendered":"\n<p>Die Kapelle besitzt nur eine sehr einfache Ausstattung.<\/p>\n\n\n\n<p>Am Altar befinden sich ein Tabernakelkreuz mit schmerzhafter Muttergottes, vier einfache silberne Barockleuchter und ein Me\u00dfpult mit Intarsien, die zwei Engel und die Initialen A.G. darstellen.<\/p>\n\n\n\n<div class=\"wp-block-columns is-layout-flex wp-container-core-columns-layout-1 wp-block-columns-is-layout-flex\">\n<div class=\"wp-block-column is-layout-flow wp-block-column-is-layout-flow\">\n<div class=\"wp-block-image is-style-default\"><figure class=\"aligncenter size-full is-resized\"><img loading=\"lazy\" decoding=\"async\" src=\"https:\/\/stadtkirche-geretsried.de\/nk\/wp-content\/uploads\/2020\/06\/DSCN7992-1.jpg\" alt=\"\" class=\"wp-image-246\" width=\"300\" height=\"225\" srcset=\"https:\/\/stadtkirche-geretsried.de\/nk\/wp-content\/uploads\/2020\/06\/DSCN7992-1.jpg 1000w, https:\/\/stadtkirche-geretsried.de\/nk\/wp-content\/uploads\/2020\/06\/DSCN7992-1-300x225.jpg 300w, https:\/\/stadtkirche-geretsried.de\/nk\/wp-content\/uploads\/2020\/06\/DSCN7992-1-768x576.jpg 768w, https:\/\/stadtkirche-geretsried.de\/nk\/wp-content\/uploads\/2020\/06\/DSCN7992-1-624x468.jpg 624w\" sizes=\"(max-width: 300px) 100vw, 300px\" \/><figcaption>Altar mit Kreuz und Leuchter<\/figcaption><\/figure><\/div>\n<\/div>\n\n\n\n<div class=\"wp-block-column is-layout-flow wp-block-column-is-layout-flow\">\n<div class=\"wp-block-image is-style-default\"><figure class=\"aligncenter size-full is-resized\"><img loading=\"lazy\" decoding=\"async\" src=\"https:\/\/stadtkirche-geretsried.de\/nk\/wp-content\/uploads\/2020\/06\/IMG_1698.jpg\" alt=\"\" class=\"wp-image-247\" width=\"300\" height=\"225\" srcset=\"https:\/\/stadtkirche-geretsried.de\/nk\/wp-content\/uploads\/2020\/06\/IMG_1698.jpg 1000w, https:\/\/stadtkirche-geretsried.de\/nk\/wp-content\/uploads\/2020\/06\/IMG_1698-300x225.jpg 300w, https:\/\/stadtkirche-geretsried.de\/nk\/wp-content\/uploads\/2020\/06\/IMG_1698-768x576.jpg 768w, https:\/\/stadtkirche-geretsried.de\/nk\/wp-content\/uploads\/2020\/06\/IMG_1698-624x468.jpg 624w\" sizes=\"(max-width: 300px) 100vw, 300px\" \/><figcaption>Me\u00dfpult mit Intarsien<\/figcaption><\/figure><\/div>\n<\/div>\n<\/div>\n\n\n\n<p>Die 14 Kreuzwegstationen sind Drucke in schlichtem Rahmen. An den W\u00e4nden wurden die zw\u00f6lf Apostelkreuze, die vergoldete Kerzenhalter verzieren, in ihrer urspr\u00fcnglichen Form wiederhergestellt. <\/p>\n\n\n\n<div class=\"wp-block-columns is-layout-flex wp-container-core-columns-layout-2 wp-block-columns-is-layout-flex\">\n<div class=\"wp-block-column is-layout-flow wp-block-column-is-layout-flow\">\n<div class=\"wp-block-image is-style-default\"><figure class=\"aligncenter size-full is-resized\"><a href=\"https:\/\/stadtkirche-geretsried.de\/nk\/wp-content\/uploads\/2020\/06\/Kreuzweg-in-der-SNK-in-Geretsried_XIIII_bX-001.jpg\"><img loading=\"lazy\" decoding=\"async\" src=\"https:\/\/stadtkirche-geretsried.de\/nk\/wp-content\/uploads\/2020\/06\/Kreuzweg-in-der-SNK-in-Geretsried_XIIII_bX-001.jpg\" alt=\"\" class=\"wp-image-259\" width=\"300\" height=\"212\" srcset=\"https:\/\/stadtkirche-geretsried.de\/nk\/wp-content\/uploads\/2020\/06\/Kreuzweg-in-der-SNK-in-Geretsried_XIIII_bX-001.jpg 1754w, https:\/\/stadtkirche-geretsried.de\/nk\/wp-content\/uploads\/2020\/06\/Kreuzweg-in-der-SNK-in-Geretsried_XIIII_bX-001-300x212.jpg 300w, https:\/\/stadtkirche-geretsried.de\/nk\/wp-content\/uploads\/2020\/06\/Kreuzweg-in-der-SNK-in-Geretsried_XIIII_bX-001-1024x724.jpg 1024w, https:\/\/stadtkirche-geretsried.de\/nk\/wp-content\/uploads\/2020\/06\/Kreuzweg-in-der-SNK-in-Geretsried_XIIII_bX-001-768x543.jpg 768w, https:\/\/stadtkirche-geretsried.de\/nk\/wp-content\/uploads\/2020\/06\/Kreuzweg-in-der-SNK-in-Geretsried_XIIII_bX-001-1536x1086.jpg 1536w, https:\/\/stadtkirche-geretsried.de\/nk\/wp-content\/uploads\/2020\/06\/Kreuzweg-in-der-SNK-in-Geretsried_XIIII_bX-001-624x441.jpg 624w\" sizes=\"(max-width: 300px) 100vw, 300px\" \/><\/a><figcaption>Kreuzwegstationen<\/figcaption><\/figure><\/div>\n<\/div>\n\n\n\n<div class=\"wp-block-column is-layout-flow wp-block-column-is-layout-flow\">\n<div class=\"wp-block-image is-style-default\"><figure class=\"aligncenter size-full is-resized\"><img loading=\"lazy\" decoding=\"async\" src=\"https:\/\/stadtkirche-geretsried.de\/nk\/wp-content\/uploads\/2020\/06\/ApostelkreuzX.jpg\" alt=\"\" class=\"wp-image-249\" width=\"145\" height=\"212\" srcset=\"https:\/\/stadtkirche-geretsried.de\/nk\/wp-content\/uploads\/2020\/06\/ApostelkreuzX.jpg 1000w, https:\/\/stadtkirche-geretsried.de\/nk\/wp-content\/uploads\/2020\/06\/ApostelkreuzX-206x300.jpg 206w, https:\/\/stadtkirche-geretsried.de\/nk\/wp-content\/uploads\/2020\/06\/ApostelkreuzX-702x1024.jpg 702w, https:\/\/stadtkirche-geretsried.de\/nk\/wp-content\/uploads\/2020\/06\/ApostelkreuzX-768x1120.jpg 768w, https:\/\/stadtkirche-geretsried.de\/nk\/wp-content\/uploads\/2020\/06\/ApostelkreuzX-624x910.jpg 624w\" sizes=\"(max-width: 145px) 100vw, 145px\" \/><figcaption>Apostelkreuz mit Kerze<\/figcaption><\/figure><\/div>\n\n\n\n<p><\/p>\n<\/div>\n<\/div>\n\n\n\n<p>An der Nordwand befindet sich ein Kruzifix mit einer sehr ausdrucksstarken Darstellung des Gekreuzigten. Das Gest\u00fchl besteht aus zweimal f\u00fcnf Bankreihen. Die Wangen zeigen ein einfaches Profil. <\/p>\n\n\n\n<div class=\"wp-block-columns is-layout-flex wp-container-core-columns-layout-3 wp-block-columns-is-layout-flex\">\n<div class=\"wp-block-column is-layout-flow wp-block-column-is-layout-flow\">\n<div class=\"wp-block-image is-style-default\"><figure class=\"aligncenter size-large is-resized\"><img loading=\"lazy\" decoding=\"async\" src=\"https:\/\/stadtkirche-geretsried.de\/nk\/wp-content\/uploads\/2020\/06\/Nikolauskapelle-22-683x1024.jpg\" alt=\"\" class=\"wp-image-250\" width=\"133\" height=\"200\" srcset=\"https:\/\/stadtkirche-geretsried.de\/nk\/wp-content\/uploads\/2020\/06\/Nikolauskapelle-22-683x1024.jpg 683w, https:\/\/stadtkirche-geretsried.de\/nk\/wp-content\/uploads\/2020\/06\/Nikolauskapelle-22-200x300.jpg 200w, https:\/\/stadtkirche-geretsried.de\/nk\/wp-content\/uploads\/2020\/06\/Nikolauskapelle-22-768x1152.jpg 768w, https:\/\/stadtkirche-geretsried.de\/nk\/wp-content\/uploads\/2020\/06\/Nikolauskapelle-22-624x936.jpg 624w, https:\/\/stadtkirche-geretsried.de\/nk\/wp-content\/uploads\/2020\/06\/Nikolauskapelle-22.jpg 1000w\" sizes=\"(max-width: 133px) 100vw, 133px\" \/><figcaption>Kruzifix<\/figcaption><\/figure><\/div>\n\n\n\n<p><\/p>\n<\/div>\n\n\n\n<div class=\"wp-block-column is-layout-flow wp-block-column-is-layout-flow\">\n<div class=\"wp-block-image is-style-default\"><figure class=\"aligncenter size-full is-resized\"><img loading=\"lazy\" decoding=\"async\" src=\"https:\/\/stadtkirche-geretsried.de\/nk\/wp-content\/uploads\/2020\/06\/Nikolauskapelle-24.jpg\" alt=\"\" class=\"wp-image-251\" width=\"300\" height=\"200\" srcset=\"https:\/\/stadtkirche-geretsried.de\/nk\/wp-content\/uploads\/2020\/06\/Nikolauskapelle-24.jpg 1000w, https:\/\/stadtkirche-geretsried.de\/nk\/wp-content\/uploads\/2020\/06\/Nikolauskapelle-24-300x200.jpg 300w, https:\/\/stadtkirche-geretsried.de\/nk\/wp-content\/uploads\/2020\/06\/Nikolauskapelle-24-768x512.jpg 768w, https:\/\/stadtkirche-geretsried.de\/nk\/wp-content\/uploads\/2020\/06\/Nikolauskapelle-24-624x416.jpg 624w\" sizes=\"(max-width: 300px) 100vw, 300px\" \/><figcaption>Innenraum<\/figcaption><\/figure><\/div>\n<\/div>\n<\/div>\n\n\n\n<p>Die Schl\u00f6sser und Schl\u00fcssel der Au\u00dfent\u00fcr sowie der T\u00fcr zur Sakristei sind besonders sch\u00f6ne Schmiedearbeiten.<\/p>\n\n\n\n<div class=\"wp-block-columns is-layout-flex wp-container-core-columns-layout-4 wp-block-columns-is-layout-flex\">\n<div class=\"wp-block-column is-layout-flow wp-block-column-is-layout-flow\">\n<div class=\"wp-block-image is-style-default\"><figure class=\"aligncenter size-full is-resized\"><img loading=\"lazy\" decoding=\"async\" src=\"https:\/\/stadtkirche-geretsried.de\/nk\/wp-content\/uploads\/2020\/06\/IMG_0695.jpg\" alt=\"\" class=\"wp-image-252\" width=\"300\" height=\"200\"\/><figcaption>T\u00fcrschloss<\/figcaption><\/figure><\/div>\n<\/div>\n\n\n\n<div class=\"wp-block-column is-layout-flow wp-block-column-is-layout-flow\">\n<div class=\"wp-block-image is-style-default\"><figure class=\"aligncenter size-full is-resized\"><img loading=\"lazy\" decoding=\"async\" src=\"https:\/\/stadtkirche-geretsried.de\/nk\/wp-content\/uploads\/2020\/06\/IMG_7091.jpg\" alt=\"\" class=\"wp-image-253\" width=\"300\" height=\"200\" srcset=\"https:\/\/stadtkirche-geretsried.de\/nk\/wp-content\/uploads\/2020\/06\/IMG_7091.jpg 1000w, https:\/\/stadtkirche-geretsried.de\/nk\/wp-content\/uploads\/2020\/06\/IMG_7091-300x200.jpg 300w, https:\/\/stadtkirche-geretsried.de\/nk\/wp-content\/uploads\/2020\/06\/IMG_7091-768x512.jpg 768w, https:\/\/stadtkirche-geretsried.de\/nk\/wp-content\/uploads\/2020\/06\/IMG_7091-624x416.jpg 624w\" sizes=\"(max-width: 300px) 100vw, 300px\" \/><figcaption>T\u00fcrschl\u00fcssel<\/figcaption><\/figure><\/div>\n<\/div>\n<\/div>\n","protected":false},"excerpt":{"rendered":"<p>Die Kapelle besitzt nur eine sehr einfache Ausstattung. Am Altar befinden sich ein Tabernakelkreuz mit schmerzhafter Muttergottes, vier einfache silberne Barockleuchter und ein Me\u00dfpult mit Intarsien, die zwei Engel und die Initialen A.G. darstellen. Die 14 Kreuzwegstationen sind Drucke in schlichtem Rahmen. An den W\u00e4nden wurden die zw\u00f6lf Apostelkreuze, die vergoldete Kerzenhalter verzieren, in ihrer [&hellip;]<\/p>\n","protected":false},"author":1,"featured_media":0,"parent":0,"menu_order":0,"comment_status":"closed","ping_status":"closed","template":"","meta":{"footnotes":""},"_links":{"self":[{"href":"https:\/\/stadtkirche-geretsried.de\/nk\/wp-json\/wp\/v2\/pages\/96"}],"collection":[{"href":"https:\/\/stadtkirche-geretsried.de\/nk\/wp-json\/wp\/v2\/pages"}],"about":[{"href":"https:\/\/stadtkirche-geretsried.de\/nk\/wp-json\/wp\/v2\/types\/page"}],"author":[{"embeddable":true,"href":"https:\/\/stadtkirche-geretsried.de\/nk\/wp-json\/wp\/v2\/users\/1"}],"replies":[{"embeddable":true,"href":"https:\/\/stadtkirche-geretsried.de\/nk\/wp-json\/wp\/v2\/comments?post=96"}],"version-history":[{"count":5,"href":"https:\/\/stadtkirche-geretsried.de\/nk\/wp-json\/wp\/v2\/pages\/96\/revisions"}],"predecessor-version":[{"id":626,"href":"https:\/\/stadtkirche-geretsried.de\/nk\/wp-json\/wp\/v2\/pages\/96\/revisions\/626"}],"wp:attachment":[{"href":"https:\/\/stadtkirche-geretsried.de\/nk\/wp-json\/wp\/v2\/media?parent=96"}],"curies":[{"name":"wp","href":"https:\/\/api.w.org\/{rel}","templated":true}]}}