{"id":8,"date":"2020-05-11T18:53:38","date_gmt":"2020-05-11T16:53:38","guid":{"rendered":"https:\/\/stadtkirche-geretsried.de\/nk\/?page_id=8"},"modified":"2022-12-14T08:05:04","modified_gmt":"2022-12-14T07:05:04","slug":"kontakt","status":"publish","type":"page","link":"https:\/\/stadtkirche-geretsried.de\/nk\/kontakt\/","title":{"rendered":"Kontakt"},"content":{"rendered":"\n<div class=\"wp-block-columns is-layout-flex wp-container-core-columns-layout-1 wp-block-columns-is-layout-flex\">\n<div class=\"wp-block-column is-layout-flow wp-block-column-is-layout-flow\" style=\"flex-basis:15%\">\n<p><strong>Sitz des Vereins:<\/strong><\/p>\n<\/div>\n\n\n\n<div class=\"wp-block-column is-layout-flow wp-block-column-is-layout-flow\" style=\"flex-basis:66.66%\">\n<p>Interessengemeinschaft f\u00fcr die Erhaltung der St.-Nikolaus-Kapelle in Geretsried e. V.<br>c\/o Katholisches Pfarramt der Pfarrei &#8222;Maria Hilf&#8220;<br>Johann-Sebastian-Bach-Stra\u00dfe 2<br>82538 Geretsried<\/p>\n<\/div>\n<\/div>\n\n\n\n<div class=\"wp-block-columns is-layout-flex wp-container-core-columns-layout-2 wp-block-columns-is-layout-flex\">\n<div class=\"wp-block-column is-layout-flow wp-block-column-is-layout-flow\" style=\"flex-basis:15%\">\n<p><strong>Kontakt zum Verein:<\/strong><\/p>\n<\/div>\n\n\n\n<div class=\"wp-block-column is-layout-flow wp-block-column-is-layout-flow\" style=\"flex-basis:66.66%\">\n<p>Dipl.Ing. Florian Sachers<br>Isaraustr. 17<br>82538 Geretsried<br>Tel. 08171 51455<br>Email: <a rel=\"noreferrer noopener\" href=\"mailto:post@stnikolauskapelle.de\" target=\"_blank\">post@stnikolauskapelle.de<\/a><\/p>\n<\/div>\n<\/div>\n\n\n\n<div class=\"wp-block-columns is-layout-flex wp-container-core-columns-layout-3 wp-block-columns-is-layout-flex\">\n<div class=\"wp-block-column is-layout-flow wp-block-column-is-layout-flow\" style=\"flex-basis:15%\">\n<p><strong>Vorstand:<\/strong><\/p>\n<\/div>\n\n\n\n<div class=\"wp-block-column is-layout-flow wp-block-column-is-layout-flow\" style=\"flex-basis:66.66%\">\n<ol><li>Vorsitzender: Dipl.Ing. Florian Sachers \u2013 Tel. 08171 51455<br>Email: <a rel=\"noreferrer noopener\" href=\"mailto:post@stnikolauskapelle.de\" target=\"_blank\">post@stnikolauskapelle.de<\/a><\/li><li>Vorsitzender: Josef Urso \u2013 Tel. 08171 31986<\/li><li>Vorsitzender: Andreas Vogelmeier &#8211; Tel. 08171 98280<\/li><\/ol>\n<\/div>\n<\/div>\n\n\n\n<div class=\"wp-block-columns is-layout-flex wp-container-core-columns-layout-4 wp-block-columns-is-layout-flex\">\n<div class=\"wp-block-column is-layout-flow wp-block-column-is-layout-flow\" style=\"flex-basis:15%\">\n<p><strong>Mitglieds-beitrag:<\/strong><\/p>\n<\/div>\n\n\n\n<div class=\"wp-block-column is-layout-flow wp-block-column-is-layout-flow\" style=\"flex-basis:66.66%\">\n<p>5,00 \u20ac im Jahr<\/p>\n<\/div>\n<\/div>\n\n\n\n<div class=\"wp-block-columns is-layout-flex wp-container-core-columns-layout-5 wp-block-columns-is-layout-flex\">\n<div class=\"wp-block-column is-layout-flow wp-block-column-is-layout-flow\" style=\"flex-basis:15%\">\n<p><strong>Bank-<br>verbindung:<\/strong><\/p>\n<\/div>\n\n\n\n<div class=\"wp-block-column is-layout-flow wp-block-column-is-layout-flow\" style=\"flex-basis:66.66%\">\n<p>IBAN: DE05 7005 4306 0000 0730 49<br> BIC: BYLADEM1WOR<br>Sparkasse Bad T\u00f6lz-Wolfratshausen BLZ 700 543 06<br>Kontonummer 73049<\/p>\n\n\n\n<p><em>Der Verein ist als gemeinn\u00fctzig anerkannt.<\/em><\/p>\n\n\n\n<p><em>Spendenquittungen f\u00fcr Spenden mehr als 300,00 Euro erhalten Sie \u00fcber die oben genannte Adresse und geben Sie Ihre Anschrift auf dem \u00dcberweisungstr\u00e4ger im Verwendungszweck an. F\u00fcr Betr\u00e4ge bis einschlie\u00dflich 300,00 Euro gen\u00fcgt dem Finanzamt die Kopie des Kontoauszugs.<\/em><br><em>Bei Fragen bitte anrufen: Florian Sachers&nbsp; 08171 51455.<\/em><\/p>\n<\/div>\n<\/div>\n\n\n\n<div class=\"wp-block-columns is-layout-flex wp-container-core-columns-layout-6 wp-block-columns-is-layout-flex\">\n<div class=\"wp-block-column is-layout-flow wp-block-column-is-layout-flow\" style=\"flex-basis:15%\">\n<p><strong>Beitritt zum Verein:<\/strong><\/p>\n<\/div>\n\n\n\n<div class=\"wp-block-column is-layout-flow wp-block-column-is-layout-flow\" style=\"flex-basis:66.66%\">\n<p>durch Abgabe einer m\u00fcndlichen oder schriftlichen Erkl\u00e4rung an den Vorstand (siehe <a rel=\"noreferrer noopener\" href=\"https:\/\/stadtkirche-geretsried.de\/nk\/?page_id=299\" target=\"_blank\">Satzung<\/a> \u00a73) &#8211; <a href=\"https:\/\/stadtkirche-geretsried.de\/nk\/?page_id=527\">Link zum Beitrittsformular<\/a><\/p>\n<\/div>\n<\/div>\n\n\n\n<p><\/p>\n","protected":false},"excerpt":{"rendered":"<p>Sitz des Vereins: Interessengemeinschaft f\u00fcr die Erhaltung der St.-Nikolaus-Kapelle in Geretsried e. V.c\/o Katholisches Pfarramt der Pfarrei &#8222;Maria Hilf&#8220;Johann-Sebastian-Bach-Stra\u00dfe 282538 Geretsried Kontakt zum Verein: Dipl.Ing. Florian SachersIsaraustr. 1782538 GeretsriedTel. 08171 51455Email: post@stnikolauskapelle.de Vorstand: Vorsitzender: Dipl.Ing. Florian Sachers \u2013 Tel. 08171 51455Email: post@stnikolauskapelle.de Vorsitzender: Josef Urso \u2013 Tel. 08171 31986 Vorsitzender: Andreas Vogelmeier &#8211; Tel. 08171 [&hellip;]<\/p>\n","protected":false},"author":1,"featured_media":0,"parent":0,"menu_order":0,"comment_status":"closed","ping_status":"closed","template":"","meta":{"footnotes":""},"_links":{"self":[{"href":"https:\/\/stadtkirche-geretsried.de\/nk\/wp-json\/wp\/v2\/pages\/8"}],"collection":[{"href":"https:\/\/stadtkirche-geretsried.de\/nk\/wp-json\/wp\/v2\/pages"}],"about":[{"href":"https:\/\/stadtkirche-geretsried.de\/nk\/wp-json\/wp\/v2\/types\/page"}],"author":[{"embeddable":true,"href":"https:\/\/stadtkirche-geretsried.de\/nk\/wp-json\/wp\/v2\/users\/1"}],"replies":[{"embeddable":true,"href":"https:\/\/stadtkirche-geretsried.de\/nk\/wp-json\/wp\/v2\/comments?post=8"}],"version-history":[{"count":4,"href":"https:\/\/stadtkirche-geretsried.de\/nk\/wp-json\/wp\/v2\/pages\/8\/revisions"}],"predecessor-version":[{"id":927,"href":"https:\/\/stadtkirche-geretsried.de\/nk\/wp-json\/wp\/v2\/pages\/8\/revisions\/927"}],"wp:attachment":[{"href":"https:\/\/stadtkirche-geretsried.de\/nk\/wp-json\/wp\/v2\/media?parent=8"}],"curies":[{"name":"wp","href":"https:\/\/api.w.org\/{rel}","templated":true}]}}