{"id":67,"date":"2020-05-12T05:55:52","date_gmt":"2020-05-12T03:55:52","guid":{"rendered":"https:\/\/stadtkirche-geretsried.de\/nk\/?page_id=67"},"modified":"2022-06-10T15:56:05","modified_gmt":"2022-06-10T13:56:05","slug":"das-bauwerk","status":"publish","type":"page","link":"https:\/\/stadtkirche-geretsried.de\/nk\/das-bauwerk\/","title":{"rendered":"Das Bauwerk"},"content":{"rendered":"\n<p>Die St. Nikolaus-Kapelle ist das \u00e4lteste Bauwerk von Geretsried und war viele Jahrzehnte das einzige, das unter Denkmalschutz stand.<\/p>\n\n\n\n<div class=\"wp-block-columns is-layout-flex wp-container-core-columns-layout-1 wp-block-columns-is-layout-flex\">\n<div class=\"wp-block-column is-layout-flow wp-block-column-is-layout-flow\">\n<div class=\"wp-block-image is-style-default\"><figure class=\"aligncenter size-full is-resized\"><img loading=\"lazy\" decoding=\"async\" src=\"https:\/\/stadtkirche-geretsried.de\/nk\/wp-content\/uploads\/2020\/06\/Bauzeichn_Grundriss2.jpg\" alt=\"\" class=\"wp-image-234\" width=\"300\" height=\"300\"\/><figcaption>Bauzeichnung: Grundriss<\/figcaption><\/figure><\/div>\n<\/div>\n\n\n\n<div class=\"wp-block-column is-layout-flow wp-block-column-is-layout-flow\">\n<div class=\"wp-block-image is-style-default\"><figure class=\"aligncenter size-large is-resized\"><img loading=\"lazy\" decoding=\"async\" src=\"https:\/\/stadtkirche-geretsried.de\/nk\/wp-content\/uploads\/2020\/06\/Bauzeichn_AnsichtX-809x1024.jpg\" alt=\"\" class=\"wp-image-233\" width=\"237\" height=\"300\" srcset=\"https:\/\/stadtkirche-geretsried.de\/nk\/wp-content\/uploads\/2020\/06\/Bauzeichn_AnsichtX-809x1024.jpg 809w, https:\/\/stadtkirche-geretsried.de\/nk\/wp-content\/uploads\/2020\/06\/Bauzeichn_AnsichtX-237x300.jpg 237w, https:\/\/stadtkirche-geretsried.de\/nk\/wp-content\/uploads\/2020\/06\/Bauzeichn_AnsichtX-768x972.jpg 768w, https:\/\/stadtkirche-geretsried.de\/nk\/wp-content\/uploads\/2020\/06\/Bauzeichn_AnsichtX-624x789.jpg 624w, https:\/\/stadtkirche-geretsried.de\/nk\/wp-content\/uploads\/2020\/06\/Bauzeichn_AnsichtX.jpg 1000w\" sizes=\"(max-width: 237px) 100vw, 237px\" \/><figcaption>Bauzeichnung: Seitenansicht<\/figcaption><\/figure><\/div>\n<\/div>\n<\/div>\n\n\n\n<p>Im <a href=\"https:\/\/pfarreimariahilf.de\/nikolauskapelle\/literatur.html\">Handbuch der deutschen Baudenkm\u00e4ler<\/a> von DEHIO wird die Kapelle als achteckiger Zentralbau beschrieben, mit einem Turm an der S\u00fcdseite und einem Klostergew\u00f6lbe. Im Typus ist sie \u00e4hnlich der Wallfahrtskirche &#8222;Maria Elend&#8220;, ein Kilometer s\u00fcdlich von Dietramszell.<\/p>\n\n\n\n<p>In dem vom Landesamt f\u00fcr Denkmalspflege in M\u00fcnchen 1994 herausgegebenen Werk &#8222;<a href=\"https:\/\/pfarreimariahilf.de\/nikolauskapelle\/literatur.html\">Denkm\u00e4ler in Bayern<\/a>&#8220; wird die St. Nikolaus-Kapelle sehr ausf\u00fchrlich beschrieben.<\/p>\n\n\n\n<p>Bei der Restaurierung der Kapelle wurden nachtr\u00e4glich genaue Pl\u00e4ne erstellt.<\/p>\n\n\n\n<div class=\"wp-block-columns is-layout-flex wp-container-core-columns-layout-2 wp-block-columns-is-layout-flex\">\n<div class=\"wp-block-column is-layout-flow wp-block-column-is-layout-flow\">\n<div class=\"wp-block-image is-style-default\"><figure class=\"aligncenter size-full is-resized\"><img loading=\"lazy\" decoding=\"async\" src=\"https:\/\/stadtkirche-geretsried.de\/nk\/wp-content\/uploads\/2020\/06\/Bauzeichn_GrundrissX.jpg\" alt=\"\" class=\"wp-image-235\" width=\"300\" height=\"300\"\/><figcaption>Detaillierter Grundriss<\/figcaption><\/figure><\/div>\n<\/div>\n\n\n\n<div class=\"wp-block-column is-layout-flow wp-block-column-is-layout-flow\">\n<div class=\"wp-block-image is-style-default\"><figure class=\"aligncenter size-full is-resized\"><img loading=\"lazy\" decoding=\"async\" src=\"https:\/\/stadtkirche-geretsried.de\/nk\/wp-content\/uploads\/2020\/06\/Bauzeichn_Querschn.jpg\" alt=\"\" class=\"wp-image-236\" width=\"223\" height=\"300\" srcset=\"https:\/\/stadtkirche-geretsried.de\/nk\/wp-content\/uploads\/2020\/06\/Bauzeichn_Querschn.jpg 1000w, https:\/\/stadtkirche-geretsried.de\/nk\/wp-content\/uploads\/2020\/06\/Bauzeichn_Querschn-223x300.jpg 223w, https:\/\/stadtkirche-geretsried.de\/nk\/wp-content\/uploads\/2020\/06\/Bauzeichn_Querschn-762x1024.jpg 762w, https:\/\/stadtkirche-geretsried.de\/nk\/wp-content\/uploads\/2020\/06\/Bauzeichn_Querschn-768x1032.jpg 768w, https:\/\/stadtkirche-geretsried.de\/nk\/wp-content\/uploads\/2020\/06\/Bauzeichn_Querschn-624x839.jpg 624w\" sizes=\"(max-width: 223px) 100vw, 223px\" \/><figcaption>Detaillierter Seitenriss der Kapelle von Osten<\/figcaption><\/figure><\/div>\n<\/div>\n<\/div>\n\n\n\n<p>Dem oktogonalen Zentralbau ist im S\u00fcdwesten ein Sakristeiraum angef\u00fcgt. Halb \u00fcber der Sakristei sitzt der im unteren Teil quadratische, oben achteckige Turm, der von einer Turmzwiebel abgeschlossen wird. Symmetrisch rechts und links vom zentralen Eingang befinden sich hohe, oben und unten eingezogene, rundbogige Fenster. Mauern und Gew\u00f6lbe bestehen aus Tuffstein, einem einheimischen Baustein aus Kalk.<\/p>\n\n\n\n<p>\u00dcber dem Zentralbau erhebt sich eine Dachkonstruktion aus Holz. Das Dach und die Turmzwiebel sind mit L\u00e4rchenschindeln gedeckt. Markantes Zeichen von Dach und Turm sind die abschlie\u00dfenden Verzierungen mit jeweils einer vergoldeten Kugel und einem&nbsp;<a rel=\"noreferrer noopener\" href=\"https:\/\/stadtkirche-geretsried.de\/nk\/?p=239\" target=\"_blank\">Doppelkreuz<\/a>.<\/p>\n\n\n\n<p>Schlichte Eisengitter an T\u00fcr und Fenstern dienen der Sicherung der Innenr\u00e4ume der St. Nikolaus-Kapelle.<\/p>\n\n\n\n<p>Fassade und Innenw\u00e4nde tragen einen haltbaren Anstrich, der wie fr\u00fcher aus Sumpfkalk hergestellt wurde. Die Farbgebung selbst erfolgte nach den analytischen Befunden, die an Proben aus dem Mauerwerk erhalten wurden.<\/p>\n","protected":false},"excerpt":{"rendered":"<p>Die St. Nikolaus-Kapelle ist das \u00e4lteste Bauwerk von Geretsried und war viele Jahrzehnte das einzige, das unter Denkmalschutz stand. Im Handbuch der deutschen Baudenkm\u00e4ler von DEHIO wird die Kapelle als achteckiger Zentralbau beschrieben, mit einem Turm an der S\u00fcdseite und einem Klostergew\u00f6lbe. Im Typus ist sie \u00e4hnlich der Wallfahrtskirche &#8222;Maria Elend&#8220;, ein Kilometer s\u00fcdlich von [&hellip;]<\/p>\n","protected":false},"author":1,"featured_media":0,"parent":0,"menu_order":0,"comment_status":"closed","ping_status":"closed","template":"","meta":{"footnotes":""},"_links":{"self":[{"href":"https:\/\/stadtkirche-geretsried.de\/nk\/wp-json\/wp\/v2\/pages\/67"}],"collection":[{"href":"https:\/\/stadtkirche-geretsried.de\/nk\/wp-json\/wp\/v2\/pages"}],"about":[{"href":"https:\/\/stadtkirche-geretsried.de\/nk\/wp-json\/wp\/v2\/types\/page"}],"author":[{"embeddable":true,"href":"https:\/\/stadtkirche-geretsried.de\/nk\/wp-json\/wp\/v2\/users\/1"}],"replies":[{"embeddable":true,"href":"https:\/\/stadtkirche-geretsried.de\/nk\/wp-json\/wp\/v2\/comments?post=67"}],"version-history":[{"count":5,"href":"https:\/\/stadtkirche-geretsried.de\/nk\/wp-json\/wp\/v2\/pages\/67\/revisions"}],"predecessor-version":[{"id":625,"href":"https:\/\/stadtkirche-geretsried.de\/nk\/wp-json\/wp\/v2\/pages\/67\/revisions\/625"}],"wp:attachment":[{"href":"https:\/\/stadtkirche-geretsried.de\/nk\/wp-json\/wp\/v2\/media?parent=67"}],"curies":[{"name":"wp","href":"https:\/\/api.w.org\/{rel}","templated":true}]}}