{"id":65,"date":"2020-05-12T05:54:55","date_gmt":"2020-05-12T03:54:55","guid":{"rendered":"https:\/\/stadtkirche-geretsried.de\/nk\/?page_id=65"},"modified":"2022-04-07T10:22:36","modified_gmt":"2022-04-07T08:22:36","slug":"geschichte-der-kapelle","status":"publish","type":"page","link":"https:\/\/stadtkirche-geretsried.de\/nk\/geschichte-der-kapelle\/","title":{"rendered":"Geschichte der Kapelle"},"content":{"rendered":"\n<p>Die Kapelle, wie sie heute noch steht, wurde nach vorausgegangenem schlimmen &#8222;paufall&#8220; (bauf\u00e4llig) im Jahre 1722 als barocker achteckiger Zentralbau aus Stein wieder errichtet. Dies konnte nach Genehmigung des F\u00fcrstbischofs von Freising aus eigenen Mitteln geschehen. Bei diesem Neubau erhielt die Kirche einen kleinen Sakristeianbau, ein Zwiebelt\u00fcrmchen und eine Friedhofsmauer.<\/p>\n\n\n\n<p>Das Gotteshaus wurde am 18. September 1722 durch den Freisinger F\u00fcrstbischof Johann Franz Eckher von Kapfing dem Heiligen Nikolaus als Filialkirche von K\u00f6nigsdorf geweiht. Am Tag zuvor weihte der Bischof die Kirche St. Margaretha in Huppenberg. Die Kirchen in Geretsried und Huppenberg waren die letzten beiden, von insgesamt 11 Filialkirchen des Pfarrsprengels K\u00f6nigsdorf. Dazu geh\u00f6rten die auf der linken Isarseite gelegenen Pfarreien Geretsried, Huppenberg, Fischbach und Wackersberg sowie auf der rechten Isarseite Ascholding, Hechenberg, Kirchbichl, Ellbach, und Gai\u00dfach, aber auch die heute im Vergleich zu K\u00f6nigsdorf viel bedeutenderen Pfarreien in T\u00f6lz und Lenggries.<\/p>\n\n\n\n<p>Die elf K\u00f6nigsdorfer Filialkirche sind bereits in der Konradinschen Matrikel aus dem Jahre 1315 aufgef\u00fchrt, in der Geretsried noch als Gerhartsried gef\u00fchrt wird. Die Filialkirchen besa\u00dfen das Begr\u00e4bnisrecht (cum sepulturis). Der Friedhof befand sich im S\u00fcden der Kapelle und bestand noch bis zum Jahre 1823. Bei der Trockenlegung der Kapellenfundamente anl\u00e4\u00dflich der Restaurierung wurden in diesem Bereich Reste menschlicher Skelette gefunden.<\/p>\n\n\n\n<p>Im 3. Band der &#8222;Statistischen Beschreibung des Ersbisthums M\u00fcnchen-Freising&#8220; aus dem Jahre 1884 steht \u00fcber die Filialkirche Geretsried unter anderem geschrieben: &#8222;Gottesdienst am Patrocinium; am Dienstag der Bittwoche Kreuzgang der K\u00f6nigsdorfer Pfarrgemeinde hierher und heilige Messe.&#8220; Diese Bittg\u00e4nge zur Geretsrieder St.Nikolaus-Kapelle waren Tradition noch bis in die Zeit nach dem zweiten Weltkrieg<\/p>\n\n\n\n<p>Im Jahre 1954 wurde in Geretsried die Pfarrei &#8222;Maria Hilf&#8220; gegr\u00fcndet, der danach auch die Betreuung der St.Nikolaus-Kapelle \u00fcbertragen wurde.<\/p>\n\n\n\n<p>Lies hier weiter:<\/p>\n\n\n<ul class=\"wp-block-latest-posts__list alignleft wp-block-latest-posts\"><li><a class=\"wp-block-latest-posts__post-title\" href=\"https:\/\/stadtkirche-geretsried.de\/nk\/300-jahre-alte-kirchenrechnungen-von-1719-und-1720\/\">300 Jahre alte Kirchenrechnungen von 1719 und 1720<\/a><\/li>\n<\/ul>","protected":false},"excerpt":{"rendered":"<p>Die Kapelle, wie sie heute noch steht, wurde nach vorausgegangenem schlimmen &#8222;paufall&#8220; (bauf\u00e4llig) im Jahre 1722 als barocker achteckiger Zentralbau aus Stein wieder errichtet. Dies konnte nach Genehmigung des F\u00fcrstbischofs von Freising aus eigenen Mitteln geschehen. Bei diesem Neubau erhielt die Kirche einen kleinen Sakristeianbau, ein Zwiebelt\u00fcrmchen und eine Friedhofsmauer. Das Gotteshaus wurde am 18. [&hellip;]<\/p>\n","protected":false},"author":1,"featured_media":0,"parent":0,"menu_order":0,"comment_status":"closed","ping_status":"closed","template":"","meta":{"footnotes":""},"_links":{"self":[{"href":"https:\/\/stadtkirche-geretsried.de\/nk\/wp-json\/wp\/v2\/pages\/65"}],"collection":[{"href":"https:\/\/stadtkirche-geretsried.de\/nk\/wp-json\/wp\/v2\/pages"}],"about":[{"href":"https:\/\/stadtkirche-geretsried.de\/nk\/wp-json\/wp\/v2\/types\/page"}],"author":[{"embeddable":true,"href":"https:\/\/stadtkirche-geretsried.de\/nk\/wp-json\/wp\/v2\/users\/1"}],"replies":[{"embeddable":true,"href":"https:\/\/stadtkirche-geretsried.de\/nk\/wp-json\/wp\/v2\/comments?post=65"}],"version-history":[{"count":5,"href":"https:\/\/stadtkirche-geretsried.de\/nk\/wp-json\/wp\/v2\/pages\/65\/revisions"}],"predecessor-version":[{"id":539,"href":"https:\/\/stadtkirche-geretsried.de\/nk\/wp-json\/wp\/v2\/pages\/65\/revisions\/539"}],"wp:attachment":[{"href":"https:\/\/stadtkirche-geretsried.de\/nk\/wp-json\/wp\/v2\/media?parent=65"}],"curies":[{"name":"wp","href":"https:\/\/api.w.org\/{rel}","templated":true}]}}