{"id":527,"date":"2022-04-07T07:15:57","date_gmt":"2022-04-07T05:15:57","guid":{"rendered":"https:\/\/stadtkirche-geretsried.de\/nk\/?page_id=527"},"modified":"2022-04-07T07:15:57","modified_gmt":"2022-04-07T05:15:57","slug":"mitglied-werden","status":"publish","type":"page","link":"https:\/\/stadtkirche-geretsried.de\/nk\/mitglied-werden\/","title":{"rendered":"Mitglied werden"},"content":{"rendered":"\n<p>Werde Mitglied beim Verein, um die Erhaltung der St. Nikolauskapelle zu unterst\u00fctzen.<br>Lade nachstehendes Formular herunter und sende es ausgef\u00fcllt an den Vorsitzenden zur\u00fcck. Der Verein freut sich \u00fcber jedes Neumitglied.<\/p>\n\n\n\n<div data-wp-interactive=\"\" class=\"wp-block-file\"><object data-wp-bind--hidden=\"!selectors.core.file.hasPdfPreview\" hidden class=\"wp-block-file__embed\" data=\"https:\/\/stadtkirche-geretsried.de\/nk\/wp-content\/uploads\/2022\/04\/BeitrittEinzugserm-2018.pdf\" type=\"application\/pdf\" style=\"width:100%;height:850px\" aria-label=\"Einbettung von Einbettung von Beitritt+Einzugsermaechtigung..\"><\/object><a href=\"https:\/\/stadtkirche-geretsried.de\/nk\/wp-content\/uploads\/2022\/04\/BeitrittEinzugserm-2018.pdf\" target=\"_blank\" rel=\"noreferrer noopener\">Beitritt+Einzugsermaechtigung<\/a><a href=\"https:\/\/stadtkirche-geretsried.de\/nk\/wp-content\/uploads\/2022\/04\/BeitrittEinzugserm-2018.pdf\" class=\"wp-block-file__button\" download>Herunterladen<\/a><\/div>\n","protected":false},"excerpt":{"rendered":"<p>Werde Mitglied beim Verein, um die Erhaltung der St. Nikolauskapelle zu unterst\u00fctzen.Lade nachstehendes Formular herunter und sende es ausgef\u00fcllt an den Vorsitzenden zur\u00fcck. Der Verein freut sich \u00fcber jedes Neumitglied.<\/p>\n","protected":false},"author":1,"featured_media":0,"parent":0,"menu_order":0,"comment_status":"closed","ping_status":"closed","template":"","meta":{"footnotes":""},"_links":{"self":[{"href":"https:\/\/stadtkirche-geretsried.de\/nk\/wp-json\/wp\/v2\/pages\/527"}],"collection":[{"href":"https:\/\/stadtkirche-geretsried.de\/nk\/wp-json\/wp\/v2\/pages"}],"about":[{"href":"https:\/\/stadtkirche-geretsried.de\/nk\/wp-json\/wp\/v2\/types\/page"}],"author":[{"embeddable":true,"href":"https:\/\/stadtkirche-geretsried.de\/nk\/wp-json\/wp\/v2\/users\/1"}],"replies":[{"embeddable":true,"href":"https:\/\/stadtkirche-geretsried.de\/nk\/wp-json\/wp\/v2\/comments?post=527"}],"version-history":[{"count":1,"href":"https:\/\/stadtkirche-geretsried.de\/nk\/wp-json\/wp\/v2\/pages\/527\/revisions"}],"predecessor-version":[{"id":528,"href":"https:\/\/stadtkirche-geretsried.de\/nk\/wp-json\/wp\/v2\/pages\/527\/revisions\/528"}],"wp:attachment":[{"href":"https:\/\/stadtkirche-geretsried.de\/nk\/wp-json\/wp\/v2\/media?parent=527"}],"curies":[{"name":"wp","href":"https:\/\/api.w.org\/{rel}","templated":true}]}}