{"id":455,"date":"2020-12-08T12:37:38","date_gmt":"2020-12-08T11:37:38","guid":{"rendered":"https:\/\/stadtkirche-geretsried.de\/nk\/?page_id=455"},"modified":"2020-12-08T12:37:38","modified_gmt":"2020-12-08T11:37:38","slug":"satzung-2","status":"publish","type":"page","link":"https:\/\/stadtkirche-geretsried.de\/nk\/satzung-2\/","title":{"rendered":"Satzung"},"content":{"rendered":"\n<p><strong><u>\u00a7 1 (Name und Zweck<\/u><\/strong><strong>)<\/strong><\/p>\n\n\n\n<p>Zweck des Vereins ist, durch die Beschaffung von Mitteln und die Hingabe an die Pfarrei ,,Maria Hilf&#8220; die St. Nikolaus-Kapelle in Geretsried zu restaurieren und zu erhalten. Dadurch soll die Verbundenheit der modernen Industriegemeinde Geretsried mit ihrem geschichtlichen Ursprung und besonders mit dem ehrw\u00fcrdigsten Bauwerk der alten Ortschaft Geretsried zum Ausdruck gebracht werden. Der Verein ist selbstlos t\u00e4tig, er verfolgt nicht in erster Linie eigenwirtschaftliche Zwecke.<\/p>\n\n\n\n<p>Dieses gemeinn\u00fctzige und kirchlichen Zwecken dienende Ziel soll erreicht werden durch freiwillige, unentgeltliche Arbeitsleistungen, Spenden und Beitr\u00e4ge der Mitglieder des Vereins und durch Werbung f\u00fcr Spenden und Beitr\u00e4ge ideeller Art durch Dritte.<\/p>\n\n\n\n<p>Der Verein verfolgt ausschlie\u00dflich und unmittelbar gemeinn\u00fctzige Zwecke im Sinne des Abschnitts \u201eSteuerbeg\u00fcnstigte Zwecke\u201c der Abgabenordnung.<\/p>\n\n\n\n<p>Er f\u00fchrt den Namen<\/p>\n\n\n\n<p>\u201elnteressengemeinschaft f\u00fcr die Erhaltung der<br>St. Nikolaus-Kapelle in Geretsried e.V.\u201c<\/p>\n\n\n\n<p><strong><u>\u00a7 2 (Sitz Eintragung<\/u><\/strong><strong>)<\/strong><\/p>\n\n\n\n<p>Der Verein hat seinen Sitz in 82538 Geretsried, Johann-Sebastian-Bach-Stra\u00dfe 2 (Katholisches Pfarramt der Pfarrei \u201eMaria Hilf\u201c) und soll in das Vereinsregister des Amtsgerichts Wolfratshausen eingetragen werden.<\/p>\n\n\n\n<p><strong><u>\u00a7 3 (Erwerb und Ende der Mitgliedschaft<\/u><\/strong><strong>)<\/strong><\/p>\n\n\n\n<p>Die Mitgliedschaft k\u00f6nnen nat\u00fcrliche und juristische Personen erwerben durch Abgabe einer m\u00fcndlichen oder schriftlichen Beitrittserkl\u00e4rung an den Vorstand oder eine von diesem beauftragte Person, die Mitglied des Vereins sein muss. \u00dcber die Aufnahme entscheidet der Vorstand.<\/p>\n\n\n\n<p>Die Mitgliedschaft endet durch Austritt, durch Ausschluss oder durch Tod des Mitglieds.<\/p>\n\n\n\n<p>Der Austritt aus dem Verein kann jederzeit durch Abgabe einer schriftlichen Erkl\u00e4rung gegen\u00fcber dem Vorstand erfolgen.<\/p>\n\n\n\n<p>Ein Ausschluss kann bei vereinssch\u00e4digendem Verhalten oder bei Nichtzahlung des Mitglieds-beitrags erfolgen und wird vom Vorstand beschlossen. Der\/Die Ausgeschlossene kann gegen\u00fcber der Mitgliederversammlung Berufung einlegen.<\/p>\n\n\n\n<p><strong><u>\u00a7 4 (Pflichten der Mitglieder)<\/u><\/strong><\/p>\n\n\n\n<p>Die Mitglieder f\u00f6rdern die Interessen des Vereins.<\/p>\n\n\n\n<p>Sie sind zur Leistung eines Beitrags verpflichtet, der j\u00e4hrlich im Voraus zu entrichten ist. Die H\u00f6he des Beitrags wird durch die Mitgliederversammlung festgesetzt.<\/p>\n\n\n\n<p>Im Falle eines Austritts oder Ausschlusses aus dem Verein ist der gesamte Betrag f\u00fcr das laufende Gesch\u00e4ftsjahr zu entrichten.<\/p>\n\n\n\n<p><strong><u>\u00a7 5 (Verwendung der Mittel)<\/u><\/strong><strong><\/strong><\/p>\n\n\n\n<p>Mittel des Vereins d\u00fcrfen nur f\u00fcr satzungsgem\u00e4\u00dfe Zwecke verwendet werden. Die Mitglieder erhalten keine Zuwendungen aus Mitteln des Vereins.<\/p>\n\n\n\n<p>Es darf keine Person durch Ausgaben, die dem Zweck der K\u00f6rperschaft fremd sind, oder durch unverh\u00e4ltnism\u00e4\u00dfig hohe Verg\u00fctungen beg\u00fcnstigt werden.<\/p>\n\n\n\n<p><strong><u>\u00a7 6 (Organe des Vereines)<\/u><\/strong><strong><\/strong><\/p>\n\n\n\n<p>Organe des Vereines sind der Vorstand, der Ausschuss und die Arbeitskreise sowie die Mitglie-derversammlung.<\/p>\n\n\n\n<p><strong><u>\u00a7 7 (Wahlen)<\/u><\/strong><strong><\/strong><\/p>\n\n\n\n<p>Die Mitglieder des Vorstands, des Ausschusses und der Arbeitskreise werden von der Mitgliederversammlung auf die Dauer von drei Jahren mit einfacher Mehrheit der erschienenen Mitglieder gew\u00e4hlt. Eine Wiederwahl ist m\u00f6glich.<\/p>\n\n\n\n<p>Das Gesch\u00e4ftsjahr des Vereins beginnt am 1. Dezember und endet am 30. November des folgenden Jahres.<\/p>\n\n\n\n<p><strong><u>\u00a7 8 (Zusammensetzung und Aufgaben des Vorstandes)<\/u><\/strong><strong><\/strong><\/p>\n\n\n\n<p>Der Vorstand des Vereins besteht aus dem\/der ersten, zweiten und dritten Vorsitzenden.<\/p>\n\n\n\n<p>Jede\/Jeder der Vorsitzenden ist berechtigt, den Verein zu vertreten. Im lnnenverh\u00e4ltnis ist der\/die erste Vorsitzende allein zur Vertretung des Vereins berechtigt, bei ihrer\/seiner Verhinderung der\/die zweite Vorsitzende und bei deren\/dessen gleichzeitiger Verhinderung der\/die dritte Vorsitzende.<\/p>\n\n\n\n<p><strong><u>\u00a7 9 (Zusammensetzung und Aufgaben des Ausschusses)<\/u><\/strong><strong><\/strong><\/p>\n\n\n\n<p>Der Ausschuss setzt sich zusammen aus<\/p>\n\n\n\n<p>dem\/der 1. Vorsitzenden,<\/p>\n\n\n\n<p>dem\/der 2. Vorsitzenden,<\/p>\n\n\n\n<p>dem\/der 3. Vorsitzenden,<\/p>\n\n\n\n<p>dem\/der 1. Rechnungsf\u00fchrer\/Rechnungsf\u00fchrerin,<\/p>\n\n\n\n<p>dem\/der 1. Schriftf\u00fchrer\/Schriftf\u00fchrerin und<\/p>\n\n\n\n<p>dem\/der 2. Schriftf\u00fchrer\/Schriftf\u00fchrerin.<\/p>\n\n\n\n<p>Der Vorstand beruft den Ausschuss mindestens einmal im Jahr zu einer Sitzung ein, au\u00dferdem auf Antrag von mindestens drei Ausschussmitgliedern.<\/p>\n\n\n\n<p>Der Ausschuss bespricht alle wichtigen Vereinsangelegenheiten und ber\u00e4t den Vorstand bei ihrer Ausf\u00fchrung.<\/p>\n\n\n\n<p><strong><u>\u00a7 10 (Pr\u00fcfung der Finanzen)<\/u><\/strong><\/p>\n\n\n\n<p>Der Finanzbericht und die entsprechenden Unterlagen, wie Kassenb\u00fccher, Kontoausz\u00fcge und Belege werden mindestens einmal im Jahr von zwei Finanzpr\u00fcfern\/Finanzpr\u00fcferinnen gepr\u00fcft. Die Finanzpr\u00fcfer\/Finanzpr\u00fcferinnen werden von der Mitgliederversammlung f\u00fcr die Dauer von drei Jahren gew\u00e4hlt.<\/p>\n\n\n\n<p><strong><u>\u00a7 11 (Einberufung der Mitgliederversammlung, Aufgaben<\/u><\/strong><strong>)<\/strong><\/p>\n\n\n\n<p>Die Mitgliederversammlung ist einmal im Jahr vom Vorstand einzuberufen (Hauptversammlung). Die Einberufung erfolgt unter Mitteilung der Tagesordnung mindestens vier Tage im Voraus durch Einr\u00fccken im ,,Isar-Kurier&#8220;. Eine au\u00dferordentliche Mitgliederversammlung ist auf Antrag von mindestens einem Drittel der Mitglieder oder dann einzuberufen, wenn es nach Ermessen des Vorstands erforderlich ist.<\/p>\n\n\n\n<p>Eine ordnungsgem\u00e4\u00df einberufene Mitgliederversammlung ist jederzeit beschlussf\u00e4hig. Jedes Mitglied ist, von den im Gesetz zwingend vorgeschriebenen Ausnahmen abgesehen, stimm-berechtigt. Die Beschlussfassung erfolgt durch einfache Mehrheit der Stimmen der erschienenen Mitglieder, au\u00dfer wenn im Gesetz oder in dieser Satzung etwas anderes vorgeschrieben ist.<\/p>\n\n\n\n<p>Zu den Aufgaben der Mitgliederversammlung geh\u00f6ren:<\/p>\n\n\n\n<p>die Entgegennahme des Gesch\u00e4fts- und Finanzberichts,<\/p>\n\n\n\n<p>die Entgegennahme und Genehmigung des Berichts der Finanzpr\u00fcfer\/Finanzpr\u00fcferinnen,<\/p>\n\n\n\n<p>die Wahl und die Entlastung der Mitglieder von Vorstand, Ausschuss und der Arbeitskreise,<\/p>\n\n\n\n<p>die Wahl von zwei Finanzpr\u00fcfern\/Finanzpr\u00fcferinnen,<\/p>\n\n\n\n<p>die \u00c4nderung der Satzung,<\/p>\n\n\n\n<p>die Beschlussfassung \u00fcber vorliegende Antr\u00e4ge zur Tagesordnung,<\/p>\n\n\n\n<p>die Festsetzung der H\u00f6he der Mitgliedsbeitr\u00e4ge,<\/p>\n\n\n\n<p>die Aufl\u00f6sung des Vereins.<\/p>\n\n\n\n<p><strong><u>\u00a7 12 (Satzungs\u00e4nderung<\/u><\/strong><strong>)<\/strong><\/p>\n\n\n\n<p>Zu einem Beschluss, der eine \u00c4nderung der Satzung enth\u00e4lt, ist eine Mehrheit von drei Vierteln der erschienenen Mitglieder erforderlich.<\/p>\n\n\n\n<p><strong><u>\u00a7 13 (Aufl\u00f6sung des Vereines<\/u><\/strong><strong>)<\/strong><\/p>\n\n\n\n<p>Die Aufl\u00f6sung des Vereins kann nur durch einen Beschluss der Mitgliederversammlung mit einer Mehrheit von mindestens zwei Dritteln der Stimmen der erschienenen Mitglieder erfolgen.<\/p>\n\n\n\n<p><strong><u>\u00a7 14 (Anfall des Vereinsverm\u00f6gens)<\/u><\/strong><\/p>\n\n\n\n<p>Bei Aufhebung des Vereins oder bei Wegfall steuerbeg\u00fcnstigter Zwecke f\u00e4llt das vorhandene Vereinsverm\u00f6gen der r\u00f6misch-katholischen Kirchenstiftung Maria Hilf in Geretsried zu, die es zugunsten der St. Nikolaus-Kapelle in Geretsried verwenden muss. Dies gilt auch bei Wegfall des bisherigen Vereinszwecks. <strong><br><\/strong><\/p>\n\n\n\n<p><strong><u>\u00a7 15 (Beurkundungen<\/u><\/strong><strong>)<\/strong><\/p>\n\n\n\n<p>\u00dcber die Mitgliederversammlungen und die Sitzungen des Ausschusses sind Niederschriften aufzunehmen, die von dem\/der jeweiligen Leiter\/Leiterin der Versammlung oder Sitzung und dem\/der Schriftf\u00fchrer\/Schriftf\u00fchrerin zu unterzeichnen sind.<\/p>\n\n\n\n<p><strong><u>\u00a7 16 (Inkrafttreten der Satzung<\/u><\/strong><strong>)<\/strong><\/p>\n\n\n\n<p>Die vorstehende Satzung hat die Mitgliederversammlung am 20. November 1967 beschlossen. Sie ist sofort in Kraft getreten.<\/p>\n\n\n\n<p>Diese Satzung enth\u00e4lt die von den Mitgliederversammlungen am<\/p>\n\n\n\n<p>6. Dezember 1971<br>6. Dezember 1974<br>5. Dezember 1977<br>7. Dezember 1981<br>13. Januar 1986<br>6. Dezember 1991<br>5. Dezember 1998<br>5. Dezember 2016<\/p>\n\n\n\n<p>beschlossenen \u00c4nderungen.<\/p>\n\n\n\n<p>Geretsried, 17.07.2017<\/p>\n\n\n\n<p>Florian Sachers<br>1. Vorstand<\/p>\n","protected":false},"excerpt":{"rendered":"<p>\u00a7 1 (Name und Zweck) Zweck des Vereins ist, durch die Beschaffung von Mitteln und die Hingabe an die Pfarrei ,,Maria Hilf&#8220; die St. Nikolaus-Kapelle in Geretsried zu restaurieren und zu erhalten. Dadurch soll die Verbundenheit der modernen Industriegemeinde Geretsried mit ihrem geschichtlichen Ursprung und besonders mit dem ehrw\u00fcrdigsten Bauwerk der alten Ortschaft Geretsried zum [&hellip;]<\/p>\n","protected":false},"author":1,"featured_media":0,"parent":0,"menu_order":0,"comment_status":"closed","ping_status":"closed","template":"","meta":{"footnotes":""},"_links":{"self":[{"href":"https:\/\/stadtkirche-geretsried.de\/nk\/wp-json\/wp\/v2\/pages\/455"}],"collection":[{"href":"https:\/\/stadtkirche-geretsried.de\/nk\/wp-json\/wp\/v2\/pages"}],"about":[{"href":"https:\/\/stadtkirche-geretsried.de\/nk\/wp-json\/wp\/v2\/types\/page"}],"author":[{"embeddable":true,"href":"https:\/\/stadtkirche-geretsried.de\/nk\/wp-json\/wp\/v2\/users\/1"}],"replies":[{"embeddable":true,"href":"https:\/\/stadtkirche-geretsried.de\/nk\/wp-json\/wp\/v2\/comments?post=455"}],"version-history":[{"count":1,"href":"https:\/\/stadtkirche-geretsried.de\/nk\/wp-json\/wp\/v2\/pages\/455\/revisions"}],"predecessor-version":[{"id":456,"href":"https:\/\/stadtkirche-geretsried.de\/nk\/wp-json\/wp\/v2\/pages\/455\/revisions\/456"}],"wp:attachment":[{"href":"https:\/\/stadtkirche-geretsried.de\/nk\/wp-json\/wp\/v2\/media?parent=455"}],"curies":[{"name":"wp","href":"https:\/\/api.w.org\/{rel}","templated":true}]}}