{"id":303,"date":"2020-06-22T08:31:19","date_gmt":"2020-06-22T06:31:19","guid":{"rendered":"https:\/\/stadtkirche-geretsried.de\/nk\/?page_id=303"},"modified":"2022-06-10T16:39:38","modified_gmt":"2022-06-10T14:39:38","slug":"geschichte-des-vereins","status":"publish","type":"page","link":"https:\/\/stadtkirche-geretsried.de\/nk\/geschichte-des-vereins\/","title":{"rendered":"Geschichte des Vereins"},"content":{"rendered":"\n<p class=\"has-text-align-center\"><div id=\"metaslider-id-402\" style=\"max-width: 427px; margin: 0 auto;\" class=\"ml-slider-3-60-1 metaslider metaslider-nivo metaslider-402 ml-slider ms-theme-default\" role=\"region\" aria-roledescription=\"Slideshow\" aria-label=\"Kirchenrechnungen 1719 und 1720\">\n    <div id=\"metaslider_container_402\">\n        <div class='slider-wrapper theme-default'><div class='ribbon'><\/div><div id='metaslider_402' class='nivoSlider'><img loading=\"lazy\" decoding=\"async\" src=\"https:\/\/stadtkirche-geretsried.de\/nk\/wp-content\/uploads\/2020\/06\/Apian_total-427x320.jpg\" height=\"320\" width=\"427\" data-caption=\"Apian total\" title=\"Apian_total\" alt=\"\" class=\"slider-402 slide-422\" \/><img loading=\"lazy\" decoding=\"async\" src=\"https:\/\/stadtkirche-geretsried.de\/nk\/wp-content\/uploads\/2020\/06\/Apian1568_SNK2_AA-427x320.jpg\" height=\"320\" width=\"427\" data-caption=\"Apian 1568\" title=\"Apian1568_SNK2_AA\" alt=\"\" class=\"slider-402 slide-423\" \/><img loading=\"lazy\" decoding=\"async\" src=\"https:\/\/stadtkirche-geretsried.de\/nk\/wp-content\/uploads\/2020\/06\/Artikel1_X_SW-427x320.jpg\" height=\"320\" width=\"427\" title=\"Artikel1_X_SW\" alt=\"\" class=\"slider-402 slide-424\" \/><img loading=\"lazy\" decoding=\"async\" src=\"https:\/\/stadtkirche-geretsried.de\/nk\/wp-content\/uploads\/2020\/06\/Artikel2_III-427x320.jpg\" height=\"320\" width=\"427\" title=\"Artikel2_III\" alt=\"\" class=\"slider-402 slide-425\" \/><img loading=\"lazy\" decoding=\"async\" src=\"https:\/\/stadtkirche-geretsried.de\/nk\/wp-content\/uploads\/2020\/06\/Artikel3_SW-427x320.jpg\" height=\"320\" width=\"427\" title=\"Artikel3_SW\" alt=\"\" class=\"slider-402 slide-426\" \/><img loading=\"lazy\" decoding=\"async\" src=\"https:\/\/stadtkirche-geretsried.de\/nk\/wp-content\/uploads\/2020\/06\/Geiger-Repro3a-427x320.jpg\" height=\"320\" width=\"427\" title=\"Geiger Repro3a\" alt=\"\" class=\"slider-402 slide-427\" \/><img loading=\"lazy\" decoding=\"async\" src=\"https:\/\/stadtkirche-geretsried.de\/nk\/wp-content\/uploads\/2020\/06\/GeigerGasthofBuch_SW_Ra-427x320.jpg\" height=\"320\" width=\"427\" title=\"GeigerGasthofBuch_SW_Ra\" alt=\"\" class=\"slider-402 slide-428\" \/><img loading=\"lazy\" decoding=\"async\" src=\"https:\/\/stadtkirche-geretsried.de\/nk\/wp-content\/uploads\/2020\/06\/IGSNK_Gr\u00fcndungsmitglieder_XA-427x320.jpg\" height=\"320\" width=\"427\" data-caption=\"Gr&uuml;ndungsmitglieder\" title=\"IGSNK_Gr\u00fcndungsmitglieder_XA\" alt=\"\" class=\"slider-402 slide-429\" \/><img loading=\"lazy\" decoding=\"async\" src=\"https:\/\/stadtkirche-geretsried.de\/nk\/wp-content\/uploads\/2020\/06\/Jagdgesellschaft_neu_X-427x320.jpg\" height=\"320\" width=\"427\" data-caption=\"Jagdgesellschaft\" title=\"Jagdgesellschaft_neu_X\" alt=\"\" class=\"slider-402 slide-430\" \/><img loading=\"lazy\" decoding=\"async\" src=\"https:\/\/stadtkirche-geretsried.de\/nk\/wp-content\/uploads\/2020\/06\/SNK_1967_vonMHGbisSNK-425x319.jpg\" height=\"320\" width=\"427\" title=\"SNK_1967_vonMHGbisSNK\" alt=\"\" class=\"slider-402 slide-431\" \/><\/div><\/div>\n        \n    <\/div>\n<\/div><\/p>\n\n\n\n<p>Nach dem zweiten Weltkrieg als zahlreiche Fl\u00fcchtlinge und Heimatvertriebene aus dem Osten in der ehemaligen Munitionsfabrik in Geretsried eine neue Heimat gefunden hatten, wurden zwei Bunker zu Notkirchen umfunktioniert. Dort spielte sich das kirchliche Leben der neu gegr\u00fcndeten Pfarreien <em>&#8222;Maria Hilf&#8220;<\/em> in Geretsried und <em>&#8222;Heilige Familie&#8220; <\/em>in Gartenberg ab.<\/p>\n\n\n\n<p>Die St.Nikolaus-Kapelle war verlassen und vergessen und dem Verfall preisgegeben. Keiner f\u00fchlte sich mehr zust\u00e4ndig und schon nach wenigen Jahren war sie in einem bedenklichen Zustand.<\/p>\n\n\n\n<p>Noch schlimmer als der bauliche Verfall war die Tatsache, dass die Kapelle damals keine seelsorgerische Bedeutung mehr besa\u00df. Von zust\u00e4ndiger Stelle wurde ernsthaft erwogen, die Kapelle aufzugeben.<\/p>\n\n\n\n<p>Eine Wende im Schicksal der Kapelle trat erst ein, als auf Initiative des damaligen ersten B\u00fcrgermeisters Karl Lederer ein gemeinn\u00fctziger Verein, die <em>&#8222;Interessengemeinschaft f\u00fcr die Erhaltung der St.Nikolaus-Kapelle in Geretsried&#8220;<\/em>, gegr\u00fcndet wurde.<\/p>\n\n\n\n<p>Die Satzung gebende Versammlung fand am 20. November 1967 statt. Zum ersten Vorsitzenden wurde Dr.&nbsp;Otto Rothe gew\u00e4hlt. Der Vereinsgr\u00fcndung folgte alsbald die Eintragung in das Vereinsregister und die Anerkennung als steuerbeg\u00fcnstigte K\u00f6rperschaft, da der Verein ausschlie\u00dflich die F\u00f6rderung der Denkmalspflege betreibt.<\/p>\n\n\n\n<p>Die zahlreichen Mitglieder haben durch ihre Mitgliedsbeitr\u00e4ge, durch Spenden und unentgeltlichen Arbeitsleistungen die Bem\u00fchungen des Vereins aktiv unterst\u00fctzt. Viele Geretsrieder B\u00fcrger, Firmen, Geldinstitute und \u00f6ffentliche Einrichtungen haben durch finanzielle Zuwendungen dazu beigetragen, dass die Kapelle wieder renoviert werden konnte.<\/p>\n\n\n\n<p>Die erste Renovierungsaktion konnte 1970, im Jahr der Stadterhebung von Geretsried und zum 250-j\u00e4hrigen Weihejubil\u00e4um der Kapelle, abgeschlossen werden. Sie hatte zum Ziel, den Verfall der Kapelle zu stoppen. Damals wurden die Fundamente durch den Bau eines Entl\u00fcftungskanales trockengelegt, der Turm durch Auswechseln des morschen Eichenbalkens gegen einen Stahltr\u00e4ger vor dem Einst\u00fcrzen bewahrt und Dach und Fenster gegen eindringendes Regenwasser abgedichtet.<\/p>\n\n\n\n<p>Die Interessengemeinschaft bem\u00fchte sich, anstelle der im ersten Weltkrieg eingezogene Glocke eine neue zu beschaffen. Gro\u00dfz\u00fcgige Spenden erm\u00f6glichten es, am 27.&nbsp;September 1974 in der Glockengie\u00dferei Perner in Passau eine neue <a rel=\"noreferrer noopener\" href=\"https:\/\/stadtkirche-geretsried.de\/nk\/?page_id=100\" target=\"_blank\">Glocke<\/a> gie\u00dfen zu lassen, die am 6.&nbsp;Dezember 1974 geweiht und anschlie\u00dfend installiert wurde.<br><br>Bei der zweiten Renovierungsaktion, die 1990 abgeschlossen werden konnte, wurde die Kapelle wieder in ihren urspr\u00fcnglichen Zustand versetzt. Anhand umfangreicher Analysen durch erfahrene Restauratoren wurde versucht festzustellen, wie die Kapelle ausgesehen hatte, als sie erbaut worden war. Nach den erhaltenen Befunden wurde die Kapelle dann wiederhergestellt, mit einem Dach aus handgespaltenen L\u00e4rchenschindeln und einem Anstrich in der seinerzeit angewandten Technik, mit reinem holzgebrannten Sumpfkalk und Farbpigmenten. Auch die Innenausstattung wurde total \u00fcberarbeitet. Als einziges Zugest\u00e4ndnis an die neue Zeit wurde ein kristallener Barockleuchter mit elektrischen Kerzen installiert.<br><br>F\u00fcr diese Restaurierung mussten Mittel in H\u00f6he von 340.000.-&nbsp;DM beschafft werden. Bei der 1972 abgeschlossenen Aktion war man mit ca. 30.000.-&nbsp;DM ausgekommen.<\/p>\n\n\n\n<p>Herr Landrat, Dr. Huber, \u00fcberreichte der Interessengemeinschaft f\u00fcr die Verdienste um den Denkmalschutz eine besondere Urkunde und lobte bei der Feier anl\u00e4\u00dflich des Abschlusses der Restaurierungsarbeiten am 6. Dezember 1990 die Interessengemeinschaft mit den Worten: <em>&#8222;Sie haben das sch\u00f6nste Geb\u00e4ude von Geretsried gerettet.&#8220;<\/em><\/p>\n\n\n\n<p>Anl\u00e4sslich der Mitgliederversammlung am 6. Dezember 1997 kanditierte der langj\u00e4hrige erste Vorsitzende Herr Dr.&nbsp;Otto Rothe aus Altersgr\u00fcnden nicht mehr f\u00fcr die Wiederwahl. Zum neuen Vorsitzenden wurde Herr Dipl.&nbsp;Ing.&nbsp;Florian Sachers gew\u00e4hlt.<\/p>\n\n\n\n<div class=\"wp-block-image is-style-default\"><figure class=\"aligncenter size-full is-resized\"><img loading=\"lazy\" decoding=\"async\" src=\"https:\/\/stadtkirche-geretsried.de\/nk\/wp-content\/uploads\/2020\/05\/uebergabe.jpg\" alt=\"\" class=\"wp-image-57\" width=\"300\" height=\"240\" srcset=\"https:\/\/stadtkirche-geretsried.de\/nk\/wp-content\/uploads\/2020\/05\/uebergabe.jpg 361w, https:\/\/stadtkirche-geretsried.de\/nk\/wp-content\/uploads\/2020\/05\/uebergabe-300x240.jpg 300w\" sizes=\"(max-width: 300px) 100vw, 300px\" \/><figcaption>Der langj\u00e4hrige Vorsitzende, Dr. Otto Rothe (rechts) gratuliert\nseinem Nachfolger, Dipl.Ing. Florian Sachers<\/figcaption><\/figure><\/div>\n\n\n\n<figure class=\"wp-block-image size-large is-style-default\"><img loading=\"lazy\" decoding=\"async\" width=\"1024\" height=\"763\" src=\"https:\/\/stadtkirche-geretsried.de\/nk\/wp-content\/uploads\/2022\/04\/2021_Nikolauskapelle_Geretsried_Vorstand-1024x763.jpg\" alt=\"\" class=\"wp-image-520\" srcset=\"https:\/\/stadtkirche-geretsried.de\/nk\/wp-content\/uploads\/2022\/04\/2021_Nikolauskapelle_Geretsried_Vorstand-1024x763.jpg 1024w, https:\/\/stadtkirche-geretsried.de\/nk\/wp-content\/uploads\/2022\/04\/2021_Nikolauskapelle_Geretsried_Vorstand-300x224.jpg 300w, https:\/\/stadtkirche-geretsried.de\/nk\/wp-content\/uploads\/2022\/04\/2021_Nikolauskapelle_Geretsried_Vorstand-768x572.jpg 768w, https:\/\/stadtkirche-geretsried.de\/nk\/wp-content\/uploads\/2022\/04\/2021_Nikolauskapelle_Geretsried_Vorstand-1536x1144.jpg 1536w, https:\/\/stadtkirche-geretsried.de\/nk\/wp-content\/uploads\/2022\/04\/2021_Nikolauskapelle_Geretsried_Vorstand-2048x1526.jpg 2048w, https:\/\/stadtkirche-geretsried.de\/nk\/wp-content\/uploads\/2022\/04\/2021_Nikolauskapelle_Geretsried_Vorstand-624x465.jpg 624w\" sizes=\"(max-width: 1024px) 100vw, 1024px\" \/><figcaption>Gew\u00e4hlte Vorstandschaft im Dezember 2021: (v. li.) Schriftf\u00fchrerin Christiane Br\u00fcckner,<br>Vorsitzender Florian Sachers und stellv. Vorsitzender Josef Urso<br>Foto: Peter Herrmann<\/figcaption><\/figure>\n","protected":false},"excerpt":{"rendered":"<p>Nach dem zweiten Weltkrieg als zahlreiche Fl\u00fcchtlinge und Heimatvertriebene aus dem Osten in der ehemaligen Munitionsfabrik in Geretsried eine neue Heimat gefunden hatten, wurden zwei Bunker zu Notkirchen umfunktioniert. Dort spielte sich das kirchliche Leben der neu gegr\u00fcndeten Pfarreien &#8222;Maria Hilf&#8220; in Geretsried und &#8222;Heilige Familie&#8220; in Gartenberg ab. Die St.Nikolaus-Kapelle war verlassen und vergessen [&hellip;]<\/p>\n","protected":false},"author":1,"featured_media":0,"parent":0,"menu_order":0,"comment_status":"closed","ping_status":"closed","template":"","meta":{"footnotes":""},"_links":{"self":[{"href":"https:\/\/stadtkirche-geretsried.de\/nk\/wp-json\/wp\/v2\/pages\/303"}],"collection":[{"href":"https:\/\/stadtkirche-geretsried.de\/nk\/wp-json\/wp\/v2\/pages"}],"about":[{"href":"https:\/\/stadtkirche-geretsried.de\/nk\/wp-json\/wp\/v2\/types\/page"}],"author":[{"embeddable":true,"href":"https:\/\/stadtkirche-geretsried.de\/nk\/wp-json\/wp\/v2\/users\/1"}],"replies":[{"embeddable":true,"href":"https:\/\/stadtkirche-geretsried.de\/nk\/wp-json\/wp\/v2\/comments?post=303"}],"version-history":[{"count":5,"href":"https:\/\/stadtkirche-geretsried.de\/nk\/wp-json\/wp\/v2\/pages\/303\/revisions"}],"predecessor-version":[{"id":639,"href":"https:\/\/stadtkirche-geretsried.de\/nk\/wp-json\/wp\/v2\/pages\/303\/revisions\/639"}],"wp:attachment":[{"href":"https:\/\/stadtkirche-geretsried.de\/nk\/wp-json\/wp\/v2\/media?parent=303"}],"curies":[{"name":"wp","href":"https:\/\/api.w.org\/{rel}","templated":true}]}}