{"id":28,"date":"2020-05-11T20:30:53","date_gmt":"2020-05-11T18:30:53","guid":{"rendered":"https:\/\/stadtkirche-geretsried.de\/nk\/?page_id=28"},"modified":"2020-12-21T06:29:15","modified_gmt":"2020-12-21T05:29:15","slug":"willkommen","status":"publish","type":"page","link":"https:\/\/stadtkirche-geretsried.de\/nk\/","title":{"rendered":"Willkommen bei der"},"content":{"rendered":"\n<p class=\"has-text-align-center has-medium-font-size\"><strong>Interessengemeinschaft f\u00fcr die Erhaltung der<\/strong><br><strong>St.\u00a0Nikolaus\u2011Kapelle in Geretsried e. V.<\/strong><\/p>\n\n\n\n<p class=\"has-text-align-center\"><center><div id=\"metaslider-id-145\" style=\"max-width: 400px;\" class=\"ml-slider-3-60-1 metaslider metaslider-nivo metaslider-145 ml-slider ms-theme-default\" role=\"region\" aria-roledescription=\"Slideshow\" aria-label=\"Nikolauskapelle au\u00dfen\">\n    <div id=\"metaslider_container_145\">\n        <div class='slider-wrapper theme-default'><div class='ribbon'><\/div><div id='metaslider_145' class='nivoSlider'><img loading=\"lazy\" decoding=\"async\" src=\"https:\/\/stadtkirche-geretsried.de\/nk\/wp-content\/uploads\/2022\/06\/SNK_Daecher-1.png\" height=\"300\" width=\"400\" title=\"SNK_D\u00e4cher\" alt=\"\" class=\"slider-145 slide-146\" \/><img loading=\"lazy\" decoding=\"async\" src=\"https:\/\/stadtkirche-geretsried.de\/nk\/wp-content\/uploads\/2022\/06\/Nikolauskapelle-4-2.png\" height=\"300\" width=\"400\" title=\"Nikolauskapelle 4\" alt=\"\" class=\"slider-145 slide-147\" \/><img loading=\"lazy\" decoding=\"async\" src=\"https:\/\/stadtkirche-geretsried.de\/nk\/wp-content\/uploads\/2022\/06\/Nikolauskapelle-24_1.png\" height=\"300\" width=\"400\" title=\"Nikolauskapelle 24_1\" alt=\"\" class=\"slider-145 slide-606\" \/><img loading=\"lazy\" decoding=\"async\" src=\"https:\/\/stadtkirche-geretsried.de\/nk\/wp-content\/uploads\/2022\/06\/Mohn-nah-15_Ret3-1.png\" height=\"300\" width=\"400\" title=\"Mohn nah 1,5_Ret3\" alt=\"\" class=\"slider-145 slide-148\" \/><img loading=\"lazy\" decoding=\"async\" src=\"https:\/\/stadtkirche-geretsried.de\/nk\/wp-content\/uploads\/2022\/06\/DJI_0010.png\" height=\"300\" width=\"400\" title=\"DJI_0010\" alt=\"\" class=\"slider-145 slide-149\" \/><img loading=\"lazy\" decoding=\"async\" src=\"https:\/\/stadtkirche-geretsried.de\/nk\/wp-content\/uploads\/2022\/06\/SNK_Foto-Winter-Ost_R.png\" height=\"300\" width=\"400\" title=\"SNK_Foto Winter Ost_R\" alt=\"\" class=\"slider-145 slide-151\" \/><img loading=\"lazy\" decoding=\"async\" src=\"https:\/\/stadtkirche-geretsried.de\/nk\/wp-content\/uploads\/2022\/06\/DJI_0004a.png\" height=\"300\" width=\"400\" title=\"DJI_0004a\" alt=\"\" class=\"slider-145 slide-373\" \/><img loading=\"lazy\" decoding=\"async\" src=\"https:\/\/stadtkirche-geretsried.de\/nk\/wp-content\/uploads\/2022\/06\/DSCN7992a.png\" height=\"300\" width=\"400\" title=\"DSCN7992a\" alt=\"\" class=\"slider-145 slide-624\" \/><\/div><\/div>\n        \n    <\/div>\n<\/div><\/center><\/p>\n\n\n\n<p>Der Verein bezweckt, das \u00e4lteste, unter Denkmalschutz stehende Bauwerk der Stadt Geretsried zu restaurieren, zu erhalten und einer kirchlichen Nutzung zuzuf\u00fchren.<\/p>\n\n\n\n<p>Bitte informieren Sie sich unter den jeweiligen Schaltfl\u00e4chen am oberen Bildschirmrand \u00fcber jene Bereiche, die f\u00fcr Sie von Interesse sind. Sollten Sie weitere Fragen haben, wenden Sie sich bitte an die Vorstandschaft. <\/p>\n","protected":false},"excerpt":{"rendered":"<p>Interessengemeinschaft f\u00fcr die Erhaltung derSt.\u00a0Nikolaus\u2011Kapelle in Geretsried e. V. Der Verein bezweckt, das \u00e4lteste, unter Denkmalschutz stehende Bauwerk der Stadt Geretsried zu restaurieren, zu erhalten und einer kirchlichen Nutzung zuzuf\u00fchren. Bitte informieren Sie sich unter den jeweiligen Schaltfl\u00e4chen am oberen Bildschirmrand \u00fcber jene Bereiche, die f\u00fcr Sie von Interesse sind. Sollten Sie weitere Fragen haben, [&hellip;]<\/p>\n","protected":false},"author":1,"featured_media":0,"parent":0,"menu_order":0,"comment_status":"closed","ping_status":"closed","template":"","meta":{"footnotes":""},"_links":{"self":[{"href":"https:\/\/stadtkirche-geretsried.de\/nk\/wp-json\/wp\/v2\/pages\/28"}],"collection":[{"href":"https:\/\/stadtkirche-geretsried.de\/nk\/wp-json\/wp\/v2\/pages"}],"about":[{"href":"https:\/\/stadtkirche-geretsried.de\/nk\/wp-json\/wp\/v2\/types\/page"}],"author":[{"embeddable":true,"href":"https:\/\/stadtkirche-geretsried.de\/nk\/wp-json\/wp\/v2\/users\/1"}],"replies":[{"embeddable":true,"href":"https:\/\/stadtkirche-geretsried.de\/nk\/wp-json\/wp\/v2\/comments?post=28"}],"version-history":[{"count":5,"href":"https:\/\/stadtkirche-geretsried.de\/nk\/wp-json\/wp\/v2\/pages\/28\/revisions"}],"predecessor-version":[{"id":464,"href":"https:\/\/stadtkirche-geretsried.de\/nk\/wp-json\/wp\/v2\/pages\/28\/revisions\/464"}],"wp:attachment":[{"href":"https:\/\/stadtkirche-geretsried.de\/nk\/wp-json\/wp\/v2\/media?parent=28"}],"curies":[{"name":"wp","href":"https:\/\/api.w.org\/{rel}","templated":true}]}}