{"id":102,"date":"2020-05-12T08:12:26","date_gmt":"2020-05-12T06:12:26","guid":{"rendered":"https:\/\/stadtkirche-geretsried.de\/nk\/?page_id=102"},"modified":"2025-02-16T18:06:58","modified_gmt":"2025-02-16T17:06:58","slug":"besichtigung","status":"publish","type":"page","link":"https:\/\/stadtkirche-geretsried.de\/nk\/besichtigung\/","title":{"rendered":"Besichtigung oder Nutzung der Kapelle"},"content":{"rendered":"\n<h2 class=\"wp-block-heading\">M\u00f6glichkeit zur Besichtigung<\/h2>\n\n\n\n<p>Wenn Sie die Kapelle besichtigen m\u00f6chten, erhalten Sie die Schl\u00fcssel zum \u00d6ffnen des Gitters und der T\u00fcr im Geiger-Hof, gegen\u00fcber der Kapelle.<br>Eine Besichtigung mit F\u00fchrung ist m\u00f6glich nach Terminvereinbarung: Telefon: 08171\u201134207 oder E\u2011Mail: <a rel=\"noreferrer noopener\" href=\"mailto:otto.rothe@t-online.de\" target=\"_blank\">otto.rothe&#8220;at&#8220;t-online.de<\/a> (Dr.&nbsp;Otto&nbsp;Rothe, Brucknerweg&nbsp;29, 82538&nbsp;Geretsried) <\/p>\n\n\n\n<p>Die Besucher der Kapelle werden sehr herzlich gebeten, die folgenden &#8222;10&nbsp;Bitten&#8220; zu beachten:<\/p>\n\n\n\n<ol>\n<li>Bedenken Sie, dass Sie sich in einem geweihten Gotteshaus befinden.<\/li>\n\n\n\n<li>Richten Sie Ihr Verhalten danach.<\/li>\n\n\n\n<li>Ver\u00e4ndern Sie nichts an der bestehenden Einrichtung (Kerzenst\u00e4nder, Messpult, Altarglocken) &#8211; auch nichts mittels Rei\u00dfzwecken, kleinen N\u00e4geln etc. an den B\u00e4nken oder sonstigem Holz anbringen.<\/li>\n\n\n\n<li>Vermeiden Sie es unter allen Umst\u00e4nden, die Schalter f\u00fcr die Stromversorgung (Licht und L\u00e4utwerk) zu bet\u00e4tigen.<\/li>\n\n\n\n<li>Besprechen Sie jede in der Kapelle geplante Feier (Messe, Hochzeit, Taufe, Jubil\u00e4um) rechtzeitig mit dem zust\u00e4ndigen Pfarramt &#8222;Maria Hilf&#8220; (Joh.\u2011Seb.\u2011Bach\u2011Str. 2, Telefon 08171\u201131596).<\/li>\n\n\n\n<li>Sorgen Sie daf\u00fcr, dass sich die Kapelle nach Ihrem Besuch oder Ihrer Veranstaltung in einem ordentlichen, w\u00fcrdigen Zustand befindet.<\/li>\n\n\n\n<li>Vermerken Sie Ihren Besuch in dem ausliegenden G\u00e4stebuch. <\/li>\n\n\n\n<li><strong>Verschlie\u00dfen Sie die Kapelle ordnungsgem\u00e4\u00df und geben Sie den Schl\u00fcssel im Geiger-Hof ab.<\/strong> <\/li>\n\n\n\n<li>Informieren Sie sich \u00fcber die Geschichte der St. Nikolaus-Kapelle anhand der Brosch\u00fcre <a href=\"https:\/\/stadtkirche-geretsried.de\/nk\/?page_id=112\">&#8222;St. Nikolaus Geretsried &#8211; Das Wahrzeichen einer Stadt&#8220;<\/a>. (Die Brosch\u00fcre erhalten Sie bei Herrn&nbsp;Geiger.)<\/li>\n\n\n\n<li>Werden Sie Mitglied der &#8222;Interessengemeinschaft f\u00fcr die Erhaltung der St. Nikolaus-Kapelle in Geretsried&nbsp;e.V.&#8220; (Mitgliedsbeitrag \u20ac 5.- im Jahr, <a href=\"https:\/\/stadtkirche-geretsried.de\/nk\/?page_id=527\">Anmeldeformulare hier<\/a>). &nbsp;<\/li>\n<\/ol>\n\n\n\n<hr class=\"wp-block-separator has-css-opacity is-style-wide\"\/>\n\n\n\n<h2 class=\"wp-block-heading\">Die St.&nbsp;Nikolaus-Kapelle kann f\u00fcr folgende Feierlichkeiten genutzt werden:<\/h2>\n\n\n\n<ol>\n<li>Eucharistiefeier zum Fest des Heiligen Nikolaus (6.&nbsp;Dezember). Die Eucharistiefeier findet in der Regel am 5. oder 6.&nbsp;Dezember um 19:00 Uhr statt. Der genaue Termin wird jeweils im Pfarrbrief der Pfarrei &#8222;Maria Hilf&#8220; bekanntgegeben.<\/li>\n\n\n\n<li>Hochzeiten<\/li>\n\n\n\n<li>Taufen<\/li>\n\n\n\n<li>Sonstige Feiern<\/li>\n<\/ol>\n\n\n\n<p><a href=\"https:\/\/stadtkirche-geretsried.de\/nk\/?page_id=102\">Bitte beachte unbedingt die Regeln zur Besichtigung<\/a><\/p>\n\n\n\n<p>Hochzeiten, Taufen und sonstige Feiern bed\u00fcrfen der R\u00fccksprache mit dem Pfarrer der Pfarrei &#8222;Maria Hilf&#8220;, Tel.&nbsp;08171-31596.<\/p>\n","protected":false},"excerpt":{"rendered":"<p>M\u00f6glichkeit zur Besichtigung Wenn Sie die Kapelle besichtigen m\u00f6chten, erhalten Sie die Schl\u00fcssel zum \u00d6ffnen des Gitters und der T\u00fcr im Geiger-Hof, gegen\u00fcber der Kapelle.Eine Besichtigung mit F\u00fchrung ist m\u00f6glich nach Terminvereinbarung: Telefon: 08171\u201134207 oder E\u2011Mail: otto.rothe&#8220;at&#8220;t-online.de (Dr.&nbsp;Otto&nbsp;Rothe, Brucknerweg&nbsp;29, 82538&nbsp;Geretsried) Die Besucher der Kapelle werden sehr herzlich gebeten, die folgenden &#8222;10&nbsp;Bitten&#8220; zu beachten: Die St.&nbsp;Nikolaus-Kapelle [&hellip;]<\/p>\n","protected":false},"author":1,"featured_media":0,"parent":0,"menu_order":0,"comment_status":"closed","ping_status":"closed","template":"","meta":{"footnotes":""},"_links":{"self":[{"href":"https:\/\/stadtkirche-geretsried.de\/nk\/wp-json\/wp\/v2\/pages\/102"}],"collection":[{"href":"https:\/\/stadtkirche-geretsried.de\/nk\/wp-json\/wp\/v2\/pages"}],"about":[{"href":"https:\/\/stadtkirche-geretsried.de\/nk\/wp-json\/wp\/v2\/types\/page"}],"author":[{"embeddable":true,"href":"https:\/\/stadtkirche-geretsried.de\/nk\/wp-json\/wp\/v2\/users\/1"}],"replies":[{"embeddable":true,"href":"https:\/\/stadtkirche-geretsried.de\/nk\/wp-json\/wp\/v2\/comments?post=102"}],"version-history":[{"count":5,"href":"https:\/\/stadtkirche-geretsried.de\/nk\/wp-json\/wp\/v2\/pages\/102\/revisions"}],"predecessor-version":[{"id":1179,"href":"https:\/\/stadtkirche-geretsried.de\/nk\/wp-json\/wp\/v2\/pages\/102\/revisions\/1179"}],"wp:attachment":[{"href":"https:\/\/stadtkirche-geretsried.de\/nk\/wp-json\/wp\/v2\/media?parent=102"}],"curies":[{"name":"wp","href":"https:\/\/api.w.org\/{rel}","templated":true}]}}