{"id":45,"date":"2016-07-04T19:23:59","date_gmt":"2016-07-04T19:23:59","guid":{"rendered":"http:\/\/web934.s02.savando.de\/kontakt\/"},"modified":"2025-03-06T11:46:38","modified_gmt":"2025-03-06T10:46:38","slug":"kontakt","status":"publish","type":"page","link":"https:\/\/stadtkirche-geretsried.de\/MariaHilf\/kontakt\/","title":{"rendered":"Kontakt"},"content":{"rendered":"<p><strong>Unsere Anschrift:<\/strong><\/p>\n<p><b>R\u00f6m.-Kath. Pfarrei Maria Hilf<br \/>\n<\/b>Johann-Sebastian-Bach-Str. 2<br \/>\n82538 Geretsried<\/p>\n<p><b>Tel:<\/b> 08171-31596<br \/>\n<b>Fax: <\/b>08171-380479<br \/>\n<b>E-Mail:<\/b> <a class=\"link\" title=\"\" href=\"mailto:maria-hilf.geretsried@ebmuc.de\" target=\"_blank\" rel=\"noopener\">maria-hilf.geretsried@ebmuc.de<\/a><\/p>\n<p><u><strong>B\u00fcrozeiten:<\/strong><br \/>\n<\/u>Montag und Donnerstag:\u00a0 \u00a0 \u00a0 08:30 \u2013 11:30 Uhr<br \/>\nDienstag: \u00a0 \u00a0 \u00a0 \u00a0 \u00a0 \u00a0 \u00a0 \u00a0 \u00a0 \u00a0 \u00a0 \u00a0 \u00a0 \u00a0 \u00a0 \u00a0 \u00a014:00 \u2013 16:00 Uhr<br \/>\nIn den Schulferien ist das B\u00fcro am Nachmittag geschlossen.<\/p>\n<p><strong>F\u00fcr Notf\u00e4lle:<\/strong><br \/>\nDas Pastoralteam unserer Stadtkirche Geretsried verf\u00fcgt \u00fcber ein Handy f\u00fcr Seelsorgliche Notf\u00e4lle.<br \/>\n\u00dcber diese Nummer k\u00f6nnen Sie jemanden vom Pastoralteam auch au\u00dferhalb der B\u00fcrozeiten und am Wochenende erreichen.<br \/>\nDie Nummer lautet: <strong>0151\/ 29 111 425<\/strong>.<br \/>\n<strong><span style=\"color: #ff0000;\">Diese Nummer ist ausschlie\u00dflich f\u00fcr seelsorgliche Notf\u00e4lle gedacht<\/span><\/strong>.<br \/>\nIn allen \u00fcbrigen Angelegenheiten bitten wir sie, sich weiterhin w\u00e4hrend der B\u00fcrozeiten an den entsprechenden Mitarbeiter oder die entsprechende Mitarbeiterin zu wenden.<\/p>\n","protected":false},"excerpt":{"rendered":"<p>R\u00f6m.-Kath. Pfarrei Maria Hilf in Geretsried<\/p>\n","protected":false},"author":1,"featured_media":0,"parent":0,"menu_order":0,"comment_status":"closed","ping_status":"closed","template":"","meta":{"footnotes":""},"class_list":["post-45","page","type-page","status-publish","hentry"],"_links":{"self":[{"href":"https:\/\/stadtkirche-geretsried.de\/MariaHilf\/wp-json\/wp\/v2\/pages\/45","targetHints":{"allow":["GET"]}}],"collection":[{"href":"https:\/\/stadtkirche-geretsried.de\/MariaHilf\/wp-json\/wp\/v2\/pages"}],"about":[{"href":"https:\/\/stadtkirche-geretsried.de\/MariaHilf\/wp-json\/wp\/v2\/types\/page"}],"author":[{"embeddable":true,"href":"https:\/\/stadtkirche-geretsried.de\/MariaHilf\/wp-json\/wp\/v2\/users\/1"}],"replies":[{"embeddable":true,"href":"https:\/\/stadtkirche-geretsried.de\/MariaHilf\/wp-json\/wp\/v2\/comments?post=45"}],"version-history":[{"count":12,"href":"https:\/\/stadtkirche-geretsried.de\/MariaHilf\/wp-json\/wp\/v2\/pages\/45\/revisions"}],"predecessor-version":[{"id":8512,"href":"https:\/\/stadtkirche-geretsried.de\/MariaHilf\/wp-json\/wp\/v2\/pages\/45\/revisions\/8512"}],"wp:attachment":[{"href":"https:\/\/stadtkirche-geretsried.de\/MariaHilf\/wp-json\/wp\/v2\/media?parent=45"}],"curies":[{"name":"wp","href":"https:\/\/api.w.org\/{rel}","templated":true}]}}