{"id":30,"date":"2016-07-04T19:23:59","date_gmt":"2016-07-04T19:23:59","guid":{"rendered":"http:\/\/web934.s02.savando.de\/30-2\/"},"modified":"2021-11-24T23:27:10","modified_gmt":"2021-11-24T22:27:10","slug":"30-2","status":"publish","type":"page","link":"https:\/\/stadtkirche-geretsried.de\/MariaHilf\/","title":{"rendered":"Startseite"},"content":{"rendered":"\n<p><\/p>\n\n\n\n<p><\/p>\n\n\n\n<div class=\"wp-block-media-text alignwide is-stacked-on-mobile is-vertically-aligned-top\" style=\"grid-template-columns:15% auto\"><figure class=\"wp-block-media-text__media\"><img loading=\"lazy\" decoding=\"async\" width=\"277\" height=\"300\" src=\"https:\/\/stadtkirche-geretsried.de\/MariaHilf\/wp-content\/uploads\/2021\/02\/AndreasVogelmeier_HP-277x300.jpg\" alt=\"\" class=\"wp-image-8121 size-medium\" srcset=\"https:\/\/stadtkirche-geretsried.de\/MariaHilf\/wp-content\/uploads\/2021\/02\/AndreasVogelmeier_HP-277x300.jpg 277w, https:\/\/stadtkirche-geretsried.de\/MariaHilf\/wp-content\/uploads\/2021\/02\/AndreasVogelmeier_HP.jpg 354w\" sizes=\"auto, (max-width: 277px) 100vw, 277px\" \/><\/figure><div class=\"wp-block-media-text__content\">\n<p>Gr\u00fc\u00df Gott!<br>Herzlich Willkommen auf der Internetpr\u00e4sentation<br>der Katholischen Kirchenstiftung Maria Hilf in Geretsried.<\/p>\n\n\n\n<p>Die Pfarrei geh\u00f6rt mit der Katholischen Kirchenstiftung Hl. Familie<br>zur Stadtkirche Geretsried.<\/p>\n<\/div><\/div>\n\n\n\n<p><\/p>\n","protected":false},"excerpt":{"rendered":"<p>R\u00f6m.-Kath. Pfarrei Maria Hilf in Geretsried<\/p>\n","protected":false},"author":1,"featured_media":0,"parent":0,"menu_order":0,"comment_status":"closed","ping_status":"closed","template":"","meta":{"footnotes":""},"class_list":["post-30","page","type-page","status-publish","hentry"],"_links":{"self":[{"href":"https:\/\/stadtkirche-geretsried.de\/MariaHilf\/wp-json\/wp\/v2\/pages\/30","targetHints":{"allow":["GET"]}}],"collection":[{"href":"https:\/\/stadtkirche-geretsried.de\/MariaHilf\/wp-json\/wp\/v2\/pages"}],"about":[{"href":"https:\/\/stadtkirche-geretsried.de\/MariaHilf\/wp-json\/wp\/v2\/types\/page"}],"author":[{"embeddable":true,"href":"https:\/\/stadtkirche-geretsried.de\/MariaHilf\/wp-json\/wp\/v2\/users\/1"}],"replies":[{"embeddable":true,"href":"https:\/\/stadtkirche-geretsried.de\/MariaHilf\/wp-json\/wp\/v2\/comments?post=30"}],"version-history":[{"count":99,"href":"https:\/\/stadtkirche-geretsried.de\/MariaHilf\/wp-json\/wp\/v2\/pages\/30\/revisions"}],"predecessor-version":[{"id":8381,"href":"https:\/\/stadtkirche-geretsried.de\/MariaHilf\/wp-json\/wp\/v2\/pages\/30\/revisions\/8381"}],"wp:attachment":[{"href":"https:\/\/stadtkirche-geretsried.de\/MariaHilf\/wp-json\/wp\/v2\/media?parent=30"}],"curies":[{"name":"wp","href":"https:\/\/api.w.org\/{rel}","templated":true}]}}