{"id":53,"date":"2021-09-18T23:20:53","date_gmt":"2021-09-18T21:20:53","guid":{"rendered":"https:\/\/stadtkirche-geretsried.de\/HeiligeFamilie\/?page_id=53"},"modified":"2021-11-24T23:28:04","modified_gmt":"2021-11-24T22:28:04","slug":"53-2","status":"publish","type":"page","link":"https:\/\/stadtkirche-geretsried.de\/HeiligeFamilie\/","title":{"rendered":"Herzlich Willkommen"},"content":{"rendered":"\n<div class=\"wp-block-media-text alignwide is-stacked-on-mobile\" style=\"grid-template-columns:15% auto\"><figure class=\"wp-block-media-text__media\"><img loading=\"lazy\" decoding=\"async\" width=\"277\" height=\"300\" src=\"https:\/\/stadtkirche-geretsried.de\/HeiligeFamilie\/wp-content\/uploads\/2021\/11\/AndreasVogelmeier_HP-277x300-1.jpg\" alt=\"\" class=\"wp-image-178 size-full\"\/><\/figure><div class=\"wp-block-media-text__content\">\n<p>Gr\u00fc\u00df Gott! <br>Herzlich Willkommen auf der Internetpr\u00e4sentation <br>der Katholischen Kirchenstiftung Heilige Familie in Geretsried. <br><br>Die Pfarrei geh\u00f6rt mit der Katholischen Kirchenstiftung Maria Hilf <br>zur Stadtkirche Geretsried. <\/p>\n<\/div><\/div>\n","protected":false},"excerpt":{"rendered":"<p>Gr\u00fc\u00df Gott! Herzlich Willkommen auf der Internetpr\u00e4sentation der Katholischen Kirchenstiftung Heilige Familie in Geretsried. Die Pfarrei geh\u00f6rt mit der Katholischen<\/p>\n","protected":false},"author":1,"featured_media":0,"parent":0,"menu_order":0,"comment_status":"closed","ping_status":"closed","template":"","meta":{"footnotes":""},"class_list":["post-53","page","type-page","status-publish","hentry"],"_links":{"self":[{"href":"https:\/\/stadtkirche-geretsried.de\/HeiligeFamilie\/wp-json\/wp\/v2\/pages\/53","targetHints":{"allow":["GET"]}}],"collection":[{"href":"https:\/\/stadtkirche-geretsried.de\/HeiligeFamilie\/wp-json\/wp\/v2\/pages"}],"about":[{"href":"https:\/\/stadtkirche-geretsried.de\/HeiligeFamilie\/wp-json\/wp\/v2\/types\/page"}],"author":[{"embeddable":true,"href":"https:\/\/stadtkirche-geretsried.de\/HeiligeFamilie\/wp-json\/wp\/v2\/users\/1"}],"replies":[{"embeddable":true,"href":"https:\/\/stadtkirche-geretsried.de\/HeiligeFamilie\/wp-json\/wp\/v2\/comments?post=53"}],"version-history":[{"count":7,"href":"https:\/\/stadtkirche-geretsried.de\/HeiligeFamilie\/wp-json\/wp\/v2\/pages\/53\/revisions"}],"predecessor-version":[{"id":196,"href":"https:\/\/stadtkirche-geretsried.de\/HeiligeFamilie\/wp-json\/wp\/v2\/pages\/53\/revisions\/196"}],"wp:attachment":[{"href":"https:\/\/stadtkirche-geretsried.de\/HeiligeFamilie\/wp-json\/wp\/v2\/media?parent=53"}],"curies":[{"name":"wp","href":"https:\/\/api.w.org\/{rel}","templated":true}]}}